{"id":1255,"date":"2019-06-19T05:25:19","date_gmt":"2019-06-19T05:25:19","guid":{"rendered":"http:\/\/pentruvoi.ro\/?page_id=1255"},"modified":"2025-03-19T16:15:14","modified_gmt":"2025-03-19T14:15:14","slug":"centre-de-zi","status":"publish","type":"page","link":"https:\/\/dev.cm.upt.ro\/pentruvoi\/centre-de-zi\/","title":{"rendered":"CENTRE DE ZI PENTRU ADULTI CU   DIZABILITATI"},"content":{"rendered":"\n<p>Serviciul de tip \u201c<strong>CENTRE DE ZI PENTRU ADUL\u021aI CU DIZABILIT\u0102\u021aI<\/strong>\u201d este furnizat \u00een cadrul celor 3 centre ale funda\u021biei:<\/p>\n\n\n\n<ul class=\"wp-block-list\">\n<li>Centrul \u201c\u00cempreun\u0103\u201d, \u00eenfiin\u021bat \u00een anul 1997- capacitate 85 de beneficiari;<\/li>\n\n\n\n<li>Centrul \u201cLadislau Tacsi, \u00eenfiin\u021bat \u00een anul 2007 \u2013 capacitate 55&nbsp;de beneficiari;<\/li>\n\n\n\n<li>Centrul \u201cOrizonturi Noi\u201d, \u00eenfiin\u021bat \u00een anul 2012 \u2013 capacitate 40 de beneficiari.<\/li>\n<\/ul>\n\n\n\n<blockquote class=\"wp-block-quote is-layout-flow wp-block-quote-is-layout-flow\">\n<p><em><strong>Centrele de zi<\/strong><\/em> <strong><em>sunt subventionate partial de Consiliul Local \u2013 Primaria Municipiului Timisoara prin Direc\u021bia de Asisten\u021b\u0103 Sociala Timi\u0219oara<\/em><\/strong>.<\/p>\n<\/blockquote>\n\n\n\n<figure class=\"wp-block-image size-full\"><img loading=\"lazy\" decoding=\"async\" width=\"788\" height=\"443\" src=\"https:\/\/dev.cm.upt.ro\/pentruvoi\/wp-content\/uploads\/2017\/07\/010.jpg\" alt=\"centre de zi\" class=\"wp-image-1481\" srcset=\"https:\/\/dev.cm.upt.ro\/pentruvoi\/wp-content\/uploads\/2017\/07\/010.jpg 788w, https:\/\/dev.cm.upt.ro\/pentruvoi\/wp-content\/uploads\/2017\/07\/010-600x337.jpg 600w, https:\/\/dev.cm.upt.ro\/pentruvoi\/wp-content\/uploads\/2017\/07\/010-300x169.jpg 300w, https:\/\/dev.cm.upt.ro\/pentruvoi\/wp-content\/uploads\/2017\/07\/010-768x432.jpg 768w, https:\/\/dev.cm.upt.ro\/pentruvoi\/wp-content\/uploads\/2017\/07\/010-16x9.jpg 16w, https:\/\/dev.cm.upt.ro\/pentruvoi\/wp-content\/uploads\/2017\/07\/010-614x346.jpg 614w, https:\/\/dev.cm.upt.ro\/pentruvoi\/wp-content\/uploads\/2017\/07\/010-295x166.jpg 295w\" sizes=\"auto, (max-width: 788px) 100vw, 788px\" \/><\/figure>\n\n\n\n<p>Solicitan\u021bii trebuie s\u0103 \u00eendeplineasc\u0103 urm\u0103toarele <strong>condi\u021bii<\/strong>:<\/p>\n\n\n\n<blockquote class=\"wp-block-quote is-layout-flow wp-block-quote-is-layout-flow\">\n<p>V\u00e2rsta minim\u0103 18 ani<\/p>\n\n\n\n<p>Certificat de \u00eencadrare \u00een grad de handicap: dizabilitate de dezvoltare (retard mental, tulbur\u0103ri din spectrul autist, Sindrom Down).<\/p>\n\n\n\n<p>Domiciliul\/re\u0219edin\u021ba \u00een Timi\u0219oara<\/p>\n<\/blockquote>\n\n\n\n<p>Serviciile sunt oferite \u00een limita locurilor disponibile, av\u00e2nd \u00een vedere nevoile particulare ale fiec\u0103rui beneficiar \u015fi data depunerii cererilor.<\/p>\n\n\n\n<p><\/p>\n\n\n\n<h2 class=\"wp-block-heading\"><strong>Actele necesare pentru verificarea criteriilor de eligibilitate sunt:<\/strong>&nbsp;<\/h2>\n\n\n\n<blockquote class=\"wp-block-quote is-layout-flow wp-block-quote-is-layout-flow\">\n<p>Cererea tip a solicitantului \/ reprezentantului legal (se completeaz\u0103 pe loc, la sediul organiza\u0163iei, sau se poate desc\u0103rca de aici.<\/p>\n\n\n\n<div class=\"wp-block-buttons is-layout-flex wp-block-buttons-is-layout-flex\">\n<div class=\"wp-block-button\"><a class=\"wp-block-button__link wp-element-button\" href=\"https:\/\/dev.cm.upt.ro\/pentruvoi\/wp-content\/uploads\/2025\/03\/A1-Cerere-admitere-CZ.pdf\" target=\"_blank\" rel=\"noreferrer noopener\">Descarc\u0103 cererea<\/a><\/div>\n<\/div>\n\n\n\n<p>Certificatul de \u00eencadrare \u00een grad de handicap; <\/p>\n\n\n\n<p><strong><em>ATENTIE!<\/em><\/strong> Una dintre conditiile obligatorii este ca Planul individual de servicii si Programul individual de reabilitare \u0219i integrare social\u0103<strong> (PIRIS)<\/strong> care \u00eenso\u021besc Certificatul de \u00eencadrare \u00een grad de handicap \u0219i care sunt eliberate de c\u0103tre Comisia de Evaluare a Persoanelor Adulte cu Handicap,<strong> sa cuprinda masura: &#8220;Asisten\u021b\u0103 social\u0103 \u00een centre de zi publice\/private&#8221; la capitolul Activit\u0103\u021bi\/Servicii Sociale.<\/strong><\/p>\n\n\n\n<p>Acte de identitate (BI\/CI cu domiciliul sau resedinta \u00een Timisoara sau intr-o localitate care achizi\u0163ioneaz\u0103 servicii sociale de la Funda\u0163ia Pentru Voi), certificat de na\u015ftere, dupa caz certificat de casatorie, al beneficiarului &#8211; \u00een copie certificat\u0103 pentru conformitate cu originalul.<\/p>\n\n\n\n<p>Daca beneficiarul are masura de ocrotire stabilita prin hotarare judecatoreasca, copia certificat\u0103 pentru conformitate cu originalul a hot\u0103r\u00e2rii judec\u0103tore\u0219ti cu privire la instituirea unei m\u0103suri de ocrotire: consiliere judiciar\u0103 sau tutel\u0103 special\u0103 &#8211; dac\u0103 este cazul.<\/p>\n\n\n\n<p>Referat privind situa\u0163ia medical\u0103 prezent\u0103, \u00eentocmit de medicul de specialitate;&nbsp;<\/p>\n\n\n\n<p>Scrisoare medical\u0103 de la medicul de familie si&nbsp; Aviz epidemiologic ca poate frecventa colectivitatea;&nbsp;<\/p>\n\n\n\n<p>Bilete de externare din spital, dupa caz, sau alte documente medicale;&nbsp;<\/p>\n\n\n\n<p>Decizie asupra capacitatii de munca, pentru pensie de invaliditate, pensie de urmas, dup\u0103 caz &#8211; \u00een copie certificat\u0103 pentru conformitate cu originalul;&nbsp;&nbsp;<\/p>\n\n\n\n<p>Ultimul cupon de pensie, sau pentru alte venituri, dupa cum este cazul &#8211; in xerocopie;&nbsp;<\/p>\n\n\n\n<p>Documente doveditoare a situa\u0163iei locative &#8211; in xerocopie;&nbsp;<\/p>\n\n\n\n<p>Acte doveditoare privind eventuale forme de \u00eenv\u0103\u0163\u0103m\u00e2nt urmate \u2013 in xerocopie;&nbsp;<\/p>\n\n\n\n<p>Orice alte acte sunt solicitate de c\u0103tre Funda\u0163ia \u201cPentru Voi\u201d, in functie de situatie.&nbsp;<\/p>\n<\/blockquote>\n\n\n\n<p>Dosarul cu actele mai sus mentionate va fi adresat asistentului social, care \u00eenregistreaz\u0103 cererea de admitere.&nbsp;<\/p>\n\n\n\n<p>Posibilit\u0103\u0163ile de admitere sunt limitate de num\u0103rul de locuri disponibile pentru fiecare centru de zi.&nbsp;&nbsp;<\/p>\n\n\n\n<p>Activit\u0103\u0163ile \u00een centrele de zi pentru adul\u021bi cu dizabilit\u0103\u021bi se desf\u0103\u015foar\u0103 de<strong>&nbsp;luni<\/strong>&nbsp;p\u00e2n\u0103&nbsp;<strong>vineri<\/strong>, \u00een intervalul orar <strong>8.00 -16.00<\/strong>.<\/p>\n\n\n\n<p>Pentru fiecare beneficiar este realizat\u0103 de c\u0103tre echipa multidisciplinar\u0103 <strong>evaluarea nevoilor individuale<\/strong>, sunt stabilite obiective de urmat \u0219i se elaboreaz\u0103 un <strong>plan personalizat<\/strong> \u00een care activit\u0103\u0163ile \/ terapiile \/ serviciile sunt planificate zilnic, s\u0103pt\u0103m\u00e2nal sau lunar.<\/p>\n\n\n\n<h2 class=\"wp-block-heading\">Activitati, servicii si terapii personalizate<\/h2>\n\n\n\n<p>\u00cen func\u0163ie de planurile personalizate, adul\u021bii cu dizabilit\u0103\u0163i beneficiaz\u0103 \u00een cadrul centrelor de zi de urm\u0103toarele <strong>activit\u0103\u0163i, servicii \u015fi terapii<\/strong>:<\/p>\n\n\n\n<blockquote class=\"wp-block-quote is-layout-flow wp-block-quote-is-layout-flow\">\n<ul class=\"wp-block-list\">\n<li><strong>Informare \u0219i consiliere social\u0103<\/strong>,<\/li>\n\n\n\n<li><strong>Consiliere\/interventie psihologic\u0103<\/strong>,<\/li>\n\n\n\n<li><strong>Abilitare \u0219i reabilitare<\/strong> (kinetoterapie, fizioterapie, art-terapie, terapie prin muzic\u0103 \u0219i dans, stimulare psiho-senzorio-motorie, terapie ocupa\u021bional\u0103, activit\u0103\u021bi de tip voca\u021bional\/ocupa\u021bional),<\/li>\n\n\n\n<li><strong>Dezvoltarea deprinderilor de via\u021b\u0103 independent\u0103<\/strong> (cognitive, abilit\u0103\u021bi de comunicare, deprinderi de autonomie personal\u0103, \u00eengrijirea \u0219i men\u021binerea s\u0103n\u0103t\u0103\u021bii, deprinderi de autogospod\u0103rire, abilit\u0103\u021bi sociale),<\/li>\n\n\n\n<li><strong>Dezvoltarea abilit\u0103\u021bilor lucrative, preg\u0103tirea pentru munc\u0103, angajarea \u00een munc\u0103 \u0219i sprijin pentru men\u021binerea locului de munc\u0103<\/strong>,<\/li>\n\n\n\n<li><strong>Integrare \u0219i participare social\u0103 \u0219i civic\u0103<\/strong> (cunoa\u0219terea mediului social, activit\u0103\u021bi sportive, culturale, artistice desf\u0103\u0219urate \u00een comunitate, ac\u021biuni de recreere \u0219i petrecere a timpului liber, vizite, excursii, tabere, participare la conferin\u0163e \u015fi seminarii, sprijin pentru accesarea diferitelor servicii din comunitate)<\/li>\n\n\n\n<li><strong>Alimenta\u021bie<\/strong> (zilnic mic dejun \u015fi pr\u00e2nz), <strong>\u00eengrijire<\/strong> \u0219i <strong>asisten\u021b\u0103<\/strong> (inclusiv transport cu ajutorul mijloacelor de transport puse la dispozi\u0163ie de funda\u0163ie, cu suport din partea pedagogilor),<\/li>\n\n\n\n<li><strong>Asisten\u021b\u0103 pentru s\u0103n\u0103tate<\/strong> (asisten\u0163\u0103 acordat\u0103 de medic specialist \u00een fizioterapie, kinetoterapeut, nutri\u021bionist),<\/li>\n\n\n\n<li><strong>Asisten\u021b\u0103 \u0219i suport pentru luarea unor decizii<\/strong>,<\/li>\n\n\n\n<li><strong>Acte de caritate: ajutor material \u015fi financiar<\/strong>pentru beneficiarii centrului care au o situa\u021bie material\u0103 precar\u0103.<\/li>\n<\/ul>\n<\/blockquote>\n\n\n\n<p>\u00cen centrele de zi pentru adul\u021bi cu dizabilit\u0103\u021bi, <strong>activit\u0103\u0163ile zilnice<\/strong>, se desf\u0103\u015foar\u0103 \u00een grupe, fiecare cu&nbsp;<strong>2 pedagogi care supravegheaz\u0103 \u015fi conduc activit\u0103\u0163ile \u015fi asigur\u0103 implementarea planurilor personalizate<\/strong>. Pentru beneficiarii angaja\u0163i \u00een munc\u0103, un alt specialist acord\u0103 sprijin la locul de munc\u0103 sau \u00een centrul de zi.<\/p>\n\n\n\n<p>\u00cen scopul prevenirii cazurilor de abuz asupra beneficiarilor c\u00e2t \u015fi pentru \u00eembun\u0103t\u0103\u0163irea modului de lucru cu beneficiarii, prin observarea comportamentului acestora, \u00een cadrul centrelor de zi este utilizat un sistem de supraveghere video, \u00een spa\u0163iile comune \u015fi pe holuri.<\/p>\n\n\n\n<p>V\u0103 invit\u0103m s\u0103 parcurge\u021bi \u0219i <a href=\"https:\/\/dev.cm.upt.ro\/pentruvoi\/locuinte-protejate\/\">LOCUINTE PROTEJATE &#8211; Fundatia Pentru Voi<\/a><\/p>\n","protected":false},"excerpt":{"rendered":"<p>Serviciul de tip \u201cCENTRE DE ZI PENTRU ADUL\u021aI CU DIZABILIT\u0102\u021aI\u201d este furnizat \u00een cadrul celor 3 centre ale funda\u021biei: Centrele de zi sunt subventionate partial de Consiliul Local \u2013 Primaria Municipiului Timisoara prin Direc\u021bia de Asisten\u021b\u0103 Sociala Timi\u0219oara. Solicitan\u021bii trebuie s\u0103 \u00eendeplineasc\u0103 urm\u0103toarele condi\u021bii: V\u00e2rsta minim\u0103 18 ani Certificat de \u00eencadrare \u00een grad de handicap: [&hellip;]<\/p>\n","protected":false},"author":1,"featured_media":0,"parent":0,"menu_order":0,"comment_status":"closed","ping_status":"closed","template":"","meta":{"_acf_changed":false,"ngg_post_thumbnail":0,"footnotes":""},"class_list":["post-1255","page","type-page","status-publish","hentry","entry"],"acf":[],"yoast_head":"<!-- This site is optimized with the Yoast SEO plugin v26.7 - https:\/\/yoast.com\/wordpress\/plugins\/seo\/ -->\n<title>CENTRE DE ZI PENTRU ADULTI CU  DIZABILITATI - Fundatia Pentru Voi<\/title>\n<meta name=\"description\" content=\"Activit\u0103\u0163ile zilnice \u00een centre de zi pentru adul\u021bi cu dizabilit\u0103\u021bi, se desf\u0103\u015foar\u0103 \u00een grupe cu 2 pedagogi care conduc activit\u0103\u0163ile.\" \/>\n<meta name=\"robots\" content=\"index, follow, max-snippet:-1, max-image-preview:large, max-video-preview:-1\" \/>\n<link rel=\"canonical\" href=\"https:\/\/dev.cm.upt.ro\/pentruvoi\/centre-de-zi\/\" \/>\n<meta property=\"og:locale\" content=\"en_US\" \/>\n<meta property=\"og:type\" content=\"article\" \/>\n<meta property=\"og:title\" content=\"CENTRE DE ZI PENTRU ADULTI CU  DIZABILITATI - Fundatia Pentru Voi\" \/>\n<meta property=\"og:description\" content=\"Activit\u0103\u0163ile zilnice \u00een centre de zi pentru adul\u021bi cu dizabilit\u0103\u021bi, se desf\u0103\u015foar\u0103 \u00een grupe cu 2 pedagogi care conduc activit\u0103\u0163ile.\" \/>\n<meta property=\"og:url\" content=\"https:\/\/dev.cm.upt.ro\/pentruvoi\/centre-de-zi\/\" \/>\n<meta property=\"og:site_name\" content=\"Fundatia Pentru Voi\" \/>\n<meta property=\"article:publisher\" content=\"https:\/\/www.facebook.com\/FoundationPentruVoi\" \/>\n<meta property=\"article:modified_time\" content=\"2025-03-19T14:15:14+00:00\" \/>\n<meta property=\"og:image\" content=\"https:\/\/dev.cm.upt.ro\/pentruvoi\/wp-content\/uploads\/2017\/07\/010.jpg\" \/>\n\t<meta property=\"og:image:width\" content=\"788\" \/>\n\t<meta property=\"og:image:height\" content=\"443\" \/>\n\t<meta property=\"og:image:type\" content=\"image\/jpeg\" \/>\n<meta name=\"twitter:card\" content=\"summary_large_image\" \/>\n<meta name=\"twitter:site\" content=\"@PentruVoi\" \/>\n<meta name=\"twitter:label1\" content=\"Est. reading time\" \/>\n\t<meta name=\"twitter:data1\" content=\"3 minutes\" \/>\n<script type=\"application\/ld+json\" class=\"yoast-schema-graph\">{\"@context\":\"https:\/\/schema.org\",\"@graph\":[{\"@type\":\"WebPage\",\"@id\":\"https:\/\/dev.cm.upt.ro\/pentruvoi\/centre-de-zi\/\",\"url\":\"https:\/\/dev.cm.upt.ro\/pentruvoi\/centre-de-zi\/\",\"name\":\"CENTRE DE ZI PENTRU ADULTI CU DIZABILITATI - Fundatia Pentru Voi\",\"isPartOf\":{\"@id\":\"https:\/\/dev.cm.upt.ro\/pentruvoi\/#website\"},\"primaryImageOfPage\":{\"@id\":\"https:\/\/dev.cm.upt.ro\/pentruvoi\/centre-de-zi\/#primaryimage\"},\"image\":{\"@id\":\"https:\/\/dev.cm.upt.ro\/pentruvoi\/centre-de-zi\/#primaryimage\"},\"thumbnailUrl\":\"https:\/\/dev.cm.upt.ro\/pentruvoi\/wp-content\/uploads\/2017\/07\/010.jpg\",\"datePublished\":\"2019-06-19T05:25:19+00:00\",\"dateModified\":\"2025-03-19T14:15:14+00:00\",\"description\":\"Activit\u0103\u0163ile zilnice \u00een centre de zi pentru adul\u021bi cu dizabilit\u0103\u021bi, se desf\u0103\u015foar\u0103 \u00een grupe cu 2 pedagogi care conduc activit\u0103\u0163ile.\",\"breadcrumb\":{\"@id\":\"https:\/\/dev.cm.upt.ro\/pentruvoi\/centre-de-zi\/#breadcrumb\"},\"inLanguage\":\"en-US\",\"potentialAction\":[{\"@type\":\"ReadAction\",\"target\":[\"https:\/\/dev.cm.upt.ro\/pentruvoi\/centre-de-zi\/\"]}]},{\"@type\":\"ImageObject\",\"inLanguage\":\"en-US\",\"@id\":\"https:\/\/dev.cm.upt.ro\/pentruvoi\/centre-de-zi\/#primaryimage\",\"url\":\"https:\/\/dev.cm.upt.ro\/pentruvoi\/wp-content\/uploads\/2017\/07\/010.jpg\",\"contentUrl\":\"https:\/\/dev.cm.upt.ro\/pentruvoi\/wp-content\/uploads\/2017\/07\/010.jpg\",\"width\":788,\"height\":443,\"caption\":\"centre de zi\"},{\"@type\":\"BreadcrumbList\",\"@id\":\"https:\/\/dev.cm.upt.ro\/pentruvoi\/centre-de-zi\/#breadcrumb\",\"itemListElement\":[{\"@type\":\"ListItem\",\"position\":1,\"name\":\"Prima pagin\u0103\",\"item\":\"https:\/\/dev.cm.upt.ro\/pentruvoi\/\"},{\"@type\":\"ListItem\",\"position\":2,\"name\":\"CENTRE DE ZI PENTRU ADULTI CU DIZABILITATI\"}]},{\"@type\":\"WebSite\",\"@id\":\"https:\/\/dev.cm.upt.ro\/pentruvoi\/#website\",\"url\":\"https:\/\/dev.cm.upt.ro\/pentruvoi\/\",\"name\":\"Fundatia Pentru Voi\",\"description\":\"\",\"publisher\":{\"@id\":\"https:\/\/dev.cm.upt.ro\/pentruvoi\/#organization\"},\"potentialAction\":[{\"@type\":\"SearchAction\",\"target\":{\"@type\":\"EntryPoint\",\"urlTemplate\":\"https:\/\/dev.cm.upt.ro\/pentruvoi\/?s={search_term_string}\"},\"query-input\":{\"@type\":\"PropertyValueSpecification\",\"valueRequired\":true,\"valueName\":\"search_term_string\"}}],\"inLanguage\":\"en-US\"},{\"@type\":\"Organization\",\"@id\":\"https:\/\/dev.cm.upt.ro\/pentruvoi\/#organization\",\"name\":\"Fundatia Pentru Voi\",\"url\":\"https:\/\/dev.cm.upt.ro\/pentruvoi\/\",\"logo\":{\"@type\":\"ImageObject\",\"inLanguage\":\"en-US\",\"@id\":\"https:\/\/dev.cm.upt.ro\/pentruvoi\/#\/schema\/logo\/image\/\",\"url\":\"https:\/\/dev.cm.upt.ro\/pentruvoi\/wp-content\/uploads\/2020\/01\/logo_pentruvoi.png\",\"contentUrl\":\"https:\/\/dev.cm.upt.ro\/pentruvoi\/wp-content\/uploads\/2020\/01\/logo_pentruvoi.png\",\"width\":157,\"height\":80,\"caption\":\"Fundatia Pentru Voi\"},\"image\":{\"@id\":\"https:\/\/dev.cm.upt.ro\/pentruvoi\/#\/schema\/logo\/image\/\"},\"sameAs\":[\"https:\/\/www.facebook.com\/FoundationPentruVoi\",\"https:\/\/x.com\/PentruVoi\"]}]}<\/script>\n<!-- \/ Yoast SEO plugin. -->","yoast_head_json":{"title":"CENTRE DE ZI PENTRU ADULTI CU  DIZABILITATI - Fundatia Pentru Voi","description":"Activit\u0103\u0163ile zilnice \u00een centre de zi pentru adul\u021bi cu dizabilit\u0103\u021bi, se desf\u0103\u015foar\u0103 \u00een grupe cu 2 pedagogi care conduc activit\u0103\u0163ile.","robots":{"index":"index","follow":"follow","max-snippet":"max-snippet:-1","max-image-preview":"max-image-preview:large","max-video-preview":"max-video-preview:-1"},"canonical":"https:\/\/dev.cm.upt.ro\/pentruvoi\/centre-de-zi\/","og_locale":"en_US","og_type":"article","og_title":"CENTRE DE ZI PENTRU ADULTI CU  DIZABILITATI - Fundatia Pentru Voi","og_description":"Activit\u0103\u0163ile zilnice \u00een centre de zi pentru adul\u021bi cu dizabilit\u0103\u021bi, se desf\u0103\u015foar\u0103 \u00een grupe cu 2 pedagogi care conduc activit\u0103\u0163ile.","og_url":"https:\/\/dev.cm.upt.ro\/pentruvoi\/centre-de-zi\/","og_site_name":"Fundatia Pentru Voi","article_publisher":"https:\/\/www.facebook.com\/FoundationPentruVoi","article_modified_time":"2025-03-19T14:15:14+00:00","og_image":[{"width":788,"height":443,"url":"https:\/\/dev.cm.upt.ro\/pentruvoi\/wp-content\/uploads\/2017\/07\/010.jpg","type":"image\/jpeg"}],"twitter_card":"summary_large_image","twitter_site":"@PentruVoi","twitter_misc":{"Est. reading time":"3 minutes"},"schema":{"@context":"https:\/\/schema.org","@graph":[{"@type":"WebPage","@id":"https:\/\/dev.cm.upt.ro\/pentruvoi\/centre-de-zi\/","url":"https:\/\/dev.cm.upt.ro\/pentruvoi\/centre-de-zi\/","name":"CENTRE DE ZI PENTRU ADULTI CU DIZABILITATI - Fundatia Pentru Voi","isPartOf":{"@id":"https:\/\/dev.cm.upt.ro\/pentruvoi\/#website"},"primaryImageOfPage":{"@id":"https:\/\/dev.cm.upt.ro\/pentruvoi\/centre-de-zi\/#primaryimage"},"image":{"@id":"https:\/\/dev.cm.upt.ro\/pentruvoi\/centre-de-zi\/#primaryimage"},"thumbnailUrl":"https:\/\/dev.cm.upt.ro\/pentruvoi\/wp-content\/uploads\/2017\/07\/010.jpg","datePublished":"2019-06-19T05:25:19+00:00","dateModified":"2025-03-19T14:15:14+00:00","description":"Activit\u0103\u0163ile zilnice \u00een centre de zi pentru adul\u021bi cu dizabilit\u0103\u021bi, se desf\u0103\u015foar\u0103 \u00een grupe cu 2 pedagogi care conduc activit\u0103\u0163ile.","breadcrumb":{"@id":"https:\/\/dev.cm.upt.ro\/pentruvoi\/centre-de-zi\/#breadcrumb"},"inLanguage":"en-US","potentialAction":[{"@type":"ReadAction","target":["https:\/\/dev.cm.upt.ro\/pentruvoi\/centre-de-zi\/"]}]},{"@type":"ImageObject","inLanguage":"en-US","@id":"https:\/\/dev.cm.upt.ro\/pentruvoi\/centre-de-zi\/#primaryimage","url":"https:\/\/dev.cm.upt.ro\/pentruvoi\/wp-content\/uploads\/2017\/07\/010.jpg","contentUrl":"https:\/\/dev.cm.upt.ro\/pentruvoi\/wp-content\/uploads\/2017\/07\/010.jpg","width":788,"height":443,"caption":"centre de zi"},{"@type":"BreadcrumbList","@id":"https:\/\/dev.cm.upt.ro\/pentruvoi\/centre-de-zi\/#breadcrumb","itemListElement":[{"@type":"ListItem","position":1,"name":"Prima pagin\u0103","item":"https:\/\/dev.cm.upt.ro\/pentruvoi\/"},{"@type":"ListItem","position":2,"name":"CENTRE DE ZI PENTRU ADULTI CU DIZABILITATI"}]},{"@type":"WebSite","@id":"https:\/\/dev.cm.upt.ro\/pentruvoi\/#website","url":"https:\/\/dev.cm.upt.ro\/pentruvoi\/","name":"Fundatia Pentru Voi","description":"","publisher":{"@id":"https:\/\/dev.cm.upt.ro\/pentruvoi\/#organization"},"potentialAction":[{"@type":"SearchAction","target":{"@type":"EntryPoint","urlTemplate":"https:\/\/dev.cm.upt.ro\/pentruvoi\/?s={search_term_string}"},"query-input":{"@type":"PropertyValueSpecification","valueRequired":true,"valueName":"search_term_string"}}],"inLanguage":"en-US"},{"@type":"Organization","@id":"https:\/\/dev.cm.upt.ro\/pentruvoi\/#organization","name":"Fundatia Pentru Voi","url":"https:\/\/dev.cm.upt.ro\/pentruvoi\/","logo":{"@type":"ImageObject","inLanguage":"en-US","@id":"https:\/\/dev.cm.upt.ro\/pentruvoi\/#\/schema\/logo\/image\/","url":"https:\/\/dev.cm.upt.ro\/pentruvoi\/wp-content\/uploads\/2020\/01\/logo_pentruvoi.png","contentUrl":"https:\/\/dev.cm.upt.ro\/pentruvoi\/wp-content\/uploads\/2020\/01\/logo_pentruvoi.png","width":157,"height":80,"caption":"Fundatia Pentru Voi"},"image":{"@id":"https:\/\/dev.cm.upt.ro\/pentruvoi\/#\/schema\/logo\/image\/"},"sameAs":["https:\/\/www.facebook.com\/FoundationPentruVoi","https:\/\/x.com\/PentruVoi"]}]}},"_links":{"self":[{"href":"https:\/\/dev.cm.upt.ro\/pentruvoi\/wp-json\/wp\/v2\/pages\/1255","targetHints":{"allow":["GET"]}}],"collection":[{"href":"https:\/\/dev.cm.upt.ro\/pentruvoi\/wp-json\/wp\/v2\/pages"}],"about":[{"href":"https:\/\/dev.cm.upt.ro\/pentruvoi\/wp-json\/wp\/v2\/types\/page"}],"author":[{"embeddable":true,"href":"https:\/\/dev.cm.upt.ro\/pentruvoi\/wp-json\/wp\/v2\/users\/1"}],"replies":[{"embeddable":true,"href":"https:\/\/dev.cm.upt.ro\/pentruvoi\/wp-json\/wp\/v2\/comments?post=1255"}],"version-history":[{"count":16,"href":"https:\/\/dev.cm.upt.ro\/pentruvoi\/wp-json\/wp\/v2\/pages\/1255\/revisions"}],"predecessor-version":[{"id":5126,"href":"https:\/\/dev.cm.upt.ro\/pentruvoi\/wp-json\/wp\/v2\/pages\/1255\/revisions\/5126"}],"wp:attachment":[{"href":"https:\/\/dev.cm.upt.ro\/pentruvoi\/wp-json\/wp\/v2\/media?parent=1255"}],"curies":[{"name":"wp","href":"https:\/\/api.w.org\/{rel}","templated":true}]}}