{"id":1256,"date":"2019-06-19T05:25:19","date_gmt":"2019-06-19T05:25:19","guid":{"rendered":"http:\/\/pentruvoi.ro\/?page_id=1256"},"modified":"2025-01-20T20:17:18","modified_gmt":"2025-01-20T18:17:18","slug":"locuinte-protejate","status":"publish","type":"page","link":"https:\/\/dev.cm.upt.ro\/pentruvoi\/locuinte-protejate\/","title":{"rendered":"LOCUINTE PROTEJATE"},"content":{"rendered":"<p>[vc_row][vc_column][vc_column_text]<\/p>\n<div>&nbsp;<\/div>\n<div style=\"text-align: center;\">\n<p><strong>Locuintele<\/strong><strong> Minim Protejate <\/strong><strong>pentru persoane adulte cu dizabilit\u0103\u021bi <\/strong><strong>(LmP) <\/strong><strong>Laura, Dora si Dinu<\/strong>\u2013asigura beneficiarilor conditii pentru viata minim asistata, cu sprijin si asistenta planificata, in vederea consolidarii deprinderilor necesare pentru viata independenta; ofera \u00eengrijire si asistenta, preparare \u015fi servire hran\u0103, evaluare \u015fi elaborare plan personal de viitor, implicare si participare sociala si civica, participarea la activit\u0103\u0163ile desf\u0103\u015furate \u00een comunitate: activit\u0103\u0163i culturale, activit\u0103\u0163i sportive,etc.<\/p>\n<p><strong>Locuintele <\/strong><strong>Maxim Protejate <\/strong><strong>pentru persoane adulte cu dizabilit\u0103\u021bi <\/strong><strong>(LMP) <\/strong><strong>Cristian, Dina si Ovidiu<\/strong>&nbsp;\u2013ofer\u0103 servicii 24 din 24 ore, in vederea dezvoltarii deprinderilor de viata independenta, \u00eengrijire si asistenta, preparare \u015fi servire hran\u0103, evaluare \u015fi elaborare plan personal de viitor, <strong>supraveghere permanent\u0103<\/strong>, implicare si participare sociala si civica, participarea la activit\u0103\u0163ile desf\u0103\u015furate \u00een comunitate: activit\u0103\u0163i culturale, activit\u0103\u0163i sportive,etc.<\/p>\n<p><strong>Locuintele protejate sunt servicii complementare centrelor de zi iar majoritatea beneficiarilor din serviciului locuinte minim protejate au locuri de munca.<\/strong><\/p>\n<h3><span style=\"font-size: 16px;\"><strong>Locuinta Dina gazduieste 6 beneficiari si a fost infiintata in anul 1999.<\/strong><\/span><\/h3>\n<h3><span style=\"font-size: 16px;\"><strong>Locuinta Laura gazduieste 3 beneficiari si a fost infiintata in anul 2003.<\/strong><\/span><\/h3>\n<h3><span style=\"font-size: 16px;\"><strong>Locuinta Dora gazduieste 4 beneficiari si a fost infiintata in anul 2006.<\/strong><\/span><\/h3>\n<h3><span style=\"font-size: 16px;\"><strong>Locuinta Cristian gazduieste 6 beneficari si a fost infiintata in anul 2010.<\/strong><\/span><\/h3>\n<h3><span style=\"font-size: 16px;\"><strong>Locuinta Ovidiu gazduieste 3 beneficiari si a fost infiintata in anul 2011.<\/strong><\/span><\/h3>\n<h3><span style=\"font-size: 16px;\"><strong>Locuinta Dinu gazduieste 4&nbsp;beneficiari si a fost infiintata in anul 2018.<\/strong><\/span><\/h3>\n<h3><em><strong>Locuintele protejate sunt subventionate partial de Consiliul Local \u2013 Primaria Municipiului Timisoara prin Direc\u021bia de Asisten\u021b\u0103 Sociala Timi\u0219oara<\/strong><\/em><\/h3>\n<\/div>\n<p>[\/vc_column_text][\/vc_column][\/vc_row]<\/p>\n","protected":false},"excerpt":{"rendered":"<p>[vc_row][vc_column][vc_column_text] &nbsp; Locuintele Minim Protejate pentru persoane adulte cu dizabilit\u0103\u021bi (LmP) Laura, Dora si Dinu\u2013asigura beneficiarilor conditii pentru viata minim asistata, cu sprijin si asistenta planificata, in vederea consolidarii deprinderilor necesare pentru viata independenta; ofera \u00eengrijire si asistenta, preparare \u015fi servire hran\u0103, evaluare \u015fi elaborare plan personal de viitor, implicare si participare sociala si civica, [&hellip;]<\/p>\n","protected":false},"author":1,"featured_media":0,"parent":0,"menu_order":0,"comment_status":"closed","ping_status":"closed","template":"","meta":{"_acf_changed":false,"ngg_post_thumbnail":0,"footnotes":""},"class_list":["post-1256","page","type-page","status-publish","hentry","entry"],"acf":[],"yoast_head":"<!-- This site is optimized with the Yoast SEO plugin v26.7 - https:\/\/yoast.com\/wordpress\/plugins\/seo\/ -->\n<title>LOCUINTE PROTEJATE - Fundatia Pentru Voi<\/title>\n<meta name=\"robots\" content=\"index, follow, max-snippet:-1, max-image-preview:large, max-video-preview:-1\" \/>\n<link rel=\"canonical\" href=\"https:\/\/dev.cm.upt.ro\/pentruvoi\/locuinte-protejate\/\" \/>\n<meta property=\"og:locale\" content=\"en_US\" \/>\n<meta property=\"og:type\" content=\"article\" \/>\n<meta property=\"og:title\" content=\"LOCUINTE PROTEJATE - Fundatia Pentru Voi\" \/>\n<meta property=\"og:description\" content=\"[vc_row][vc_column][vc_column_text] &nbsp; Locuintele Minim Protejate pentru persoane adulte cu dizabilit\u0103\u021bi (LmP) Laura, Dora si Dinu\u2013asigura beneficiarilor conditii pentru viata minim asistata, cu sprijin si asistenta planificata, in vederea consolidarii deprinderilor necesare pentru viata independenta; ofera \u00eengrijire si asistenta, preparare \u015fi servire hran\u0103, evaluare \u015fi elaborare plan personal de viitor, implicare si participare sociala si civica, [&hellip;]\" \/>\n<meta property=\"og:url\" content=\"https:\/\/dev.cm.upt.ro\/pentruvoi\/locuinte-protejate\/\" \/>\n<meta property=\"og:site_name\" content=\"Fundatia Pentru Voi\" \/>\n<meta property=\"article:publisher\" content=\"https:\/\/www.facebook.com\/FoundationPentruVoi\" \/>\n<meta property=\"article:modified_time\" content=\"2025-01-20T18:17:18+00:00\" \/>\n<meta name=\"twitter:card\" content=\"summary_large_image\" \/>\n<meta name=\"twitter:site\" content=\"@PentruVoi\" \/>\n<meta name=\"twitter:label1\" content=\"Est. reading time\" \/>\n\t<meta name=\"twitter:data1\" content=\"2 minutes\" \/>\n<script type=\"application\/ld+json\" class=\"yoast-schema-graph\">{\"@context\":\"https:\/\/schema.org\",\"@graph\":[{\"@type\":\"WebPage\",\"@id\":\"https:\/\/dev.cm.upt.ro\/pentruvoi\/locuinte-protejate\/\",\"url\":\"https:\/\/dev.cm.upt.ro\/pentruvoi\/locuinte-protejate\/\",\"name\":\"LOCUINTE PROTEJATE - Fundatia Pentru Voi\",\"isPartOf\":{\"@id\":\"https:\/\/dev.cm.upt.ro\/pentruvoi\/#website\"},\"datePublished\":\"2019-06-19T05:25:19+00:00\",\"dateModified\":\"2025-01-20T18:17:18+00:00\",\"breadcrumb\":{\"@id\":\"https:\/\/dev.cm.upt.ro\/pentruvoi\/locuinte-protejate\/#breadcrumb\"},\"inLanguage\":\"en-US\",\"potentialAction\":[{\"@type\":\"ReadAction\",\"target\":[\"https:\/\/dev.cm.upt.ro\/pentruvoi\/locuinte-protejate\/\"]}]},{\"@type\":\"BreadcrumbList\",\"@id\":\"https:\/\/dev.cm.upt.ro\/pentruvoi\/locuinte-protejate\/#breadcrumb\",\"itemListElement\":[{\"@type\":\"ListItem\",\"position\":1,\"name\":\"Prima pagin\u0103\",\"item\":\"https:\/\/dev.cm.upt.ro\/pentruvoi\/\"},{\"@type\":\"ListItem\",\"position\":2,\"name\":\"LOCUINTE PROTEJATE\"}]},{\"@type\":\"WebSite\",\"@id\":\"https:\/\/dev.cm.upt.ro\/pentruvoi\/#website\",\"url\":\"https:\/\/dev.cm.upt.ro\/pentruvoi\/\",\"name\":\"Fundatia Pentru Voi\",\"description\":\"\",\"publisher\":{\"@id\":\"https:\/\/dev.cm.upt.ro\/pentruvoi\/#organization\"},\"potentialAction\":[{\"@type\":\"SearchAction\",\"target\":{\"@type\":\"EntryPoint\",\"urlTemplate\":\"https:\/\/dev.cm.upt.ro\/pentruvoi\/?s={search_term_string}\"},\"query-input\":{\"@type\":\"PropertyValueSpecification\",\"valueRequired\":true,\"valueName\":\"search_term_string\"}}],\"inLanguage\":\"en-US\"},{\"@type\":\"Organization\",\"@id\":\"https:\/\/dev.cm.upt.ro\/pentruvoi\/#organization\",\"name\":\"Fundatia Pentru Voi\",\"url\":\"https:\/\/dev.cm.upt.ro\/pentruvoi\/\",\"logo\":{\"@type\":\"ImageObject\",\"inLanguage\":\"en-US\",\"@id\":\"https:\/\/dev.cm.upt.ro\/pentruvoi\/#\/schema\/logo\/image\/\",\"url\":\"https:\/\/dev.cm.upt.ro\/pentruvoi\/wp-content\/uploads\/2020\/01\/logo_pentruvoi.png\",\"contentUrl\":\"https:\/\/dev.cm.upt.ro\/pentruvoi\/wp-content\/uploads\/2020\/01\/logo_pentruvoi.png\",\"width\":157,\"height\":80,\"caption\":\"Fundatia Pentru Voi\"},\"image\":{\"@id\":\"https:\/\/dev.cm.upt.ro\/pentruvoi\/#\/schema\/logo\/image\/\"},\"sameAs\":[\"https:\/\/www.facebook.com\/FoundationPentruVoi\",\"https:\/\/x.com\/PentruVoi\"]}]}<\/script>\n<!-- \/ Yoast SEO plugin. -->","yoast_head_json":{"title":"LOCUINTE PROTEJATE - Fundatia Pentru Voi","robots":{"index":"index","follow":"follow","max-snippet":"max-snippet:-1","max-image-preview":"max-image-preview:large","max-video-preview":"max-video-preview:-1"},"canonical":"https:\/\/dev.cm.upt.ro\/pentruvoi\/locuinte-protejate\/","og_locale":"en_US","og_type":"article","og_title":"LOCUINTE PROTEJATE - Fundatia Pentru Voi","og_description":"[vc_row][vc_column][vc_column_text] &nbsp; Locuintele Minim Protejate pentru persoane adulte cu dizabilit\u0103\u021bi (LmP) Laura, Dora si Dinu\u2013asigura beneficiarilor conditii pentru viata minim asistata, cu sprijin si asistenta planificata, in vederea consolidarii deprinderilor necesare pentru viata independenta; ofera \u00eengrijire si asistenta, preparare \u015fi servire hran\u0103, evaluare \u015fi elaborare plan personal de viitor, implicare si participare sociala si civica, [&hellip;]","og_url":"https:\/\/dev.cm.upt.ro\/pentruvoi\/locuinte-protejate\/","og_site_name":"Fundatia Pentru Voi","article_publisher":"https:\/\/www.facebook.com\/FoundationPentruVoi","article_modified_time":"2025-01-20T18:17:18+00:00","twitter_card":"summary_large_image","twitter_site":"@PentruVoi","twitter_misc":{"Est. reading time":"2 minutes"},"schema":{"@context":"https:\/\/schema.org","@graph":[{"@type":"WebPage","@id":"https:\/\/dev.cm.upt.ro\/pentruvoi\/locuinte-protejate\/","url":"https:\/\/dev.cm.upt.ro\/pentruvoi\/locuinte-protejate\/","name":"LOCUINTE PROTEJATE - Fundatia Pentru Voi","isPartOf":{"@id":"https:\/\/dev.cm.upt.ro\/pentruvoi\/#website"},"datePublished":"2019-06-19T05:25:19+00:00","dateModified":"2025-01-20T18:17:18+00:00","breadcrumb":{"@id":"https:\/\/dev.cm.upt.ro\/pentruvoi\/locuinte-protejate\/#breadcrumb"},"inLanguage":"en-US","potentialAction":[{"@type":"ReadAction","target":["https:\/\/dev.cm.upt.ro\/pentruvoi\/locuinte-protejate\/"]}]},{"@type":"BreadcrumbList","@id":"https:\/\/dev.cm.upt.ro\/pentruvoi\/locuinte-protejate\/#breadcrumb","itemListElement":[{"@type":"ListItem","position":1,"name":"Prima pagin\u0103","item":"https:\/\/dev.cm.upt.ro\/pentruvoi\/"},{"@type":"ListItem","position":2,"name":"LOCUINTE PROTEJATE"}]},{"@type":"WebSite","@id":"https:\/\/dev.cm.upt.ro\/pentruvoi\/#website","url":"https:\/\/dev.cm.upt.ro\/pentruvoi\/","name":"Fundatia Pentru Voi","description":"","publisher":{"@id":"https:\/\/dev.cm.upt.ro\/pentruvoi\/#organization"},"potentialAction":[{"@type":"SearchAction","target":{"@type":"EntryPoint","urlTemplate":"https:\/\/dev.cm.upt.ro\/pentruvoi\/?s={search_term_string}"},"query-input":{"@type":"PropertyValueSpecification","valueRequired":true,"valueName":"search_term_string"}}],"inLanguage":"en-US"},{"@type":"Organization","@id":"https:\/\/dev.cm.upt.ro\/pentruvoi\/#organization","name":"Fundatia Pentru Voi","url":"https:\/\/dev.cm.upt.ro\/pentruvoi\/","logo":{"@type":"ImageObject","inLanguage":"en-US","@id":"https:\/\/dev.cm.upt.ro\/pentruvoi\/#\/schema\/logo\/image\/","url":"https:\/\/dev.cm.upt.ro\/pentruvoi\/wp-content\/uploads\/2020\/01\/logo_pentruvoi.png","contentUrl":"https:\/\/dev.cm.upt.ro\/pentruvoi\/wp-content\/uploads\/2020\/01\/logo_pentruvoi.png","width":157,"height":80,"caption":"Fundatia Pentru Voi"},"image":{"@id":"https:\/\/dev.cm.upt.ro\/pentruvoi\/#\/schema\/logo\/image\/"},"sameAs":["https:\/\/www.facebook.com\/FoundationPentruVoi","https:\/\/x.com\/PentruVoi"]}]}},"_links":{"self":[{"href":"https:\/\/dev.cm.upt.ro\/pentruvoi\/wp-json\/wp\/v2\/pages\/1256","targetHints":{"allow":["GET"]}}],"collection":[{"href":"https:\/\/dev.cm.upt.ro\/pentruvoi\/wp-json\/wp\/v2\/pages"}],"about":[{"href":"https:\/\/dev.cm.upt.ro\/pentruvoi\/wp-json\/wp\/v2\/types\/page"}],"author":[{"embeddable":true,"href":"https:\/\/dev.cm.upt.ro\/pentruvoi\/wp-json\/wp\/v2\/users\/1"}],"replies":[{"embeddable":true,"href":"https:\/\/dev.cm.upt.ro\/pentruvoi\/wp-json\/wp\/v2\/comments?post=1256"}],"version-history":[{"count":13,"href":"https:\/\/dev.cm.upt.ro\/pentruvoi\/wp-json\/wp\/v2\/pages\/1256\/revisions"}],"predecessor-version":[{"id":4971,"href":"https:\/\/dev.cm.upt.ro\/pentruvoi\/wp-json\/wp\/v2\/pages\/1256\/revisions\/4971"}],"wp:attachment":[{"href":"https:\/\/dev.cm.upt.ro\/pentruvoi\/wp-json\/wp\/v2\/media?parent=1256"}],"curies":[{"name":"wp","href":"https:\/\/api.w.org\/{rel}","templated":true}]}}