{"id":1259,"date":"2019-06-19T05:25:19","date_gmt":"2019-06-19T05:25:19","guid":{"rendered":"http:\/\/pentruvoi.ro\/?page_id=1259"},"modified":"2022-05-19T14:41:10","modified_gmt":"2022-05-19T12:41:10","slug":"sponsori","status":"publish","type":"page","link":"https:\/\/dev.cm.upt.ro\/pentruvoi\/sponsori\/","title":{"rendered":"SPONSORI"},"content":{"rendered":"\n<p><strong>SPONSORI<\/strong><\/p>\n\n\n\n<ul class=\"wp-block-list\"><li>Clubul Rotary  Timi\u0219oara<\/li><li>JT International Rom\u00e2nia<\/li><li>Berg Banat<\/li><li>Kromberg Rom\u00e2nia<\/li><li>Smithfield<\/li><li>Medici&#8217;s<\/li><li>Almas Office S.R.L.<\/li><li>Exerom<\/li><li>Steadforce S.R.L.<\/li><li>Asko Group S.R.L.<\/li><li>Total Protect S.R.L.<\/li><\/ul>\n\n\n\n<p><strong>COLAB<\/strong><strong>O<\/strong><strong>RATORI<\/strong><\/p>\n\n\n\n<ul class=\"wp-block-list\"><li>Ministerul Muncii, Familiei, Protec\u0163iei Sociale \u015fi Persoanelor V\u00e2rstnice;<\/li><li>Autoritatea Na\u0163ional\u0103 pentru Persoanele cu Dizabilit\u0103\u0163i;<\/li><li>Consiliul Jude\u021bean;<\/li><li>Direc\u021bia de Asisten\u021b\u0103\u00a0Social\u0103\u00a0a municipiului\u00a0Timi\u0219oara;<\/li><li>Direc\u0163ia General\u0103 de Asisten\u0163\u0103 Social\u0103 \u015fi Protec\u0163ia Copilului Timi\u015f;<\/li><li>Autoritatea Tutelar\u0103\u00a0Prim\u0103ria\u00a0Timi\u0219oara;<\/li><li>Agen\u021bia Jude\u021bean\u0103\u00a0pentru Pl\u0103\u021bi \u0219i Inspec\u021bie Social\u0103;<\/li><li>Rotary Timi\u0219oara;<\/li><li>Rotary Elst;<\/li><li>Inclusion Europe;<\/li><li>Filarmonica Banatul din Timi\u015foara;<\/li><li>Funda\u021bia Caritas;<\/li><li>Funda\u021bia pentru Dezvoltarea Societ\u0103\u021bii Civile;<\/li><li>Federa\u021bia Organiza\u021biilor Neguvernamentale pentru Servicii Sociale;<\/li><li>Centrul ID\/IFR \u0219i e-Learning (CeL)<\/li><\/ul>\n","protected":false},"excerpt":{"rendered":"<p>SPONSORI Clubul Rotary Timi\u0219oara JT International Rom\u00e2nia Berg Banat Kromberg Rom\u00e2nia Smithfield Medici&#8217;s Almas Office S.R.L. Exerom Steadforce S.R.L. Asko Group S.R.L. Total Protect S.R.L. COLABORATORI Ministerul Muncii, Familiei, Protec\u0163iei Sociale \u015fi Persoanelor V\u00e2rstnice; Autoritatea Na\u0163ional\u0103 pentru Persoanele cu Dizabilit\u0103\u0163i; Consiliul Jude\u021bean; Direc\u021bia de Asisten\u021b\u0103\u00a0Social\u0103\u00a0a municipiului\u00a0Timi\u0219oara; Direc\u0163ia General\u0103 de Asisten\u0163\u0103 Social\u0103 \u015fi Protec\u0163ia Copilului Timi\u015f; [&hellip;]<\/p>\n","protected":false},"author":1,"featured_media":0,"parent":0,"menu_order":0,"comment_status":"closed","ping_status":"closed","template":"","meta":{"_acf_changed":false,"ngg_post_thumbnail":0,"footnotes":""},"class_list":["post-1259","page","type-page","status-publish","hentry","entry"],"acf":[],"yoast_head":"<!-- This site is optimized with the Yoast SEO plugin v26.7 - https:\/\/yoast.com\/wordpress\/plugins\/seo\/ -->\n<title>SPONSORI - Fundatia Pentru Voi<\/title>\n<meta name=\"robots\" content=\"index, follow, max-snippet:-1, max-image-preview:large, max-video-preview:-1\" \/>\n<link rel=\"canonical\" href=\"https:\/\/dev.cm.upt.ro\/pentruvoi\/sponsori\/\" \/>\n<meta property=\"og:locale\" content=\"en_US\" \/>\n<meta property=\"og:type\" content=\"article\" \/>\n<meta property=\"og:title\" content=\"SPONSORI - Fundatia Pentru Voi\" \/>\n<meta property=\"og:description\" content=\"SPONSORI Clubul Rotary Timi\u0219oara JT International Rom\u00e2nia Berg Banat Kromberg Rom\u00e2nia Smithfield Medici&#8217;s Almas Office S.R.L. Exerom Steadforce S.R.L. Asko Group S.R.L. Total Protect S.R.L. COLABORATORI Ministerul Muncii, Familiei, Protec\u0163iei Sociale \u015fi Persoanelor V\u00e2rstnice; Autoritatea Na\u0163ional\u0103 pentru Persoanele cu Dizabilit\u0103\u0163i; Consiliul Jude\u021bean; Direc\u021bia de Asisten\u021b\u0103\u00a0Social\u0103\u00a0a municipiului\u00a0Timi\u0219oara; Direc\u0163ia General\u0103 de Asisten\u0163\u0103 Social\u0103 \u015fi Protec\u0163ia Copilului Timi\u015f; [&hellip;]\" \/>\n<meta property=\"og:url\" content=\"https:\/\/dev.cm.upt.ro\/pentruvoi\/sponsori\/\" \/>\n<meta property=\"og:site_name\" content=\"Fundatia Pentru Voi\" \/>\n<meta property=\"article:publisher\" content=\"https:\/\/www.facebook.com\/FoundationPentruVoi\" \/>\n<meta property=\"article:modified_time\" content=\"2022-05-19T12:41:10+00:00\" \/>\n<meta name=\"twitter:card\" content=\"summary_large_image\" \/>\n<meta name=\"twitter:site\" content=\"@PentruVoi\" \/>\n<meta name=\"twitter:label1\" content=\"Est. reading time\" \/>\n\t<meta name=\"twitter:data1\" content=\"1 minute\" \/>\n<script type=\"application\/ld+json\" class=\"yoast-schema-graph\">{\"@context\":\"https:\/\/schema.org\",\"@graph\":[{\"@type\":\"WebPage\",\"@id\":\"https:\/\/dev.cm.upt.ro\/pentruvoi\/sponsori\/\",\"url\":\"https:\/\/dev.cm.upt.ro\/pentruvoi\/sponsori\/\",\"name\":\"SPONSORI - Fundatia Pentru Voi\",\"isPartOf\":{\"@id\":\"https:\/\/dev.cm.upt.ro\/pentruvoi\/#website\"},\"datePublished\":\"2019-06-19T05:25:19+00:00\",\"dateModified\":\"2022-05-19T12:41:10+00:00\",\"breadcrumb\":{\"@id\":\"https:\/\/dev.cm.upt.ro\/pentruvoi\/sponsori\/#breadcrumb\"},\"inLanguage\":\"en-US\",\"potentialAction\":[{\"@type\":\"ReadAction\",\"target\":[\"https:\/\/dev.cm.upt.ro\/pentruvoi\/sponsori\/\"]}]},{\"@type\":\"BreadcrumbList\",\"@id\":\"https:\/\/dev.cm.upt.ro\/pentruvoi\/sponsori\/#breadcrumb\",\"itemListElement\":[{\"@type\":\"ListItem\",\"position\":1,\"name\":\"Prima pagin\u0103\",\"item\":\"https:\/\/dev.cm.upt.ro\/pentruvoi\/\"},{\"@type\":\"ListItem\",\"position\":2,\"name\":\"SPONSORI\"}]},{\"@type\":\"WebSite\",\"@id\":\"https:\/\/dev.cm.upt.ro\/pentruvoi\/#website\",\"url\":\"https:\/\/dev.cm.upt.ro\/pentruvoi\/\",\"name\":\"Fundatia Pentru Voi\",\"description\":\"\",\"publisher\":{\"@id\":\"https:\/\/dev.cm.upt.ro\/pentruvoi\/#organization\"},\"potentialAction\":[{\"@type\":\"SearchAction\",\"target\":{\"@type\":\"EntryPoint\",\"urlTemplate\":\"https:\/\/dev.cm.upt.ro\/pentruvoi\/?s={search_term_string}\"},\"query-input\":{\"@type\":\"PropertyValueSpecification\",\"valueRequired\":true,\"valueName\":\"search_term_string\"}}],\"inLanguage\":\"en-US\"},{\"@type\":\"Organization\",\"@id\":\"https:\/\/dev.cm.upt.ro\/pentruvoi\/#organization\",\"name\":\"Fundatia Pentru Voi\",\"url\":\"https:\/\/dev.cm.upt.ro\/pentruvoi\/\",\"logo\":{\"@type\":\"ImageObject\",\"inLanguage\":\"en-US\",\"@id\":\"https:\/\/dev.cm.upt.ro\/pentruvoi\/#\/schema\/logo\/image\/\",\"url\":\"https:\/\/dev.cm.upt.ro\/pentruvoi\/wp-content\/uploads\/2020\/01\/logo_pentruvoi.png\",\"contentUrl\":\"https:\/\/dev.cm.upt.ro\/pentruvoi\/wp-content\/uploads\/2020\/01\/logo_pentruvoi.png\",\"width\":157,\"height\":80,\"caption\":\"Fundatia Pentru Voi\"},\"image\":{\"@id\":\"https:\/\/dev.cm.upt.ro\/pentruvoi\/#\/schema\/logo\/image\/\"},\"sameAs\":[\"https:\/\/www.facebook.com\/FoundationPentruVoi\",\"https:\/\/x.com\/PentruVoi\"]}]}<\/script>\n<!-- \/ Yoast SEO plugin. -->","yoast_head_json":{"title":"SPONSORI - Fundatia Pentru Voi","robots":{"index":"index","follow":"follow","max-snippet":"max-snippet:-1","max-image-preview":"max-image-preview:large","max-video-preview":"max-video-preview:-1"},"canonical":"https:\/\/dev.cm.upt.ro\/pentruvoi\/sponsori\/","og_locale":"en_US","og_type":"article","og_title":"SPONSORI - Fundatia Pentru Voi","og_description":"SPONSORI Clubul Rotary Timi\u0219oara JT International Rom\u00e2nia Berg Banat Kromberg Rom\u00e2nia Smithfield Medici&#8217;s Almas Office S.R.L. Exerom Steadforce S.R.L. Asko Group S.R.L. Total Protect S.R.L. COLABORATORI Ministerul Muncii, Familiei, Protec\u0163iei Sociale \u015fi Persoanelor V\u00e2rstnice; Autoritatea Na\u0163ional\u0103 pentru Persoanele cu Dizabilit\u0103\u0163i; Consiliul Jude\u021bean; Direc\u021bia de Asisten\u021b\u0103\u00a0Social\u0103\u00a0a municipiului\u00a0Timi\u0219oara; Direc\u0163ia General\u0103 de Asisten\u0163\u0103 Social\u0103 \u015fi Protec\u0163ia Copilului Timi\u015f; [&hellip;]","og_url":"https:\/\/dev.cm.upt.ro\/pentruvoi\/sponsori\/","og_site_name":"Fundatia Pentru Voi","article_publisher":"https:\/\/www.facebook.com\/FoundationPentruVoi","article_modified_time":"2022-05-19T12:41:10+00:00","twitter_card":"summary_large_image","twitter_site":"@PentruVoi","twitter_misc":{"Est. reading time":"1 minute"},"schema":{"@context":"https:\/\/schema.org","@graph":[{"@type":"WebPage","@id":"https:\/\/dev.cm.upt.ro\/pentruvoi\/sponsori\/","url":"https:\/\/dev.cm.upt.ro\/pentruvoi\/sponsori\/","name":"SPONSORI - Fundatia Pentru Voi","isPartOf":{"@id":"https:\/\/dev.cm.upt.ro\/pentruvoi\/#website"},"datePublished":"2019-06-19T05:25:19+00:00","dateModified":"2022-05-19T12:41:10+00:00","breadcrumb":{"@id":"https:\/\/dev.cm.upt.ro\/pentruvoi\/sponsori\/#breadcrumb"},"inLanguage":"en-US","potentialAction":[{"@type":"ReadAction","target":["https:\/\/dev.cm.upt.ro\/pentruvoi\/sponsori\/"]}]},{"@type":"BreadcrumbList","@id":"https:\/\/dev.cm.upt.ro\/pentruvoi\/sponsori\/#breadcrumb","itemListElement":[{"@type":"ListItem","position":1,"name":"Prima pagin\u0103","item":"https:\/\/dev.cm.upt.ro\/pentruvoi\/"},{"@type":"ListItem","position":2,"name":"SPONSORI"}]},{"@type":"WebSite","@id":"https:\/\/dev.cm.upt.ro\/pentruvoi\/#website","url":"https:\/\/dev.cm.upt.ro\/pentruvoi\/","name":"Fundatia Pentru Voi","description":"","publisher":{"@id":"https:\/\/dev.cm.upt.ro\/pentruvoi\/#organization"},"potentialAction":[{"@type":"SearchAction","target":{"@type":"EntryPoint","urlTemplate":"https:\/\/dev.cm.upt.ro\/pentruvoi\/?s={search_term_string}"},"query-input":{"@type":"PropertyValueSpecification","valueRequired":true,"valueName":"search_term_string"}}],"inLanguage":"en-US"},{"@type":"Organization","@id":"https:\/\/dev.cm.upt.ro\/pentruvoi\/#organization","name":"Fundatia Pentru Voi","url":"https:\/\/dev.cm.upt.ro\/pentruvoi\/","logo":{"@type":"ImageObject","inLanguage":"en-US","@id":"https:\/\/dev.cm.upt.ro\/pentruvoi\/#\/schema\/logo\/image\/","url":"https:\/\/dev.cm.upt.ro\/pentruvoi\/wp-content\/uploads\/2020\/01\/logo_pentruvoi.png","contentUrl":"https:\/\/dev.cm.upt.ro\/pentruvoi\/wp-content\/uploads\/2020\/01\/logo_pentruvoi.png","width":157,"height":80,"caption":"Fundatia Pentru Voi"},"image":{"@id":"https:\/\/dev.cm.upt.ro\/pentruvoi\/#\/schema\/logo\/image\/"},"sameAs":["https:\/\/www.facebook.com\/FoundationPentruVoi","https:\/\/x.com\/PentruVoi"]}]}},"_links":{"self":[{"href":"https:\/\/dev.cm.upt.ro\/pentruvoi\/wp-json\/wp\/v2\/pages\/1259","targetHints":{"allow":["GET"]}}],"collection":[{"href":"https:\/\/dev.cm.upt.ro\/pentruvoi\/wp-json\/wp\/v2\/pages"}],"about":[{"href":"https:\/\/dev.cm.upt.ro\/pentruvoi\/wp-json\/wp\/v2\/types\/page"}],"author":[{"embeddable":true,"href":"https:\/\/dev.cm.upt.ro\/pentruvoi\/wp-json\/wp\/v2\/users\/1"}],"replies":[{"embeddable":true,"href":"https:\/\/dev.cm.upt.ro\/pentruvoi\/wp-json\/wp\/v2\/comments?post=1259"}],"version-history":[{"count":9,"href":"https:\/\/dev.cm.upt.ro\/pentruvoi\/wp-json\/wp\/v2\/pages\/1259\/revisions"}],"predecessor-version":[{"id":3508,"href":"https:\/\/dev.cm.upt.ro\/pentruvoi\/wp-json\/wp\/v2\/pages\/1259\/revisions\/3508"}],"wp:attachment":[{"href":"https:\/\/dev.cm.upt.ro\/pentruvoi\/wp-json\/wp\/v2\/media?parent=1259"}],"curies":[{"name":"wp","href":"https:\/\/api.w.org\/{rel}","templated":true}]}}