{"id":1263,"date":"2019-06-19T05:25:19","date_gmt":"2019-06-19T05:25:19","guid":{"rendered":"http:\/\/pentruvoi.ro\/?page_id=1263"},"modified":"2019-06-20T21:15:58","modified_gmt":"2019-06-20T21:15:58","slug":"lobby-advocacy","status":"publish","type":"page","link":"https:\/\/dev.cm.upt.ro\/pentruvoi\/lobby-advocacy\/","title":{"rendered":"LOBBY &#038; ADVOCACY"},"content":{"rendered":"\n<p><\/p>\n\n\n\n<h3 class=\"wp-block-heading\">Ce \u00eenseamn\u0103 advocacy?<\/h3>\n\n\n\n<p>Activitatea de a ap\u0103ra sau a sprijini un principiu sau un punct de vedere (individual\/ general\/ al unei organiza\u0163ii) \u00een fa\u0163a unei institu\u0163ii guvernamentale sau a legiuitorului.<\/p>\n\n\n\n<p>Activitatea de advocacy poate presupune:<\/p>\n\n\n\n<ul class=\"wp-block-list\"><li>Ap\u0103rarea unor principii fundamentale: drepturile omului, libertatea de exprimare etc.<\/li><li>Educarea opiniei publice cu privire la o anumit\u0103 prevedere\/ ini\u0163iativ\u0103 legislativ\u0103<\/li><li>Prezentarea c\u0103tre legiuitor a unui punct de vedere individual\/ general sau al unei organiza\u0163ii<\/li><\/ul>\n\n\n\n<h3 class=\"wp-block-heading\">Ce inseamna lobby?<\/h3>\n\n\n\n<p>Lobby presupune promovarea unor interese individuale, de grup sau ale unei organiza\u0163ii prin influen\u0163area politicilor publice, a institu\u0163iilor guvernamentale sau a legiuitorului. Paradoxal, a face lobby implic\u0103 \u00eentotdeauna advocacy, \u00eensa, \u00een advocacy, nu este obligatoriu sa faci lobby.<\/p>\n\n\n\n<h3 class=\"wp-block-heading\">Diferen\u0163a dintre lobby \u015fi advocacy<\/h3>\n\n\n\n<p>Advocacy presupune comunicarea direct\u0103 cu legiuitorul \u015fi opinia public\u0103 a unui punct de vedere individual \/ general \/ organizational F\u0102R\u0102 a cere neap\u0103rat ini\u0163ierea unei modific\u0103ri legislative.<\/p>\n","protected":false},"excerpt":{"rendered":"<p>Ce \u00eenseamn\u0103 advocacy? Activitatea de a ap\u0103ra sau a sprijini un principiu sau un punct de vedere (individual\/ general\/ al unei organiza\u0163ii) \u00een fa\u0163a unei institu\u0163ii guvernamentale sau a legiuitorului. Activitatea de advocacy poate presupune: Ap\u0103rarea unor principii fundamentale: drepturile omului, libertatea de exprimare etc. Educarea opiniei publice cu privire la o anumit\u0103 prevedere\/ ini\u0163iativ\u0103 [&hellip;]<\/p>\n","protected":false},"author":1,"featured_media":0,"parent":0,"menu_order":0,"comment_status":"closed","ping_status":"closed","template":"","meta":{"_acf_changed":false,"ngg_post_thumbnail":0,"footnotes":""},"class_list":["post-1263","page","type-page","status-publish","hentry","entry"],"acf":[],"yoast_head":"<!-- This site is optimized with the Yoast SEO plugin v26.7 - https:\/\/yoast.com\/wordpress\/plugins\/seo\/ -->\n<title>LOBBY &amp; ADVOCACY - Fundatia Pentru Voi<\/title>\n<meta name=\"robots\" content=\"index, follow, max-snippet:-1, max-image-preview:large, max-video-preview:-1\" \/>\n<link rel=\"canonical\" href=\"https:\/\/dev.cm.upt.ro\/pentruvoi\/lobby-advocacy\/\" \/>\n<meta property=\"og:locale\" content=\"en_US\" \/>\n<meta property=\"og:type\" content=\"article\" \/>\n<meta property=\"og:title\" content=\"LOBBY &amp; ADVOCACY - Fundatia Pentru Voi\" \/>\n<meta property=\"og:description\" content=\"Ce \u00eenseamn\u0103 advocacy? Activitatea de a ap\u0103ra sau a sprijini un principiu sau un punct de vedere (individual\/ general\/ al unei organiza\u0163ii) \u00een fa\u0163a unei institu\u0163ii guvernamentale sau a legiuitorului. Activitatea de advocacy poate presupune: Ap\u0103rarea unor principii fundamentale: drepturile omului, libertatea de exprimare etc. Educarea opiniei publice cu privire la o anumit\u0103 prevedere\/ ini\u0163iativ\u0103 [&hellip;]\" \/>\n<meta property=\"og:url\" content=\"https:\/\/dev.cm.upt.ro\/pentruvoi\/lobby-advocacy\/\" \/>\n<meta property=\"og:site_name\" content=\"Fundatia Pentru Voi\" \/>\n<meta property=\"article:publisher\" content=\"https:\/\/www.facebook.com\/FoundationPentruVoi\" \/>\n<meta property=\"article:modified_time\" content=\"2019-06-20T21:15:58+00:00\" \/>\n<meta name=\"twitter:card\" content=\"summary_large_image\" \/>\n<meta name=\"twitter:site\" content=\"@PentruVoi\" \/>\n<meta name=\"twitter:label1\" content=\"Est. reading time\" \/>\n\t<meta name=\"twitter:data1\" content=\"1 minute\" \/>\n<script type=\"application\/ld+json\" class=\"yoast-schema-graph\">{\"@context\":\"https:\/\/schema.org\",\"@graph\":[{\"@type\":\"WebPage\",\"@id\":\"https:\/\/dev.cm.upt.ro\/pentruvoi\/lobby-advocacy\/\",\"url\":\"https:\/\/dev.cm.upt.ro\/pentruvoi\/lobby-advocacy\/\",\"name\":\"LOBBY & ADVOCACY - Fundatia Pentru Voi\",\"isPartOf\":{\"@id\":\"https:\/\/dev.cm.upt.ro\/pentruvoi\/#website\"},\"datePublished\":\"2019-06-19T05:25:19+00:00\",\"dateModified\":\"2019-06-20T21:15:58+00:00\",\"breadcrumb\":{\"@id\":\"https:\/\/dev.cm.upt.ro\/pentruvoi\/lobby-advocacy\/#breadcrumb\"},\"inLanguage\":\"en-US\",\"potentialAction\":[{\"@type\":\"ReadAction\",\"target\":[\"https:\/\/dev.cm.upt.ro\/pentruvoi\/lobby-advocacy\/\"]}]},{\"@type\":\"BreadcrumbList\",\"@id\":\"https:\/\/dev.cm.upt.ro\/pentruvoi\/lobby-advocacy\/#breadcrumb\",\"itemListElement\":[{\"@type\":\"ListItem\",\"position\":1,\"name\":\"Prima pagin\u0103\",\"item\":\"https:\/\/dev.cm.upt.ro\/pentruvoi\/\"},{\"@type\":\"ListItem\",\"position\":2,\"name\":\"LOBBY &#038; ADVOCACY\"}]},{\"@type\":\"WebSite\",\"@id\":\"https:\/\/dev.cm.upt.ro\/pentruvoi\/#website\",\"url\":\"https:\/\/dev.cm.upt.ro\/pentruvoi\/\",\"name\":\"Fundatia Pentru Voi\",\"description\":\"\",\"publisher\":{\"@id\":\"https:\/\/dev.cm.upt.ro\/pentruvoi\/#organization\"},\"potentialAction\":[{\"@type\":\"SearchAction\",\"target\":{\"@type\":\"EntryPoint\",\"urlTemplate\":\"https:\/\/dev.cm.upt.ro\/pentruvoi\/?s={search_term_string}\"},\"query-input\":{\"@type\":\"PropertyValueSpecification\",\"valueRequired\":true,\"valueName\":\"search_term_string\"}}],\"inLanguage\":\"en-US\"},{\"@type\":\"Organization\",\"@id\":\"https:\/\/dev.cm.upt.ro\/pentruvoi\/#organization\",\"name\":\"Fundatia Pentru Voi\",\"url\":\"https:\/\/dev.cm.upt.ro\/pentruvoi\/\",\"logo\":{\"@type\":\"ImageObject\",\"inLanguage\":\"en-US\",\"@id\":\"https:\/\/dev.cm.upt.ro\/pentruvoi\/#\/schema\/logo\/image\/\",\"url\":\"https:\/\/dev.cm.upt.ro\/pentruvoi\/wp-content\/uploads\/2020\/01\/logo_pentruvoi.png\",\"contentUrl\":\"https:\/\/dev.cm.upt.ro\/pentruvoi\/wp-content\/uploads\/2020\/01\/logo_pentruvoi.png\",\"width\":157,\"height\":80,\"caption\":\"Fundatia Pentru Voi\"},\"image\":{\"@id\":\"https:\/\/dev.cm.upt.ro\/pentruvoi\/#\/schema\/logo\/image\/\"},\"sameAs\":[\"https:\/\/www.facebook.com\/FoundationPentruVoi\",\"https:\/\/x.com\/PentruVoi\"]}]}<\/script>\n<!-- \/ Yoast SEO plugin. -->","yoast_head_json":{"title":"LOBBY & ADVOCACY - Fundatia Pentru Voi","robots":{"index":"index","follow":"follow","max-snippet":"max-snippet:-1","max-image-preview":"max-image-preview:large","max-video-preview":"max-video-preview:-1"},"canonical":"https:\/\/dev.cm.upt.ro\/pentruvoi\/lobby-advocacy\/","og_locale":"en_US","og_type":"article","og_title":"LOBBY & ADVOCACY - Fundatia Pentru Voi","og_description":"Ce \u00eenseamn\u0103 advocacy? Activitatea de a ap\u0103ra sau a sprijini un principiu sau un punct de vedere (individual\/ general\/ al unei organiza\u0163ii) \u00een fa\u0163a unei institu\u0163ii guvernamentale sau a legiuitorului. Activitatea de advocacy poate presupune: Ap\u0103rarea unor principii fundamentale: drepturile omului, libertatea de exprimare etc. Educarea opiniei publice cu privire la o anumit\u0103 prevedere\/ ini\u0163iativ\u0103 [&hellip;]","og_url":"https:\/\/dev.cm.upt.ro\/pentruvoi\/lobby-advocacy\/","og_site_name":"Fundatia Pentru Voi","article_publisher":"https:\/\/www.facebook.com\/FoundationPentruVoi","article_modified_time":"2019-06-20T21:15:58+00:00","twitter_card":"summary_large_image","twitter_site":"@PentruVoi","twitter_misc":{"Est. reading time":"1 minute"},"schema":{"@context":"https:\/\/schema.org","@graph":[{"@type":"WebPage","@id":"https:\/\/dev.cm.upt.ro\/pentruvoi\/lobby-advocacy\/","url":"https:\/\/dev.cm.upt.ro\/pentruvoi\/lobby-advocacy\/","name":"LOBBY & ADVOCACY - Fundatia Pentru Voi","isPartOf":{"@id":"https:\/\/dev.cm.upt.ro\/pentruvoi\/#website"},"datePublished":"2019-06-19T05:25:19+00:00","dateModified":"2019-06-20T21:15:58+00:00","breadcrumb":{"@id":"https:\/\/dev.cm.upt.ro\/pentruvoi\/lobby-advocacy\/#breadcrumb"},"inLanguage":"en-US","potentialAction":[{"@type":"ReadAction","target":["https:\/\/dev.cm.upt.ro\/pentruvoi\/lobby-advocacy\/"]}]},{"@type":"BreadcrumbList","@id":"https:\/\/dev.cm.upt.ro\/pentruvoi\/lobby-advocacy\/#breadcrumb","itemListElement":[{"@type":"ListItem","position":1,"name":"Prima pagin\u0103","item":"https:\/\/dev.cm.upt.ro\/pentruvoi\/"},{"@type":"ListItem","position":2,"name":"LOBBY &#038; ADVOCACY"}]},{"@type":"WebSite","@id":"https:\/\/dev.cm.upt.ro\/pentruvoi\/#website","url":"https:\/\/dev.cm.upt.ro\/pentruvoi\/","name":"Fundatia Pentru Voi","description":"","publisher":{"@id":"https:\/\/dev.cm.upt.ro\/pentruvoi\/#organization"},"potentialAction":[{"@type":"SearchAction","target":{"@type":"EntryPoint","urlTemplate":"https:\/\/dev.cm.upt.ro\/pentruvoi\/?s={search_term_string}"},"query-input":{"@type":"PropertyValueSpecification","valueRequired":true,"valueName":"search_term_string"}}],"inLanguage":"en-US"},{"@type":"Organization","@id":"https:\/\/dev.cm.upt.ro\/pentruvoi\/#organization","name":"Fundatia Pentru Voi","url":"https:\/\/dev.cm.upt.ro\/pentruvoi\/","logo":{"@type":"ImageObject","inLanguage":"en-US","@id":"https:\/\/dev.cm.upt.ro\/pentruvoi\/#\/schema\/logo\/image\/","url":"https:\/\/dev.cm.upt.ro\/pentruvoi\/wp-content\/uploads\/2020\/01\/logo_pentruvoi.png","contentUrl":"https:\/\/dev.cm.upt.ro\/pentruvoi\/wp-content\/uploads\/2020\/01\/logo_pentruvoi.png","width":157,"height":80,"caption":"Fundatia Pentru Voi"},"image":{"@id":"https:\/\/dev.cm.upt.ro\/pentruvoi\/#\/schema\/logo\/image\/"},"sameAs":["https:\/\/www.facebook.com\/FoundationPentruVoi","https:\/\/x.com\/PentruVoi"]}]}},"_links":{"self":[{"href":"https:\/\/dev.cm.upt.ro\/pentruvoi\/wp-json\/wp\/v2\/pages\/1263","targetHints":{"allow":["GET"]}}],"collection":[{"href":"https:\/\/dev.cm.upt.ro\/pentruvoi\/wp-json\/wp\/v2\/pages"}],"about":[{"href":"https:\/\/dev.cm.upt.ro\/pentruvoi\/wp-json\/wp\/v2\/types\/page"}],"author":[{"embeddable":true,"href":"https:\/\/dev.cm.upt.ro\/pentruvoi\/wp-json\/wp\/v2\/users\/1"}],"replies":[{"embeddable":true,"href":"https:\/\/dev.cm.upt.ro\/pentruvoi\/wp-json\/wp\/v2\/comments?post=1263"}],"version-history":[{"count":3,"href":"https:\/\/dev.cm.upt.ro\/pentruvoi\/wp-json\/wp\/v2\/pages\/1263\/revisions"}],"predecessor-version":[{"id":1567,"href":"https:\/\/dev.cm.upt.ro\/pentruvoi\/wp-json\/wp\/v2\/pages\/1263\/revisions\/1567"}],"wp:attachment":[{"href":"https:\/\/dev.cm.upt.ro\/pentruvoi\/wp-json\/wp\/v2\/media?parent=1263"}],"curies":[{"name":"wp","href":"https:\/\/api.w.org\/{rel}","templated":true}]}}