{"id":1294,"date":"2019-06-19T06:00:35","date_gmt":"2019-06-19T06:00:35","guid":{"rendered":"http:\/\/pentruvoi.ro\/?page_id=1294"},"modified":"2019-06-20T21:21:36","modified_gmt":"2019-06-20T21:21:36","slug":"ce-am-schimbat","status":"publish","type":"page","link":"https:\/\/dev.cm.upt.ro\/pentruvoi\/ce-am-schimbat\/","title":{"rendered":"CE AM SCHIMBAT"},"content":{"rendered":"\n<h2 class=\"wp-block-heading\">Pentru Voi si IPP solicita Parlamentului Romaniei sa acorde prioritate legislativa problemelor persoanelor cu dizabilitati<\/h2>\n\n\n\n<p>Fundatia Pentru Voi si Institutul pentru Politici Publice (IPP) solicita Parlamentului Romaniei sa acorde prioritate legislativa problemelor persoanelor cu dizabilitati<br>&nbsp;<br><strong>Bucuresti, 2 februarie 2010<\/strong>&nbsp;\u25a0 Avand in vedere preocuparea extrem de scazuta a actualului Parlament, asa cum rezulta din analiza activitatii primelor sesiuni legislative din acest mandat, pentru legiferarea problemelor acute cu care se confrunta persoanele cu dizabilitati din Romania, Fundatia Pentru Voi si Institutul pentru Politici Publice (IPP) cer celor doua Camere sa aseze in lista de prioritati si proiectele legislative care privesc persoanele cu dizabilitati.&nbsp;<\/p>\n\n\n\n<p>Din 7 proiecte vizand in principal modificari ale legii-cadru privind protectia si promovarea drepturilor persoanelor cu handicap, doar doua au devenit legi in recent incheiata sesiune legislativa a Parlamentului, ambele promovand masuri exclusiv pasive:<br>1. Legea nr. 359\/2009 care prevede scutirea de la plata chiriei pentru suprafetele locative cu destinatie de locuinte de stat sau de unitatile administrativ-teritoriale ale acestuia care sunt in folosinta persoanelor cu handicap grav;<br>2. Legea nr. 360\/2009 care prevede introducerea unor scutiri de impozit pe indemnizatiile de natura salariala si pensii pentru persoanele cu handicap grav sau accentuat.<br>&nbsp;&nbsp;<br>De partea cealalta, Guvernul a avizat negativ 4 dintre cele 7 proiecte legislative depuse in sesiunea trecuta de parlamentari, motivand inoportunitatea si slaba fundamentare a acestora, desi printre initiatori se aflau si reprezentanti ai PDL, semn ca nu exista o comunicare eficienta la nivel politic in materie de prioritati legislative in acest domeniu. Mai mult, Guvernul a adoptat la inceputul acestui an fara consultarea furnizorilor de servicii o hotarare prin care stabileste standarde de cost pentru serviciile sociale fara a tine cont de gradul de dizabilitate, abordare care contravine normelor europene ce prevad dreptul persoanei la servicii sociale flexibile, centrate pe persoana si adaptate la nevoile individuale.<\/p>\n\n\n\n<p>Dat fiind ca a inceput recent o noua sesiune legislativa, facem un apel la Parlament atragand atentia ca cea mai importanta masura legislativa este ratificarea Conventiei ONU pentru persoanele cu dizabilitati, dezbaterea ei fiind constant tergiversata in Parlament. Ratificarea Conventiei va crea cadrul necesar pentru a asigura respectarea drepturilor si incluziunea sociala a persoanelor cu dizabilitati. Cele doua organizatii constata ca persoanele cu dizabilitati nu reprezinta o prioritate pentru Parlament, care amana constant discutarea problemelor lor si considera acest fapt cu atat mai grav cu cat acest grup are o reprezentare limitata, aproape inexistenta in randul decidentilor politicilor sociale din Romania&nbsp;<\/p>\n\n\n\n<p>Cele doua organizatii isi reafirma disponibilitatea de dialog cu factorii de decizie si isi pun la dispozitie resursele de cercetare si expertiza pentru un proces legislativ avand la baza cercetari aprofundate si justificari obiective, in fundamentarea unor politici publice autentice in acest domeniu.&nbsp;<\/p>\n\n\n\n<p>Pentru informatii suplimentare, va rugam contactati Elena Iorga, Director de programe IPP la tel: 021 212 3126, e-mail:&nbsp;<a href=\"mailto:elena@ipp.ro\">elena@ipp.ro<\/a>si Laila Onu, Director executiv Fundatia Pentru Voi la tel: 0256.228.062, e-mail:&nbsp;<a href=\"mailto:pentruvoi@pentruvoi.ro\">pentruvoi@pentruvoi.ro<\/a>.&nbsp;<\/p>\n\n\n\n<h2 class=\"wp-block-heading\">Unit\u0103\u0163ile protejate c\u0103pu\u015f\u0103 nu mai pot desf\u0103\u015fura activit\u0103\u0163i de v\u00e2nz\u0103ri\/ intermedieri!<\/h2>\n\n\n\n<p>Timi\u015foara, 11 iunie<\/p>\n\n\n\n<p>Conform Legii 207 din 2 iunie 2009, numai unit\u0103\u0163ile protejate \u00eenfiin\u0163ate \u00een cadrul organiza\u0163iilor persoanelor cu handicap pot desf\u0103\u015fura \u015fi activit\u0103\u0163i de v\u00e2nz\u0103ri\/intermedieri, cu condi\u0163ia ca minimum 75% din profitul ob\u0163inut s\u0103 fie destinat programelor de integrare socioprofesional\u0103 pentru persoanele cu handicap din organiza\u0163iile respective. Aceste unit\u0103\u0163i au obliga\u0163ia prezent\u0103rii unui raport financiar la fiecare \u00eenceput de an, din care s\u0103 rezulte cum au fost utilizate fondurile ob\u0163inute prin activitatea comercial\u0103.<\/p>\n\n\n\n<p>\u201eParlamentul a ales s\u0103 ofere o surs\u0103 de venituri organiza\u0163iilor persoanelor cu handicap prin intermediul unit\u0103\u0163ilor protejate care func\u0163ioneaz\u0103 \u00een cadrul acestora. Sper\u0103m ca m\u0103car acum, organele responsabile vor demara controale la unit\u0103\u0163ile protejate capu\u015f\u0103 \u015fi vor sanc\u0163iona \u00eenc\u0103lcarea prevederilor legii 448\/2006.\u201d a declarat Laila Onu, director al Funda\u0163iei \u201ePentru Voi\u201d.<br>Ce se \u00eent\u00e2mpla \u00eenainte Ca urmare a prevederilor legislative destinate stimul\u0103rii angaj\u0103rii \u00een munc\u0103 a persoanelor cu dizabilit\u0103\u0163i, au ap\u0103rut o serie de \u201eunit\u0103\u0163i protejate c\u0103pu\u015f\u0103\u201d care<br>deturnau bani de la bugetul de stat \u015fi f\u0103ceau o concuren\u0163\u0103 neloial\u0103 acelor unit\u0103\u0163i protejate care angajeaz\u0103 \u00eentr-adev\u0103r persoane cu dizabilit\u0103\u0163i. Fondurile care ar fi trebuit pl\u0103tite de c\u0103tre companii sau institu\u0163ii publice \u00een condi\u0163iile Legii 448\/2006 ajungeau \u00een buzunarul unor oportuni\u015fti imorali. S-a ajuns ca programele de training ale marilor companii sau achizi\u0163ia de scutere pentru po\u015fta\u015fi s\u0103 fie furnizate prin intermediul unor unit\u0103\u0163i protejate capus\u0103, care f\u0103ceau<br>intermedierea.<br>&#8212;&#8212;&#8212;&#8212;-<br>Legea 207\/2009 aprob\u0103 Ordonan\u0163a de urgen\u0163\u0103 a Guvernului nr. 86\/2008 pentru modificarea Legii nr. 448\/2006 privind protec\u0163ia \u015fi promovarea drepturilor persoanelor cu handicap.<\/p>\n\n\n\n<h2 class=\"wp-block-heading\">Alegerile europarlamentare 2009 \u00een limbaj u\u015for de \u00een\u0163eles<\/h2>\n\n\n\n<p>Timi\u015foara 5 iunie<\/p>\n\n\n\n<p>\u00cen apropierea alegerilor Europarlamentare, Funda\u0163ia \u201ePentru Voi\u201d din Timi\u015foara a editat bro\u015fura \u201eAlegeri europarlamentare 2009\u201d, \u00een limbaj u\u015for de \u00een\u0163eles, pentru a explica persoanelor cu dizabilit\u0103\u0163i de dezvoltare procesul electoral.<\/p>\n\n\n\n<p>\u00cen Uniunea European\u0103 sunt 65 milioane de persoane cu dizabilit\u0103\u0163i. \u00cen 2007, mi\u015fcarea european\u0103 a organiza\u0163iilor pentru persoane cu dizabilit\u0103\u0163i a adunat 1,3 milioane de semn\u0103turi \u00een favoarea adopt\u0103rii unei legisla\u0163ii comprehensive pentru persoanele cu dizabilit\u0103\u0163i \u00een Uniunea European\u0103.<\/p>\n\n\n\n<p>\u201eA\u015ftept\u0103m de la noul legislativ european \u00eendeplinirea acestei cerin\u0163e a societa\u0163ii civile europene \u015fi \u00eemplementarea Conven\u0163iei Na\u0163iunilor Unite privind drepturile persoanelor cu dizabilit\u0103\u0163i la nivelul Uniunii Europene.\u201d a declarat Laila Onu, director executiv al Funda\u0163iei \u201ePentru Voi\u201d din Timi\u015foara. &#8220;Pentru Voi&#8221; a fost mereu preocupat\u0103 de participarea la vot a persoanelor cu dizabilit\u0103\u0163i de dezvoltare promov\u00e2nd participarea public\u0103 a acestei categorii de persoane adesea neglijat\u0103 de politicieni. Acest material vine \u00een \u00eent\u00e2mpinarea nevoii de informare cu privire la alegerile europarlamentare de duminic\u0103, fiind foarte util pentru to\u0163i cet\u0103\u0163enii cu drept de vot din Rom\u00e2nia.<\/p>\n\n\n\n<p>Bro\u015fura care explic\u0103 ce inseamn\u0103 alegerile europarlamentare, unde, c\u00e2nd, cine si cum se voteaz\u0103, a fost tip\u0103rit\u0103 \u00een 100 de exemplare \u015fi poate fi desc\u0103rcat\u0103 pentru consultare, \u00een mod gratuit de pe&nbsp;<a href=\"https:\/\/dev.cm.upt.ro\/pentruvoi\/uploads\/content\/Alegeri_Euro_Parlamentare_2009_Brosura_usor_de_inteles.pdf\" target=\"_blank\" rel=\"noreferrer noopener\">pagina de internet a Funda\u0163iei<\/a>. Ea a fost trimis\u0103 \u00een format electronic tuturor direc\u0163iilor de asisten\u0163\u0103 social\u0103 \u015fi protec\u0163ia copilului din \u0163ar\u0103 pentru a fi folosit\u0103 ca material informativ pentru cei cu drept de vot.<\/p>\n\n\n\n<p>Bro\u015furi similare au fost tip\u0103rite \u00een toate cele 27 de \u0163\u0103ri ale Uniunii Europene, prin intermediul federa\u0163iei Inclusion Europe din care face parte \u015fi Funda\u0163ia \u201ePentru Voi\u201d.<\/p>\n\n\n\n<h2 class=\"wp-block-heading\">Partidele fata in fata cu dizabilitatea<\/h2>\n\n\n\n<p>Noiembrie 2008<\/p>\n\n\n\n<p><strong>Fundatia \u201ePentru Voi\u201d, \u00een colaborare cu Institutul pentru Politici Publice si Federatia Incluziune Rom\u00e2nia,&nbsp;a desfasurat&nbsp;campania \u201ePartidele fata \u00een fata cu dizabilitatea\u201d. Campania&nbsp;si-a propuus includerea tematicii dizabilitatii \u00een agenda electorala, \u00een perspectiva alegerilor parlamentare din 30 noiembrie a.c.<\/strong><\/p>\n\n\n\n<p>Rom\u00e2nia se pregateste sa ratifice Conventia ONU cu privire la drepturile persoanelor cu dizabilitati, un document care marcheaza, istoric, trecerea la o noua \u00eentelegere a dizabilitatii: la fel ca si diversitatea etnica sau religioasa, de orientare sexuala sau politica, dizabilitatea este o forma de manifestare a diversitatii umane. Cea mai recenta dovada a acestei abordari a dizabilitatii a fost discursul presedintelui ales al SUA, Barack Obama&nbsp;<em>\u201eIt&#8217;s the answer spoken by young and old, rich and poor, Democrat and Republican, black, white, Latino, Asian, Native American, gay, straight,&nbsp;<strong>disabled and not disabled \u2013 Americans&nbsp;<\/strong>who sent a message to the world that we have never been a collection of Red States and Blue States: we are, and always will be, the United States of America.\u201d<\/em><\/p>\n\n\n\n<p>Si noi ne dorim si ne asteptam de la cei care ne conduc sa \u00eenteleaga ca persoanele cu dizabilitati sunt cetateni cu drepturi depline ai Rom\u00e2niei si ca este responsabilitatea statului rom\u00e2n sa asigure respectarea acestor drepturi.<\/p>\n\n\n\n<p>Campania \u201ePartidele fata \u00een fata cu dizabilitatea\u201d&nbsp;a oferit&nbsp;Partidelor politice oportunitatea de a prezenta votantilor modalitatile concrete prin care vor promova incluziunea sociala a persoanelor cu dizabilitati intelectuale. Totodata, campania a vizat informarea persoanelor cu dizabilitati, si a familiilor lor (adica un electorat de 1 milion si jumatate de votanti) pentru a vota \u00een cunostinta de cauza.<\/p>\n\n\n\n<p><strong>\u00cen acest sens organizatiile initiatoare au trimis o scrisoare principalelor trei partide politice din Rom\u00e2nia prin care li se solicita, ca p\u00e2na la data de 19 noiembrie a.c., sa precizeze principalele 3 prioritati ale acestora \u00een domeniul dizabilitatii si sa raspunda la urmatoarele 3 \u00eentrebari:<\/strong><\/p>\n\n\n\n<p>\u2022&nbsp; Veti vota \u00een favoarea ratificarii Conventiei ONU cu privire la drepturile persoanelor cu dizabilitati?<\/p>\n\n\n\n<p>\u2022&nbsp; Ce masuri legislative veti lua pentru stoparea abuzurilor \u00een ceea ce priveste aplicarea Legii 448\/2008 \u00een domeniul functionarii unitatilor protejate? (\u00cen prezent, spiritul legii, acela de angajare \u00een munca a persoanelor cu dizabilitati, este deturnat prin \u00eenfiintarea de asa-numite unitati protejate \u201ecapusa\u201d, a caror ratiune economica nu este angajarea persoanelor cu dizabilitati, ci profitul unor antreprenori imorali.<\/p>\n\n\n\n<p>\u2022&nbsp; Desi incluziunea sociala si viata \u00een comunitate, sustinuta de servicii comunitare de calitate, sunt subiecte stipulate \u00een toate strategiile si documentele oficiale din domeniul dizabilitatii, p\u00e2na \u00een prezent nu a fost \u00eenchisa nici o institutie rezidentiala pentru persoane adulte cu dizabilitati intelectuale. Din nefericire, statul rom\u00e2n continua sa investeasca \u00een \u201ereconditionarea\u201d acestora, ignor\u00e2nd faptul ca \u00eensasi existenta acestui gen de institutii de tip azil este o \u00eencalcare a drepturilor elementare ale omului. Partidul dumneavoastra va promova politici concrete \u00een favoarea \u00eenchiderii acestui tip de institutii si a orientarii fondurilor catre servicii sociale comunitare de calitate?<\/p>\n\n\n\n<p><strong>Odata centralizate, raspunsurile candidatilor au fost comunicate \u00een presa centrala si locala, pe site-ul Fundatiei \u201ePentru Voi\u201d si al Institutului pentru Politici Publice si \u00een spatiul virtual, pentru a contribui la buna informare a electoratului.<\/strong><\/p>\n\n\n\n<p><\/p>\n","protected":false},"excerpt":{"rendered":"<p>Pentru Voi si IPP solicita Parlamentului Romaniei sa acorde prioritate legislativa problemelor persoanelor cu dizabilitati Fundatia Pentru Voi si Institutul pentru Politici Publice (IPP) solicita Parlamentului Romaniei sa acorde prioritate legislativa problemelor persoanelor cu dizabilitati&nbsp;Bucuresti, 2 februarie 2010&nbsp;\u25a0 Avand in vedere preocuparea extrem de scazuta a actualului Parlament, asa cum rezulta din analiza activitatii primelor [&hellip;]<\/p>\n","protected":false},"author":1,"featured_media":0,"parent":0,"menu_order":0,"comment_status":"closed","ping_status":"closed","template":"","meta":{"_acf_changed":false,"ngg_post_thumbnail":0,"footnotes":""},"class_list":["post-1294","page","type-page","status-publish","hentry","entry"],"acf":[],"yoast_head":"<!-- This site is optimized with the Yoast SEO plugin v26.7 - https:\/\/yoast.com\/wordpress\/plugins\/seo\/ -->\n<title>CE AM SCHIMBAT - Fundatia Pentru Voi<\/title>\n<meta name=\"robots\" content=\"index, follow, max-snippet:-1, max-image-preview:large, max-video-preview:-1\" \/>\n<link rel=\"canonical\" href=\"https:\/\/dev.cm.upt.ro\/pentruvoi\/ce-am-schimbat\/\" \/>\n<meta property=\"og:locale\" content=\"en_US\" \/>\n<meta property=\"og:type\" content=\"article\" \/>\n<meta property=\"og:title\" content=\"CE AM SCHIMBAT - Fundatia Pentru Voi\" \/>\n<meta property=\"og:description\" content=\"Pentru Voi si IPP solicita Parlamentului Romaniei sa acorde prioritate legislativa problemelor persoanelor cu dizabilitati Fundatia Pentru Voi si Institutul pentru Politici Publice (IPP) solicita Parlamentului Romaniei sa acorde prioritate legislativa problemelor persoanelor cu dizabilitati&nbsp;Bucuresti, 2 februarie 2010&nbsp;\u25a0 Avand in vedere preocuparea extrem de scazuta a actualului Parlament, asa cum rezulta din analiza activitatii primelor [&hellip;]\" \/>\n<meta property=\"og:url\" content=\"https:\/\/dev.cm.upt.ro\/pentruvoi\/ce-am-schimbat\/\" \/>\n<meta property=\"og:site_name\" content=\"Fundatia Pentru Voi\" \/>\n<meta property=\"article:publisher\" content=\"https:\/\/www.facebook.com\/FoundationPentruVoi\" \/>\n<meta property=\"article:modified_time\" content=\"2019-06-20T21:21:36+00:00\" \/>\n<meta name=\"twitter:card\" content=\"summary_large_image\" \/>\n<meta name=\"twitter:site\" content=\"@PentruVoi\" \/>\n<meta name=\"twitter:label1\" content=\"Est. reading time\" \/>\n\t<meta name=\"twitter:data1\" content=\"8 minutes\" \/>\n<script type=\"application\/ld+json\" class=\"yoast-schema-graph\">{\"@context\":\"https:\/\/schema.org\",\"@graph\":[{\"@type\":\"WebPage\",\"@id\":\"https:\/\/dev.cm.upt.ro\/pentruvoi\/ce-am-schimbat\/\",\"url\":\"https:\/\/dev.cm.upt.ro\/pentruvoi\/ce-am-schimbat\/\",\"name\":\"CE AM SCHIMBAT - Fundatia Pentru Voi\",\"isPartOf\":{\"@id\":\"https:\/\/dev.cm.upt.ro\/pentruvoi\/#website\"},\"datePublished\":\"2019-06-19T06:00:35+00:00\",\"dateModified\":\"2019-06-20T21:21:36+00:00\",\"breadcrumb\":{\"@id\":\"https:\/\/dev.cm.upt.ro\/pentruvoi\/ce-am-schimbat\/#breadcrumb\"},\"inLanguage\":\"en-US\",\"potentialAction\":[{\"@type\":\"ReadAction\",\"target\":[\"https:\/\/dev.cm.upt.ro\/pentruvoi\/ce-am-schimbat\/\"]}]},{\"@type\":\"BreadcrumbList\",\"@id\":\"https:\/\/dev.cm.upt.ro\/pentruvoi\/ce-am-schimbat\/#breadcrumb\",\"itemListElement\":[{\"@type\":\"ListItem\",\"position\":1,\"name\":\"Prima pagin\u0103\",\"item\":\"https:\/\/dev.cm.upt.ro\/pentruvoi\/\"},{\"@type\":\"ListItem\",\"position\":2,\"name\":\"CE AM SCHIMBAT\"}]},{\"@type\":\"WebSite\",\"@id\":\"https:\/\/dev.cm.upt.ro\/pentruvoi\/#website\",\"url\":\"https:\/\/dev.cm.upt.ro\/pentruvoi\/\",\"name\":\"Fundatia Pentru Voi\",\"description\":\"\",\"publisher\":{\"@id\":\"https:\/\/dev.cm.upt.ro\/pentruvoi\/#organization\"},\"potentialAction\":[{\"@type\":\"SearchAction\",\"target\":{\"@type\":\"EntryPoint\",\"urlTemplate\":\"https:\/\/dev.cm.upt.ro\/pentruvoi\/?s={search_term_string}\"},\"query-input\":{\"@type\":\"PropertyValueSpecification\",\"valueRequired\":true,\"valueName\":\"search_term_string\"}}],\"inLanguage\":\"en-US\"},{\"@type\":\"Organization\",\"@id\":\"https:\/\/dev.cm.upt.ro\/pentruvoi\/#organization\",\"name\":\"Fundatia Pentru Voi\",\"url\":\"https:\/\/dev.cm.upt.ro\/pentruvoi\/\",\"logo\":{\"@type\":\"ImageObject\",\"inLanguage\":\"en-US\",\"@id\":\"https:\/\/dev.cm.upt.ro\/pentruvoi\/#\/schema\/logo\/image\/\",\"url\":\"https:\/\/dev.cm.upt.ro\/pentruvoi\/wp-content\/uploads\/2020\/01\/logo_pentruvoi.png\",\"contentUrl\":\"https:\/\/dev.cm.upt.ro\/pentruvoi\/wp-content\/uploads\/2020\/01\/logo_pentruvoi.png\",\"width\":157,\"height\":80,\"caption\":\"Fundatia Pentru Voi\"},\"image\":{\"@id\":\"https:\/\/dev.cm.upt.ro\/pentruvoi\/#\/schema\/logo\/image\/\"},\"sameAs\":[\"https:\/\/www.facebook.com\/FoundationPentruVoi\",\"https:\/\/x.com\/PentruVoi\"]}]}<\/script>\n<!-- \/ Yoast SEO plugin. -->","yoast_head_json":{"title":"CE AM SCHIMBAT - Fundatia Pentru Voi","robots":{"index":"index","follow":"follow","max-snippet":"max-snippet:-1","max-image-preview":"max-image-preview:large","max-video-preview":"max-video-preview:-1"},"canonical":"https:\/\/dev.cm.upt.ro\/pentruvoi\/ce-am-schimbat\/","og_locale":"en_US","og_type":"article","og_title":"CE AM SCHIMBAT - Fundatia Pentru Voi","og_description":"Pentru Voi si IPP solicita Parlamentului Romaniei sa acorde prioritate legislativa problemelor persoanelor cu dizabilitati Fundatia Pentru Voi si Institutul pentru Politici Publice (IPP) solicita Parlamentului Romaniei sa acorde prioritate legislativa problemelor persoanelor cu dizabilitati&nbsp;Bucuresti, 2 februarie 2010&nbsp;\u25a0 Avand in vedere preocuparea extrem de scazuta a actualului Parlament, asa cum rezulta din analiza activitatii primelor [&hellip;]","og_url":"https:\/\/dev.cm.upt.ro\/pentruvoi\/ce-am-schimbat\/","og_site_name":"Fundatia Pentru Voi","article_publisher":"https:\/\/www.facebook.com\/FoundationPentruVoi","article_modified_time":"2019-06-20T21:21:36+00:00","twitter_card":"summary_large_image","twitter_site":"@PentruVoi","twitter_misc":{"Est. reading time":"8 minutes"},"schema":{"@context":"https:\/\/schema.org","@graph":[{"@type":"WebPage","@id":"https:\/\/dev.cm.upt.ro\/pentruvoi\/ce-am-schimbat\/","url":"https:\/\/dev.cm.upt.ro\/pentruvoi\/ce-am-schimbat\/","name":"CE AM SCHIMBAT - Fundatia Pentru Voi","isPartOf":{"@id":"https:\/\/dev.cm.upt.ro\/pentruvoi\/#website"},"datePublished":"2019-06-19T06:00:35+00:00","dateModified":"2019-06-20T21:21:36+00:00","breadcrumb":{"@id":"https:\/\/dev.cm.upt.ro\/pentruvoi\/ce-am-schimbat\/#breadcrumb"},"inLanguage":"en-US","potentialAction":[{"@type":"ReadAction","target":["https:\/\/dev.cm.upt.ro\/pentruvoi\/ce-am-schimbat\/"]}]},{"@type":"BreadcrumbList","@id":"https:\/\/dev.cm.upt.ro\/pentruvoi\/ce-am-schimbat\/#breadcrumb","itemListElement":[{"@type":"ListItem","position":1,"name":"Prima pagin\u0103","item":"https:\/\/dev.cm.upt.ro\/pentruvoi\/"},{"@type":"ListItem","position":2,"name":"CE AM SCHIMBAT"}]},{"@type":"WebSite","@id":"https:\/\/dev.cm.upt.ro\/pentruvoi\/#website","url":"https:\/\/dev.cm.upt.ro\/pentruvoi\/","name":"Fundatia Pentru Voi","description":"","publisher":{"@id":"https:\/\/dev.cm.upt.ro\/pentruvoi\/#organization"},"potentialAction":[{"@type":"SearchAction","target":{"@type":"EntryPoint","urlTemplate":"https:\/\/dev.cm.upt.ro\/pentruvoi\/?s={search_term_string}"},"query-input":{"@type":"PropertyValueSpecification","valueRequired":true,"valueName":"search_term_string"}}],"inLanguage":"en-US"},{"@type":"Organization","@id":"https:\/\/dev.cm.upt.ro\/pentruvoi\/#organization","name":"Fundatia Pentru Voi","url":"https:\/\/dev.cm.upt.ro\/pentruvoi\/","logo":{"@type":"ImageObject","inLanguage":"en-US","@id":"https:\/\/dev.cm.upt.ro\/pentruvoi\/#\/schema\/logo\/image\/","url":"https:\/\/dev.cm.upt.ro\/pentruvoi\/wp-content\/uploads\/2020\/01\/logo_pentruvoi.png","contentUrl":"https:\/\/dev.cm.upt.ro\/pentruvoi\/wp-content\/uploads\/2020\/01\/logo_pentruvoi.png","width":157,"height":80,"caption":"Fundatia Pentru Voi"},"image":{"@id":"https:\/\/dev.cm.upt.ro\/pentruvoi\/#\/schema\/logo\/image\/"},"sameAs":["https:\/\/www.facebook.com\/FoundationPentruVoi","https:\/\/x.com\/PentruVoi"]}]}},"_links":{"self":[{"href":"https:\/\/dev.cm.upt.ro\/pentruvoi\/wp-json\/wp\/v2\/pages\/1294","targetHints":{"allow":["GET"]}}],"collection":[{"href":"https:\/\/dev.cm.upt.ro\/pentruvoi\/wp-json\/wp\/v2\/pages"}],"about":[{"href":"https:\/\/dev.cm.upt.ro\/pentruvoi\/wp-json\/wp\/v2\/types\/page"}],"author":[{"embeddable":true,"href":"https:\/\/dev.cm.upt.ro\/pentruvoi\/wp-json\/wp\/v2\/users\/1"}],"replies":[{"embeddable":true,"href":"https:\/\/dev.cm.upt.ro\/pentruvoi\/wp-json\/wp\/v2\/comments?post=1294"}],"version-history":[{"count":3,"href":"https:\/\/dev.cm.upt.ro\/pentruvoi\/wp-json\/wp\/v2\/pages\/1294\/revisions"}],"predecessor-version":[{"id":1569,"href":"https:\/\/dev.cm.upt.ro\/pentruvoi\/wp-json\/wp\/v2\/pages\/1294\/revisions\/1569"}],"wp:attachment":[{"href":"https:\/\/dev.cm.upt.ro\/pentruvoi\/wp-json\/wp\/v2\/media?parent=1294"}],"curies":[{"name":"wp","href":"https:\/\/api.w.org\/{rel}","templated":true}]}}