{"id":1297,"date":"2019-06-19T06:00:35","date_gmt":"2019-06-19T06:00:35","guid":{"rendered":"http:\/\/pentruvoi.ro\/?page_id=1297"},"modified":"2022-06-08T18:31:24","modified_gmt":"2022-06-08T16:31:24","slug":"autoreprezentare","status":"publish","type":"page","link":"https:\/\/dev.cm.upt.ro\/pentruvoi\/autoreprezentare\/","title":{"rendered":"AUTOREPREZENTARE"},"content":{"rendered":"<p>[vc_row][vc_column][vc_column_text]<\/p>\n<div class=\"module\">\n<header class=\"module-header module-header-centered\">\n<h2 class=\"module-heading\"><strong>Diferi\u0163i, dar \u00eempreun\u0103<\/strong><\/h2>\n<p>&nbsp;<\/p>\n<p class=\"module-excerpt\">GRUPUL AUTOREPREZENTAN\u0162ILOR DE LA PENTRU VOI<\/p>\n<p>Funda\u0163ia \u201ePentru Voi\u201d sprijin\u0103 activitatea autoreprezentan\u0163ilor de 15 ani.<\/p>\n<\/header>\n<\/div>\n<article class=\"module\">\n<header class=\"module-header module-header-compact\">\n<h3 class=\"module-heading\">Cum sprijin\u0103 Pentru Voi grupul autoreprezentan\u0163ilor:<\/h3>\n<\/header>\n<ul class=\"list-check list-check-normal\">\n<li><mark>Le cere p\u0103rerea despre toate deciziile legate de serviciile sociale de care beneficiaz\u0103 ei<\/mark><\/li>\n<li><mark>Ascult\u0103 ceea ce au de spus autoreprezentan\u0163ii<\/mark><\/li>\n<li><mark>Faciliteaz\u0103 \u00eent\u00e2lnirile autoreprezentan\u0163ilor \u00een cadrul c\u0103rora ei discut\u0103 despre lucruri importante pentru ei<\/mark><\/li>\n<li><mark>Sprijin\u0103 mi\u015fcarea de autoreprezentare pentru ca vocea persoanelor cu dizabilit\u0103\u0163i intelectuale s\u0103 fie auzite \u00een Timi\u015foara<\/mark><\/li>\n<li><mark>Sus\u0163in participarea lor activ\u0103 \u00een alte mi\u015fc\u0103ri de autoreprezentare, cum este EPSA (Platforma European\u0103 a Autoreprezentan\u0163ilor)<\/mark><\/li>\n<\/ul>\n<\/article>\n<div class=\"module module-bordered-top\">\n<p>Diferi\u0163i, dar \u00eempreun\u0103!\u201d &#8211; Grupul Autoreprezentan\u0163ilor de la Pentru Voi este format din peste 80 persoane adulte cu dizabilit\u0103\u0163i inteelctuale din Timi\u015foara, Rom\u00e2nia.<\/p>\n<p>Grupul autoreprezentan\u021bilor este \u00eemp\u0103r\u0163it \u00een 5 grupe mai mici a c\u00e2te 15-20 persoane. Ei se \u00eent\u00e2lnesc o dat\u0103 pe lun\u0103 \u015fi discut\u0103 despre probleme importante pentru ei: via\u0163\u0103 independent\u0103, dreptul de a lua propriile decizii, munc\u0103, s\u0103n\u0103tate, familie, prieteni, rela\u0163ii, participare activ\u0103 \u00een comunitate.<\/p>\n<p>\u00cent\u00e2lnirile sunt moderate de dou\u0103 persoane de suport.<\/p>\n<\/div>\n<div class=\"module module-bordered-top\">\n<p>O dat\u0103 pe an autoreprezentan\u0163ii particip\u0103 la conferin\u0163a na\u0163ional\u0103 a autoreprezentan\u0163ilor organizat\u0103 de Funda\u0163ia \u201cPentru Voi\u201d la Mamaia, \u00een ultimii 7 ani.<\/p>\n<p>Ocazional, autoreprezentan\u0163ii particip\u0103 la diverse evenimente tematice na\u0163ionale \u015fi interna\u0163ionale.<\/p>\n<p>Grupul de autoreprezentan\u0163i de la Pentru Voi are un comitet format din 7 persoane cu dizabilit\u0103\u0163i intelectuale. Tot ei au fost de asemenea selecta\u0163i s\u0103 participe la un training \u00een cadrului proiectului european TOPSIDE \u2013 Oportunit\u0103\u0163i de Training pentru Persoane cu dizabilit\u0103\u0163i Intelectuale din Europa. Prin acest proiect ei \u00ee\u015fi vor dezvolta abilit\u0103\u0163ile \u015fi calific\u0103rile necesare lu\u0103rii de decizii.<\/p>\n<\/div>\n<p>[\/vc_column_text][\/vc_column][\/vc_row]<\/p>\n<p>Pentru mai multe informa\u021bii v\u0103 invit\u0103m s\u0103 vizita\u021bi \u0219i pagina <a href=\"https:\/\/dev.cm.upt.ro\/pentruvoi\/centre-de-zi\/\">CENTRE DE ZI PENTRU ADULTI CU DIZABILITATI &#8211; Fundatia Pentru Voi<\/a><\/p>\n","protected":false},"excerpt":{"rendered":"<p>[vc_row][vc_column][vc_column_text] Diferi\u0163i, dar \u00eempreun\u0103 &nbsp; GRUPUL AUTOREPREZENTAN\u0162ILOR DE LA PENTRU VOI Funda\u0163ia \u201ePentru Voi\u201d sprijin\u0103 activitatea autoreprezentan\u0163ilor de 15 ani. Cum sprijin\u0103 Pentru Voi grupul autoreprezentan\u0163ilor: Le cere p\u0103rerea despre toate deciziile legate de serviciile sociale de care beneficiaz\u0103 ei Ascult\u0103 ceea ce au de spus autoreprezentan\u0163ii Faciliteaz\u0103 \u00eent\u00e2lnirile autoreprezentan\u0163ilor \u00een cadrul c\u0103rora ei discut\u0103 [&hellip;]<\/p>\n","protected":false},"author":1,"featured_media":0,"parent":0,"menu_order":0,"comment_status":"closed","ping_status":"closed","template":"","meta":{"_acf_changed":false,"ngg_post_thumbnail":0,"footnotes":""},"class_list":["post-1297","page","type-page","status-publish","hentry","entry"],"acf":[],"yoast_head":"<!-- This site is optimized with the Yoast SEO plugin v26.7 - https:\/\/yoast.com\/wordpress\/plugins\/seo\/ -->\n<title>AUTOREPREZENTARE - Fundatia Pentru Voi<\/title>\n<meta name=\"description\" content=\"&quot;Diferi\u0163i, dar \u00eempreun\u0103!\u201d-Grupul Autoreprezentan\u0163ilor de la Pentru Voi este format din peste 80 persoane adulte cu dizabilitati intelectuale\" \/>\n<meta name=\"robots\" content=\"index, follow, max-snippet:-1, max-image-preview:large, max-video-preview:-1\" \/>\n<link rel=\"canonical\" href=\"https:\/\/dev.cm.upt.ro\/pentruvoi\/autoreprezentare\/\" \/>\n<meta property=\"og:locale\" content=\"en_US\" \/>\n<meta property=\"og:type\" content=\"article\" \/>\n<meta property=\"og:title\" content=\"AUTOREPREZENTARE - Fundatia Pentru Voi\" \/>\n<meta property=\"og:description\" content=\"&quot;Diferi\u0163i, dar \u00eempreun\u0103!\u201d-Grupul Autoreprezentan\u0163ilor de la Pentru Voi este format din peste 80 persoane adulte cu dizabilitati intelectuale\" \/>\n<meta property=\"og:url\" content=\"https:\/\/dev.cm.upt.ro\/pentruvoi\/autoreprezentare\/\" \/>\n<meta property=\"og:site_name\" content=\"Fundatia Pentru Voi\" \/>\n<meta property=\"article:publisher\" content=\"https:\/\/www.facebook.com\/FoundationPentruVoi\" \/>\n<meta property=\"article:modified_time\" content=\"2022-06-08T16:31:24+00:00\" \/>\n<meta name=\"twitter:card\" content=\"summary_large_image\" \/>\n<meta name=\"twitter:site\" content=\"@PentruVoi\" \/>\n<meta name=\"twitter:label1\" content=\"Est. reading time\" \/>\n\t<meta name=\"twitter:data1\" content=\"2 minutes\" \/>\n<script type=\"application\/ld+json\" class=\"yoast-schema-graph\">{\"@context\":\"https:\/\/schema.org\",\"@graph\":[{\"@type\":\"WebPage\",\"@id\":\"https:\/\/dev.cm.upt.ro\/pentruvoi\/autoreprezentare\/\",\"url\":\"https:\/\/dev.cm.upt.ro\/pentruvoi\/autoreprezentare\/\",\"name\":\"AUTOREPREZENTARE - Fundatia Pentru Voi\",\"isPartOf\":{\"@id\":\"https:\/\/dev.cm.upt.ro\/pentruvoi\/#website\"},\"datePublished\":\"2019-06-19T06:00:35+00:00\",\"dateModified\":\"2022-06-08T16:31:24+00:00\",\"description\":\"\\\"Diferi\u0163i, dar \u00eempreun\u0103!\u201d-Grupul Autoreprezentan\u0163ilor de la Pentru Voi este format din peste 80 persoane adulte cu dizabilitati intelectuale\",\"breadcrumb\":{\"@id\":\"https:\/\/dev.cm.upt.ro\/pentruvoi\/autoreprezentare\/#breadcrumb\"},\"inLanguage\":\"en-US\",\"potentialAction\":[{\"@type\":\"ReadAction\",\"target\":[\"https:\/\/dev.cm.upt.ro\/pentruvoi\/autoreprezentare\/\"]}]},{\"@type\":\"BreadcrumbList\",\"@id\":\"https:\/\/dev.cm.upt.ro\/pentruvoi\/autoreprezentare\/#breadcrumb\",\"itemListElement\":[{\"@type\":\"ListItem\",\"position\":1,\"name\":\"Prima pagin\u0103\",\"item\":\"https:\/\/dev.cm.upt.ro\/pentruvoi\/\"},{\"@type\":\"ListItem\",\"position\":2,\"name\":\"AUTOREPREZENTARE\"}]},{\"@type\":\"WebSite\",\"@id\":\"https:\/\/dev.cm.upt.ro\/pentruvoi\/#website\",\"url\":\"https:\/\/dev.cm.upt.ro\/pentruvoi\/\",\"name\":\"Fundatia Pentru Voi\",\"description\":\"\",\"publisher\":{\"@id\":\"https:\/\/dev.cm.upt.ro\/pentruvoi\/#organization\"},\"potentialAction\":[{\"@type\":\"SearchAction\",\"target\":{\"@type\":\"EntryPoint\",\"urlTemplate\":\"https:\/\/dev.cm.upt.ro\/pentruvoi\/?s={search_term_string}\"},\"query-input\":{\"@type\":\"PropertyValueSpecification\",\"valueRequired\":true,\"valueName\":\"search_term_string\"}}],\"inLanguage\":\"en-US\"},{\"@type\":\"Organization\",\"@id\":\"https:\/\/dev.cm.upt.ro\/pentruvoi\/#organization\",\"name\":\"Fundatia Pentru Voi\",\"url\":\"https:\/\/dev.cm.upt.ro\/pentruvoi\/\",\"logo\":{\"@type\":\"ImageObject\",\"inLanguage\":\"en-US\",\"@id\":\"https:\/\/dev.cm.upt.ro\/pentruvoi\/#\/schema\/logo\/image\/\",\"url\":\"https:\/\/dev.cm.upt.ro\/pentruvoi\/wp-content\/uploads\/2020\/01\/logo_pentruvoi.png\",\"contentUrl\":\"https:\/\/dev.cm.upt.ro\/pentruvoi\/wp-content\/uploads\/2020\/01\/logo_pentruvoi.png\",\"width\":157,\"height\":80,\"caption\":\"Fundatia Pentru Voi\"},\"image\":{\"@id\":\"https:\/\/dev.cm.upt.ro\/pentruvoi\/#\/schema\/logo\/image\/\"},\"sameAs\":[\"https:\/\/www.facebook.com\/FoundationPentruVoi\",\"https:\/\/x.com\/PentruVoi\"]}]}<\/script>\n<!-- \/ Yoast SEO plugin. -->","yoast_head_json":{"title":"AUTOREPREZENTARE - Fundatia Pentru Voi","description":"\"Diferi\u0163i, dar \u00eempreun\u0103!\u201d-Grupul Autoreprezentan\u0163ilor de la Pentru Voi este format din peste 80 persoane adulte cu dizabilitati intelectuale","robots":{"index":"index","follow":"follow","max-snippet":"max-snippet:-1","max-image-preview":"max-image-preview:large","max-video-preview":"max-video-preview:-1"},"canonical":"https:\/\/dev.cm.upt.ro\/pentruvoi\/autoreprezentare\/","og_locale":"en_US","og_type":"article","og_title":"AUTOREPREZENTARE - Fundatia Pentru Voi","og_description":"\"Diferi\u0163i, dar \u00eempreun\u0103!\u201d-Grupul Autoreprezentan\u0163ilor de la Pentru Voi este format din peste 80 persoane adulte cu dizabilitati intelectuale","og_url":"https:\/\/dev.cm.upt.ro\/pentruvoi\/autoreprezentare\/","og_site_name":"Fundatia Pentru Voi","article_publisher":"https:\/\/www.facebook.com\/FoundationPentruVoi","article_modified_time":"2022-06-08T16:31:24+00:00","twitter_card":"summary_large_image","twitter_site":"@PentruVoi","twitter_misc":{"Est. reading time":"2 minutes"},"schema":{"@context":"https:\/\/schema.org","@graph":[{"@type":"WebPage","@id":"https:\/\/dev.cm.upt.ro\/pentruvoi\/autoreprezentare\/","url":"https:\/\/dev.cm.upt.ro\/pentruvoi\/autoreprezentare\/","name":"AUTOREPREZENTARE - Fundatia Pentru Voi","isPartOf":{"@id":"https:\/\/dev.cm.upt.ro\/pentruvoi\/#website"},"datePublished":"2019-06-19T06:00:35+00:00","dateModified":"2022-06-08T16:31:24+00:00","description":"\"Diferi\u0163i, dar \u00eempreun\u0103!\u201d-Grupul Autoreprezentan\u0163ilor de la Pentru Voi este format din peste 80 persoane adulte cu dizabilitati intelectuale","breadcrumb":{"@id":"https:\/\/dev.cm.upt.ro\/pentruvoi\/autoreprezentare\/#breadcrumb"},"inLanguage":"en-US","potentialAction":[{"@type":"ReadAction","target":["https:\/\/dev.cm.upt.ro\/pentruvoi\/autoreprezentare\/"]}]},{"@type":"BreadcrumbList","@id":"https:\/\/dev.cm.upt.ro\/pentruvoi\/autoreprezentare\/#breadcrumb","itemListElement":[{"@type":"ListItem","position":1,"name":"Prima pagin\u0103","item":"https:\/\/dev.cm.upt.ro\/pentruvoi\/"},{"@type":"ListItem","position":2,"name":"AUTOREPREZENTARE"}]},{"@type":"WebSite","@id":"https:\/\/dev.cm.upt.ro\/pentruvoi\/#website","url":"https:\/\/dev.cm.upt.ro\/pentruvoi\/","name":"Fundatia Pentru Voi","description":"","publisher":{"@id":"https:\/\/dev.cm.upt.ro\/pentruvoi\/#organization"},"potentialAction":[{"@type":"SearchAction","target":{"@type":"EntryPoint","urlTemplate":"https:\/\/dev.cm.upt.ro\/pentruvoi\/?s={search_term_string}"},"query-input":{"@type":"PropertyValueSpecification","valueRequired":true,"valueName":"search_term_string"}}],"inLanguage":"en-US"},{"@type":"Organization","@id":"https:\/\/dev.cm.upt.ro\/pentruvoi\/#organization","name":"Fundatia Pentru Voi","url":"https:\/\/dev.cm.upt.ro\/pentruvoi\/","logo":{"@type":"ImageObject","inLanguage":"en-US","@id":"https:\/\/dev.cm.upt.ro\/pentruvoi\/#\/schema\/logo\/image\/","url":"https:\/\/dev.cm.upt.ro\/pentruvoi\/wp-content\/uploads\/2020\/01\/logo_pentruvoi.png","contentUrl":"https:\/\/dev.cm.upt.ro\/pentruvoi\/wp-content\/uploads\/2020\/01\/logo_pentruvoi.png","width":157,"height":80,"caption":"Fundatia Pentru Voi"},"image":{"@id":"https:\/\/dev.cm.upt.ro\/pentruvoi\/#\/schema\/logo\/image\/"},"sameAs":["https:\/\/www.facebook.com\/FoundationPentruVoi","https:\/\/x.com\/PentruVoi"]}]}},"_links":{"self":[{"href":"https:\/\/dev.cm.upt.ro\/pentruvoi\/wp-json\/wp\/v2\/pages\/1297","targetHints":{"allow":["GET"]}}],"collection":[{"href":"https:\/\/dev.cm.upt.ro\/pentruvoi\/wp-json\/wp\/v2\/pages"}],"about":[{"href":"https:\/\/dev.cm.upt.ro\/pentruvoi\/wp-json\/wp\/v2\/types\/page"}],"author":[{"embeddable":true,"href":"https:\/\/dev.cm.upt.ro\/pentruvoi\/wp-json\/wp\/v2\/users\/1"}],"replies":[{"embeddable":true,"href":"https:\/\/dev.cm.upt.ro\/pentruvoi\/wp-json\/wp\/v2\/comments?post=1297"}],"version-history":[{"count":6,"href":"https:\/\/dev.cm.upt.ro\/pentruvoi\/wp-json\/wp\/v2\/pages\/1297\/revisions"}],"predecessor-version":[{"id":3538,"href":"https:\/\/dev.cm.upt.ro\/pentruvoi\/wp-json\/wp\/v2\/pages\/1297\/revisions\/3538"}],"wp:attachment":[{"href":"https:\/\/dev.cm.upt.ro\/pentruvoi\/wp-json\/wp\/v2\/media?parent=1297"}],"curies":[{"name":"wp","href":"https:\/\/api.w.org\/{rel}","templated":true}]}}