{"id":14,"date":"2019-06-18T03:30:03","date_gmt":"2019-06-18T03:30:03","guid":{"rendered":"http:\/\/pentruvoi.ro\/?page_id=14"},"modified":"2025-01-25T14:31:14","modified_gmt":"2025-01-25T12:31:14","slug":"despre-noi","status":"publish","type":"page","link":"https:\/\/dev.cm.upt.ro\/pentruvoi\/despre-noi\/","title":{"rendered":"Despre noi"},"content":{"rendered":"<p>[vc_section full_width=&#8221;stretch_row&#8221; css=&#8221;.vc_custom_1579002245482{padding-top: 30vh !important;padding-bottom: 30vh !important;background-image: url(https:\/\/dev.cm.upt.ro\/pentruvoi\/wp-content\/uploads\/2019\/12\/MCP1954-scaled.jpg?id=1833) !important;}&#8221;][vc_row][vc_column][vc_custom_heading text=&#8221;&#8221; font_container=&#8221;tag:p|text_align:left|color:%23c4c4c4&#8243; google_fonts=&#8221;font_family:Raleway%3A100%2C200%2C300%2Cregular%2C500%2C600%2C700%2C800%2C900|font_style:300%20light%20regular%3A300%3Anormal&#8221;][vc_custom_heading text=&#8221;Despre noi&#8221; font_container=&#8221;tag:h2|font_size:70px|text_align:left|color:%23ffffff|line_height:60px&#8221; google_fonts=&#8221;font_family:Raleway%3A100%2C200%2C300%2Cregular%2C500%2C600%2C700%2C800%2C900|font_style:800%20bold%20regular%3A800%3Anormal&#8221; custom_letter_spacing=&#8221;-2px&#8221;][\/vc_column][\/vc_row][\/vc_section][vc_section full_width=&#8221;stretch_row&#8221; css=&#8221;.vc_custom_1579088458310{padding-top: 10px !important;padding-bottom: 10px !important;background-color: #181818 !important;background-position: center !important;background-repeat: no-repeat !important;background-size: cover !important;}&#8221;][vc_row css=&#8221;.vc_custom_1501483321773{background-position: center !important;background-repeat: no-repeat !important;background-size: cover !important;}&#8221;][vc_column width=&#8221;1\/4&#8243;][vc_custom_heading text=&#8221;<u>Echipa<\/u> &#8220;Pentru Voi&#8220;&#8221; font_container=&#8221;tag:h3|text_align:left|color:%23ffffff&#8221; google_fonts=&#8221;font_family:Raleway%3A100%2C200%2C300%2Cregular%2C500%2C600%2C700%2C800%2C900|font_style:800%20bold%20regular%3A800%3Anormal&#8221; custom_letter_spacing=&#8221;-1px&#8221; link=&#8221;url:http%3A%2F%2Fpentruvoi.ro%2Fechipa-pentru-voi%2F|||&#8221;][\/vc_column][vc_column width=&#8221;1\/4&#8243;][vc_custom_heading text=&#8221;<u>Rapoarte<\/u> anuale&#8221; font_container=&#8221;tag:h3|text_align:left|color:%23ffffff&#8221; google_fonts=&#8221;font_family:Raleway%3A100%2C200%2C300%2Cregular%2C500%2C600%2C700%2C800%2C900|font_style:800%20bold%20regular%3A800%3Anormal&#8221; custom_letter_spacing=&#8221;-1px&#8221; link=&#8221;url:http%3A%2F%2Fpentruvoi.ro%2Frapoarte-anuale%2F|||&#8221;][\/vc_column][vc_column width=&#8221;1\/4&#8243;][vc_custom_heading text=&#8221;<u>Istoricul<\/u> funda\u0163iei&#8221; font_container=&#8221;tag:h3|text_align:left|color:%23ffffff&#8221; google_fonts=&#8221;font_family:Raleway%3A100%2C200%2C300%2Cregular%2C500%2C600%2C700%2C800%2C900|font_style:800%20bold%20regular%3A800%3Anormal&#8221; custom_letter_spacing=&#8221;-1px&#8221; link=&#8221;url:http%3A%2F%2Fpentruvoi.ro%2Fistoricul%2F|||&#8221;][\/vc_column][vc_column width=&#8221;1\/4&#8243;][vc_custom_heading text=&#8221;<u>Premii<\/u>&#8221; font_container=&#8221;tag:h3|text_align:left|color:%23ffffff&#8221; google_fonts=&#8221;font_family:Raleway%3A100%2C200%2C300%2Cregular%2C500%2C600%2C700%2C800%2C900|font_style:800%20bold%20regular%3A800%3Anormal&#8221; custom_letter_spacing=&#8221;-1px&#8221; link=&#8221;url:http%3A%2F%2Fpentruvoi.ro%2Fpremii%2F|||&#8221;][\/vc_column][\/vc_row][\/vc_section][vc_section css=&#8221;.vc_custom_1501467764272{padding-top: 55px !important;padding-bottom: 55px !important;}&#8221;][vc_row equal_height=&#8221;yes&#8221; content_placement=&#8221;middle&#8221;][vc_column width=&#8221;1\/2&#8243;][vc_single_image image=&#8221;1717&#8243; img_size=&#8221;full&#8221; alignment=&#8221;center&#8221; el_class=&#8221;lead-img&#8221;][\/vc_column][vc_column width=&#8221;1\/2&#8243; css=&#8221;.vc_custom_1501469736493{padding-right: 50px !important;padding-left: 50px !important;}&#8221;][vc_custom_heading text=&#8221;<u>Funda\u021bia<\/u> \u201cPentru Voi\u201d.&#8221; google_fonts=&#8221;font_family:Raleway%3A100%2C200%2C300%2Cregular%2C500%2C600%2C700%2C800%2C900|font_style:800%20bold%20regular%3A800%3Anormal&#8221; custom_letter_spacing=&#8221;-1.8px&#8221;][vc_custom_heading text=&#8221;Organiza\u0163ie neguvernamental\u0103 care ofer\u0103 servicii comunitare \u00een parteneriat cu Consiliul Local \u015fi Prim\u0103ria Municipiului Timi\u015foara \u015fi militeaz\u0103 pentru drepturile persoanelor cu dizabilit\u0103\u0163i de dezvoltare.&#8221; font_container=&#8221;tag:p|text_align:left|color:%23636363&#8243; google_fonts=&#8221;font_family:Raleway%3A100%2C200%2C300%2Cregular%2C500%2C600%2C700%2C800%2C900|font_style:300%20light%20regular%3A300%3Anormal&#8221; css=&#8221;.vc_custom_1560755754478{margin-top: 40px !important;}&#8221;][vc_column_text css=&#8221;.vc_custom_1560756517675{margin-top: 25px !important;}&#8221;]<\/p>\n<h3 class=\"icobox-heading\">MISIUNEA<\/h3>\n<p>Cre\u015fterea calit\u0103\u0163ii vie\u0163ii pentru persoanele cu dizabilit\u0103\u0163i de dezvoltare \u015fi familiile acestora.<\/p>\n<h3 class=\"icobox-heading\">FILOZOFIA<\/h3>\n<p>Incluziunea &#8211; bazat\u0103 pe credin\u0163a c\u0103 to\u0163i oamenii sunt egali \u015fi trebuie respecta\u0163i \u015fi valoriza\u0163i.<\/p>\n<h3 class=\"icobox-heading\">BENEFICIARI<\/h3>\n<p>200 de persoane adulte cu dizabilit\u0103\u0163i de dezvoltare \u015fi familiile lor.[\/vc_column_text][vc_custom_heading text=&#8221;&#8221; font_container=&#8221;tag:p|text_align:left|color:%23636363&#8243; google_fonts=&#8221;font_family:Raleway%3A100%2C200%2C300%2Cregular%2C500%2C600%2C700%2C800%2C900|font_style:300%20light%20regular%3A300%3Anormal&#8221; css=&#8221;.vc_custom_1560755979643{margin-top: 40px !important;}&#8221;][\/vc_column][\/vc_row][\/vc_section]<\/p>\n","protected":false},"excerpt":{"rendered":"<p>[vc_section full_width=&#8221;stretch_row&#8221; css=&#8221;.vc_custom_1579002245482{padding-top: 30vh !important;padding-bottom: 30vh !important;background-image: url(https:\/\/dev.cm.upt.ro\/pentruvoi\/wp-content\/uploads\/2019\/12\/MCP1954-scaled.jpg?id=1833) !important;}&#8221;][vc_row][vc_column][vc_custom_heading text=&#8221;&#8221; font_container=&#8221;tag:p|text_align:left|color:%23c4c4c4&#8243; google_fonts=&#8221;font_family:Raleway%3A100%2C200%2C300%2Cregular%2C500%2C600%2C700%2C800%2C900|font_style:300%20light%20regular%3A300%3Anormal&#8221;][vc_custom_heading text=&#8221;Despre noi&#8221; font_container=&#8221;tag:h2|font_size:70px|text_align:left|color:%23ffffff|line_height:60px&#8221; google_fonts=&#8221;font_family:Raleway%3A100%2C200%2C300%2Cregular%2C500%2C600%2C700%2C800%2C900|font_style:800%20bold%20regular%3A800%3Anormal&#8221; custom_letter_spacing=&#8221;-2px&#8221;][\/vc_column][\/vc_row][\/vc_section][vc_section full_width=&#8221;stretch_row&#8221; css=&#8221;.vc_custom_1579088458310{padding-top: 10px !important;padding-bottom: 10px !important;background-color: #181818 !important;background-position: center !important;background-repeat: no-repeat !important;background-size: cover !important;}&#8221;][vc_row css=&#8221;.vc_custom_1501483321773{background-position: center !important;background-repeat: no-repeat !important;background-size: cover !important;}&#8221;][vc_column width=&#8221;1\/4&#8243;][vc_custom_heading text=&#8221;Echipa &#8220;Pentru Voi&#8220;&#8221; font_container=&#8221;tag:h3|text_align:left|color:%23ffffff&#8221; google_fonts=&#8221;font_family:Raleway%3A100%2C200%2C300%2Cregular%2C500%2C600%2C700%2C800%2C900|font_style:800%20bold%20regular%3A800%3Anormal&#8221; custom_letter_spacing=&#8221;-1px&#8221; link=&#8221;url:http%3A%2F%2Fpentruvoi.ro%2Fechipa-pentru-voi%2F|||&#8221;][\/vc_column][vc_column width=&#8221;1\/4&#8243;][vc_custom_heading text=&#8221;Rapoarte anuale&#8221; font_container=&#8221;tag:h3|text_align:left|color:%23ffffff&#8221; google_fonts=&#8221;font_family:Raleway%3A100%2C200%2C300%2Cregular%2C500%2C600%2C700%2C800%2C900|font_style:800%20bold%20regular%3A800%3Anormal&#8221; custom_letter_spacing=&#8221;-1px&#8221; link=&#8221;url:http%3A%2F%2Fpentruvoi.ro%2Frapoarte-anuale%2F|||&#8221;][\/vc_column][vc_column width=&#8221;1\/4&#8243;][vc_custom_heading text=&#8221;Istoricul [&hellip;]<\/p>\n","protected":false},"author":1,"featured_media":0,"parent":0,"menu_order":0,"comment_status":"closed","ping_status":"closed","template":"","meta":{"_acf_changed":false,"ngg_post_thumbnail":0,"footnotes":""},"class_list":["post-14","page","type-page","status-publish","hentry","entry"],"acf":[],"yoast_head":"<!-- This site is optimized with the Yoast SEO plugin v26.7 - https:\/\/yoast.com\/wordpress\/plugins\/seo\/ -->\n<title>Despre noi - Fundatia Pentru Voi<\/title>\n<meta name=\"robots\" content=\"index, follow, max-snippet:-1, max-image-preview:large, max-video-preview:-1\" \/>\n<link rel=\"canonical\" href=\"https:\/\/dev.cm.upt.ro\/pentruvoi\/despre-noi\/\" \/>\n<meta property=\"og:locale\" content=\"en_US\" \/>\n<meta property=\"og:type\" content=\"article\" \/>\n<meta property=\"og:title\" content=\"Despre noi - Fundatia Pentru Voi\" \/>\n<meta property=\"og:description\" content=\"[vc_section full_width=&#8221;stretch_row&#8221; css=&#8221;.vc_custom_1579002245482{padding-top: 30vh !important;padding-bottom: 30vh !important;background-image: url(https:\/\/dev.cm.upt.ro\/pentruvoi\/wp-content\/uploads\/2019\/12\/MCP1954-scaled.jpg?id=1833) !important;}&#8221;][vc_row][vc_column][vc_custom_heading text=&#8221;&#8221; font_container=&#8221;tag:p|text_align:left|color:%23c4c4c4&#8243; google_fonts=&#8221;font_family:Raleway%3A100%2C200%2C300%2Cregular%2C500%2C600%2C700%2C800%2C900|font_style:300%20light%20regular%3A300%3Anormal&#8221;][vc_custom_heading text=&#8221;Despre noi&#8221; font_container=&#8221;tag:h2|font_size:70px|text_align:left|color:%23ffffff|line_height:60px&#8221; google_fonts=&#8221;font_family:Raleway%3A100%2C200%2C300%2Cregular%2C500%2C600%2C700%2C800%2C900|font_style:800%20bold%20regular%3A800%3Anormal&#8221; custom_letter_spacing=&#8221;-2px&#8221;][\/vc_column][\/vc_row][\/vc_section][vc_section full_width=&#8221;stretch_row&#8221; css=&#8221;.vc_custom_1579088458310{padding-top: 10px !important;padding-bottom: 10px !important;background-color: #181818 !important;background-position: center !important;background-repeat: no-repeat !important;background-size: cover !important;}&#8221;][vc_row css=&#8221;.vc_custom_1501483321773{background-position: center !important;background-repeat: no-repeat !important;background-size: cover !important;}&#8221;][vc_column width=&#8221;1\/4&#8243;][vc_custom_heading text=&#8221;Echipa &#8220;Pentru Voi&#8220;&#8221; font_container=&#8221;tag:h3|text_align:left|color:%23ffffff&#8221; google_fonts=&#8221;font_family:Raleway%3A100%2C200%2C300%2Cregular%2C500%2C600%2C700%2C800%2C900|font_style:800%20bold%20regular%3A800%3Anormal&#8221; custom_letter_spacing=&#8221;-1px&#8221; link=&#8221;url:http%3A%2F%2Fpentruvoi.ro%2Fechipa-pentru-voi%2F|||&#8221;][\/vc_column][vc_column width=&#8221;1\/4&#8243;][vc_custom_heading text=&#8221;Rapoarte anuale&#8221; font_container=&#8221;tag:h3|text_align:left|color:%23ffffff&#8221; google_fonts=&#8221;font_family:Raleway%3A100%2C200%2C300%2Cregular%2C500%2C600%2C700%2C800%2C900|font_style:800%20bold%20regular%3A800%3Anormal&#8221; custom_letter_spacing=&#8221;-1px&#8221; link=&#8221;url:http%3A%2F%2Fpentruvoi.ro%2Frapoarte-anuale%2F|||&#8221;][\/vc_column][vc_column width=&#8221;1\/4&#8243;][vc_custom_heading text=&#8221;Istoricul [&hellip;]\" \/>\n<meta property=\"og:url\" content=\"https:\/\/dev.cm.upt.ro\/pentruvoi\/despre-noi\/\" \/>\n<meta property=\"og:site_name\" content=\"Fundatia Pentru Voi\" \/>\n<meta property=\"article:publisher\" content=\"https:\/\/www.facebook.com\/FoundationPentruVoi\" \/>\n<meta property=\"article:modified_time\" content=\"2025-01-25T12:31:14+00:00\" \/>\n<meta name=\"twitter:card\" content=\"summary_large_image\" \/>\n<meta name=\"twitter:site\" content=\"@PentruVoi\" \/>\n<meta name=\"twitter:label1\" content=\"Est. reading time\" \/>\n\t<meta name=\"twitter:data1\" content=\"3 minutes\" \/>\n<script type=\"application\/ld+json\" class=\"yoast-schema-graph\">{\"@context\":\"https:\/\/schema.org\",\"@graph\":[{\"@type\":\"WebPage\",\"@id\":\"https:\/\/dev.cm.upt.ro\/pentruvoi\/despre-noi\/\",\"url\":\"https:\/\/dev.cm.upt.ro\/pentruvoi\/despre-noi\/\",\"name\":\"Despre noi - Fundatia Pentru Voi\",\"isPartOf\":{\"@id\":\"https:\/\/dev.cm.upt.ro\/pentruvoi\/#website\"},\"datePublished\":\"2019-06-18T03:30:03+00:00\",\"dateModified\":\"2025-01-25T12:31:14+00:00\",\"breadcrumb\":{\"@id\":\"https:\/\/dev.cm.upt.ro\/pentruvoi\/despre-noi\/#breadcrumb\"},\"inLanguage\":\"en-US\",\"potentialAction\":[{\"@type\":\"ReadAction\",\"target\":[\"https:\/\/dev.cm.upt.ro\/pentruvoi\/despre-noi\/\"]}]},{\"@type\":\"BreadcrumbList\",\"@id\":\"https:\/\/dev.cm.upt.ro\/pentruvoi\/despre-noi\/#breadcrumb\",\"itemListElement\":[{\"@type\":\"ListItem\",\"position\":1,\"name\":\"Prima pagin\u0103\",\"item\":\"https:\/\/dev.cm.upt.ro\/pentruvoi\/\"},{\"@type\":\"ListItem\",\"position\":2,\"name\":\"Despre noi\"}]},{\"@type\":\"WebSite\",\"@id\":\"https:\/\/dev.cm.upt.ro\/pentruvoi\/#website\",\"url\":\"https:\/\/dev.cm.upt.ro\/pentruvoi\/\",\"name\":\"Fundatia Pentru Voi\",\"description\":\"\",\"publisher\":{\"@id\":\"https:\/\/dev.cm.upt.ro\/pentruvoi\/#organization\"},\"potentialAction\":[{\"@type\":\"SearchAction\",\"target\":{\"@type\":\"EntryPoint\",\"urlTemplate\":\"https:\/\/dev.cm.upt.ro\/pentruvoi\/?s={search_term_string}\"},\"query-input\":{\"@type\":\"PropertyValueSpecification\",\"valueRequired\":true,\"valueName\":\"search_term_string\"}}],\"inLanguage\":\"en-US\"},{\"@type\":\"Organization\",\"@id\":\"https:\/\/dev.cm.upt.ro\/pentruvoi\/#organization\",\"name\":\"Fundatia Pentru Voi\",\"url\":\"https:\/\/dev.cm.upt.ro\/pentruvoi\/\",\"logo\":{\"@type\":\"ImageObject\",\"inLanguage\":\"en-US\",\"@id\":\"https:\/\/dev.cm.upt.ro\/pentruvoi\/#\/schema\/logo\/image\/\",\"url\":\"https:\/\/dev.cm.upt.ro\/pentruvoi\/wp-content\/uploads\/2020\/01\/logo_pentruvoi.png\",\"contentUrl\":\"https:\/\/dev.cm.upt.ro\/pentruvoi\/wp-content\/uploads\/2020\/01\/logo_pentruvoi.png\",\"width\":157,\"height\":80,\"caption\":\"Fundatia Pentru Voi\"},\"image\":{\"@id\":\"https:\/\/dev.cm.upt.ro\/pentruvoi\/#\/schema\/logo\/image\/\"},\"sameAs\":[\"https:\/\/www.facebook.com\/FoundationPentruVoi\",\"https:\/\/x.com\/PentruVoi\"]}]}<\/script>\n<!-- \/ Yoast SEO plugin. -->","yoast_head_json":{"title":"Despre noi - Fundatia Pentru Voi","robots":{"index":"index","follow":"follow","max-snippet":"max-snippet:-1","max-image-preview":"max-image-preview:large","max-video-preview":"max-video-preview:-1"},"canonical":"https:\/\/dev.cm.upt.ro\/pentruvoi\/despre-noi\/","og_locale":"en_US","og_type":"article","og_title":"Despre noi - Fundatia Pentru Voi","og_description":"[vc_section full_width=&#8221;stretch_row&#8221; css=&#8221;.vc_custom_1579002245482{padding-top: 30vh !important;padding-bottom: 30vh !important;background-image: url(https:\/\/dev.cm.upt.ro\/pentruvoi\/wp-content\/uploads\/2019\/12\/MCP1954-scaled.jpg?id=1833) !important;}&#8221;][vc_row][vc_column][vc_custom_heading text=&#8221;&#8221; font_container=&#8221;tag:p|text_align:left|color:%23c4c4c4&#8243; google_fonts=&#8221;font_family:Raleway%3A100%2C200%2C300%2Cregular%2C500%2C600%2C700%2C800%2C900|font_style:300%20light%20regular%3A300%3Anormal&#8221;][vc_custom_heading text=&#8221;Despre noi&#8221; font_container=&#8221;tag:h2|font_size:70px|text_align:left|color:%23ffffff|line_height:60px&#8221; google_fonts=&#8221;font_family:Raleway%3A100%2C200%2C300%2Cregular%2C500%2C600%2C700%2C800%2C900|font_style:800%20bold%20regular%3A800%3Anormal&#8221; custom_letter_spacing=&#8221;-2px&#8221;][\/vc_column][\/vc_row][\/vc_section][vc_section full_width=&#8221;stretch_row&#8221; css=&#8221;.vc_custom_1579088458310{padding-top: 10px !important;padding-bottom: 10px !important;background-color: #181818 !important;background-position: center !important;background-repeat: no-repeat !important;background-size: cover !important;}&#8221;][vc_row css=&#8221;.vc_custom_1501483321773{background-position: center !important;background-repeat: no-repeat !important;background-size: cover !important;}&#8221;][vc_column width=&#8221;1\/4&#8243;][vc_custom_heading text=&#8221;Echipa &#8220;Pentru Voi&#8220;&#8221; font_container=&#8221;tag:h3|text_align:left|color:%23ffffff&#8221; google_fonts=&#8221;font_family:Raleway%3A100%2C200%2C300%2Cregular%2C500%2C600%2C700%2C800%2C900|font_style:800%20bold%20regular%3A800%3Anormal&#8221; custom_letter_spacing=&#8221;-1px&#8221; link=&#8221;url:http%3A%2F%2Fpentruvoi.ro%2Fechipa-pentru-voi%2F|||&#8221;][\/vc_column][vc_column width=&#8221;1\/4&#8243;][vc_custom_heading text=&#8221;Rapoarte anuale&#8221; font_container=&#8221;tag:h3|text_align:left|color:%23ffffff&#8221; google_fonts=&#8221;font_family:Raleway%3A100%2C200%2C300%2Cregular%2C500%2C600%2C700%2C800%2C900|font_style:800%20bold%20regular%3A800%3Anormal&#8221; custom_letter_spacing=&#8221;-1px&#8221; link=&#8221;url:http%3A%2F%2Fpentruvoi.ro%2Frapoarte-anuale%2F|||&#8221;][\/vc_column][vc_column width=&#8221;1\/4&#8243;][vc_custom_heading text=&#8221;Istoricul [&hellip;]","og_url":"https:\/\/dev.cm.upt.ro\/pentruvoi\/despre-noi\/","og_site_name":"Fundatia Pentru Voi","article_publisher":"https:\/\/www.facebook.com\/FoundationPentruVoi","article_modified_time":"2025-01-25T12:31:14+00:00","twitter_card":"summary_large_image","twitter_site":"@PentruVoi","twitter_misc":{"Est. reading time":"3 minutes"},"schema":{"@context":"https:\/\/schema.org","@graph":[{"@type":"WebPage","@id":"https:\/\/dev.cm.upt.ro\/pentruvoi\/despre-noi\/","url":"https:\/\/dev.cm.upt.ro\/pentruvoi\/despre-noi\/","name":"Despre noi - Fundatia Pentru Voi","isPartOf":{"@id":"https:\/\/dev.cm.upt.ro\/pentruvoi\/#website"},"datePublished":"2019-06-18T03:30:03+00:00","dateModified":"2025-01-25T12:31:14+00:00","breadcrumb":{"@id":"https:\/\/dev.cm.upt.ro\/pentruvoi\/despre-noi\/#breadcrumb"},"inLanguage":"en-US","potentialAction":[{"@type":"ReadAction","target":["https:\/\/dev.cm.upt.ro\/pentruvoi\/despre-noi\/"]}]},{"@type":"BreadcrumbList","@id":"https:\/\/dev.cm.upt.ro\/pentruvoi\/despre-noi\/#breadcrumb","itemListElement":[{"@type":"ListItem","position":1,"name":"Prima pagin\u0103","item":"https:\/\/dev.cm.upt.ro\/pentruvoi\/"},{"@type":"ListItem","position":2,"name":"Despre noi"}]},{"@type":"WebSite","@id":"https:\/\/dev.cm.upt.ro\/pentruvoi\/#website","url":"https:\/\/dev.cm.upt.ro\/pentruvoi\/","name":"Fundatia Pentru Voi","description":"","publisher":{"@id":"https:\/\/dev.cm.upt.ro\/pentruvoi\/#organization"},"potentialAction":[{"@type":"SearchAction","target":{"@type":"EntryPoint","urlTemplate":"https:\/\/dev.cm.upt.ro\/pentruvoi\/?s={search_term_string}"},"query-input":{"@type":"PropertyValueSpecification","valueRequired":true,"valueName":"search_term_string"}}],"inLanguage":"en-US"},{"@type":"Organization","@id":"https:\/\/dev.cm.upt.ro\/pentruvoi\/#organization","name":"Fundatia Pentru Voi","url":"https:\/\/dev.cm.upt.ro\/pentruvoi\/","logo":{"@type":"ImageObject","inLanguage":"en-US","@id":"https:\/\/dev.cm.upt.ro\/pentruvoi\/#\/schema\/logo\/image\/","url":"https:\/\/dev.cm.upt.ro\/pentruvoi\/wp-content\/uploads\/2020\/01\/logo_pentruvoi.png","contentUrl":"https:\/\/dev.cm.upt.ro\/pentruvoi\/wp-content\/uploads\/2020\/01\/logo_pentruvoi.png","width":157,"height":80,"caption":"Fundatia Pentru Voi"},"image":{"@id":"https:\/\/dev.cm.upt.ro\/pentruvoi\/#\/schema\/logo\/image\/"},"sameAs":["https:\/\/www.facebook.com\/FoundationPentruVoi","https:\/\/x.com\/PentruVoi"]}]}},"_links":{"self":[{"href":"https:\/\/dev.cm.upt.ro\/pentruvoi\/wp-json\/wp\/v2\/pages\/14","targetHints":{"allow":["GET"]}}],"collection":[{"href":"https:\/\/dev.cm.upt.ro\/pentruvoi\/wp-json\/wp\/v2\/pages"}],"about":[{"href":"https:\/\/dev.cm.upt.ro\/pentruvoi\/wp-json\/wp\/v2\/types\/page"}],"author":[{"embeddable":true,"href":"https:\/\/dev.cm.upt.ro\/pentruvoi\/wp-json\/wp\/v2\/users\/1"}],"replies":[{"embeddable":true,"href":"https:\/\/dev.cm.upt.ro\/pentruvoi\/wp-json\/wp\/v2\/comments?post=14"}],"version-history":[{"count":49,"href":"https:\/\/dev.cm.upt.ro\/pentruvoi\/wp-json\/wp\/v2\/pages\/14\/revisions"}],"predecessor-version":[{"id":5009,"href":"https:\/\/dev.cm.upt.ro\/pentruvoi\/wp-json\/wp\/v2\/pages\/14\/revisions\/5009"}],"wp:attachment":[{"href":"https:\/\/dev.cm.upt.ro\/pentruvoi\/wp-json\/wp\/v2\/media?parent=14"}],"curies":[{"name":"wp","href":"https:\/\/api.w.org\/{rel}","templated":true}]}}