{"id":1500,"date":"2019-06-20T17:21:38","date_gmt":"2019-06-20T17:21:38","guid":{"rendered":"http:\/\/pentruvoi.ro\/?page_id=1500"},"modified":"2019-06-20T17:28:24","modified_gmt":"2019-06-20T17:28:24","slug":"publicatii","status":"publish","type":"page","link":"https:\/\/dev.cm.upt.ro\/pentruvoi\/publicatii\/","title":{"rendered":"PUBLICATII"},"content":{"rendered":"<p>[vc_row][vc_column][vc_column_text]<\/p>\n<header class=\"article-header\">\n<h2 class=\"article-heading\">Parteneriat pentru comunitate:<\/h2>\n<\/header>\n<div class=\"article-body\">\n<p><strong>Autori:<\/strong>\u00a0Funda\u0163ia \u201ePentru Voi\u201d<\/p>\n<p><strong>Data public\u0103rii:<\/strong>\u00a0iunie 2010<\/p>\n<p><strong>Domeniu:<\/strong>\u00a0Servicii sociale destinate persoanelor cu dizabilitati intelectuale<\/p>\n<p><strong>Descriere publica\u0163ie:<\/strong>\u00a0Studiul de fa\u0163\u0103 cuprinde informa\u0163ii generale despre modalitatea prin care sunt finan\u0163ate serviciile sociale \u00een Timi\u015foara, beneficiile administra\u0163iei publice \u00een urma parteneriatelor public-private, serviciile sociale oferite de organiza\u0163iile neguvernamentale \u015fi sus\u0163inute de autorit\u0103\u0163ile publice precum \u015fi mecanismele de finan\u0163are. Vrem s\u0103 ar\u0103t\u0103m \u00een paginile care urmeaz\u0103 c\u0103 parteneriatul dintre administra\u0163ie \u015fi sectorul neguvernamental \u00een furnizarea servicii sociale este posibil \u015fi, mai ales, c\u0103 are rezultate notabile pentru comunitate. A\u015fa cum reiese din paginile de mai jos, administra\u0163ia local\u0103 din Timi\u015foara reu\u015fe\u015fte, cooper\u00e2nd cu mai multe organiza\u0163ii neguvernamentale, s\u0103 acopere o gam\u0103 foarte variat\u0103 de nevoi sociale. Sper\u0103m c\u0103 modelul de parteneriat pe care Timi\u015foara \u00eel ofer\u0103 va fi preluat \u00een c\u00e2t mai multe localit\u0103\u0163i din \u0163ar\u0103. \u00cen acest fel, resurse importante construite de-a lungul timpului de sectorul neguvernamental vor putea fi, \u00een continuare, puse \u00een slujba comunit\u0103\u0163ilor locale.<\/p>\n<p>\u00cen prima parte a materialului se prezint\u0103 no\u0163iuni generale privind furnizarea \u00een Rom\u00e2nia a serviciilor sociale, acredit\u0103rii furnizorilor de servicii sociale \u015fi actele normative \u00een domeniul parteneriatului public-privat.<\/p>\n<p>\u00cen a doua parte a materialului se prezint\u0103 modelul de la Timi\u015foara de parteneriat public-privat \u00eentre Prim\u0103ria Municipiului Timi\u015foara \u015fi diferite organiza\u0163ii neguvernamentale locale.<\/p>\n<p>Acest studiu a fost realizat de Fundatia \u201ePentru Voi\u201d cu sprijinul Prim\u0103riei Municipiului Timi\u015foara, a Direc\u0163iei de Asisten\u0163\u0103 Social\u0103 Comunitar\u0103 din subordinea Consiliului Local al Municipiului Timi\u015foara, care \u015fi-a dat acordul de a deveni exemplu de bun\u0103 practic\u0103 pentru proiectul desf\u0103\u015furat de CeRe \u00een parteneriat cu Funda\u0163ia \u201ePentru Voi\u201d Timi\u015foara \u015fi Asocia\u0163ia \u201eSprijini\u0163i Copiii\u201d Alba Iulia \u2013 \u201eParteneriat pentru comunitate\u201d.<\/p>\n<p>Studiul va fi distribuit organiza\u0163iilor neguvernamentale beneficiare ale proiectului, departamentelor de asisten\u0163\u0103 social\u0103 din cadrul prim\u0103riilor, consilierilor locali \u015fi consilierilor jude\u0163eni din localit\u0103\u0163ile din care provin organiza\u0163iile beneficiare ale proiectului, furnizoare de servicii sociale.<\/p>\n<p>Cei interesa\u0163i s\u0103 intre \u00een posesia acestui studiu pot contacta &#8211; Centrul de Resurse pentru Participare Public\u0103, str. Petru Maior nr. 9,\u00a0Bucure\u015fti, cod po\u015ftal 011261, Rom\u00e2nia,\u00a0 Web:\u00a0<a title=\"blocked::http:\/\/www.ce-re.ro\/ http:\/\/www.ce-re.ro\" href=\"http:\/\/www.ce-re.ro\/\">www.ce-re.ro<\/a>, e-mail:\u00a0<a title=\"blocked::mailto:cere@ce-re.ro mailto:cere@ce-re.ro\" href=\"mailto:cere@ce-re.ro\">cere@ce-re.ro<\/a>, telefon: + 4 031 1050 755, Fax: + 4 031 1050 756. Materialul se va distribui \u00een limita stocului disponibil.<\/p>\n<\/div>\n<p>[\/vc_column_text][\/vc_column][\/vc_row][vc_row][vc_column][vc_column_text]<\/p>\n<header class=\"article-header\">\n<h2 class=\"article-heading\">Autismul nu dispare la 18 ani!<\/h2>\n<\/header>\n<div class=\"article-body\">\n<p><strong>Autori:<\/strong>\u00a0Simona T\u0103m\u0103\u015fan &#8211; medic primar psihiatru Spitalul Clinic de Urgen\u0163\u0103 Timi\u015foara, conf. dr. psih. Violeta Stan, Anca David\u00a0&#8211; psiholog Fundatia &#8220;Pentru Voi&#8221;, Andreea Arhire &#8211; coordonator proiecte Fundatia &#8220;Pentru Voi&#8221;,\u00a0 Laila Onu &#8211; director executiv Fundatia &#8220;Pentru Voi&#8221;<\/p>\n<p><strong>Data public\u0103rii:<\/strong>\u00a0noiembrie 2009<\/p>\n<p><strong>Domeniu:<\/strong>\u00a0Servicii sociale destinate persoanelor cu dizabilitati intelectuale<\/p>\n<p><strong>Descriere publica\u0163ie:<\/strong>\u00a0\u00cen Rom\u00e2nia, situa\u0163ia persoanelor cu autism \u015fi a familliilor lor este dramatic\u0103, din cauza insuficien\u0163ei serviciilor specializate \u00een cazul copiilor cu autism \u015fi a lipsei serviciilor de suport specializate pentru adul\u0163ii cu autism. Autismul nu este considerat \u00eenc\u0103 \u00een Rom\u00e2nia ca o dizabilitate de dezvoltare care dureaz\u0103 \u00eentreaga via\u0163\u0103 \u015fi de aceea nu exist\u0103 politici publice de incluziune social\u0103 a adul\u0163ilor cu autism. Este \u015fi motivul pentru care Funda\u0163ia &#8220;Pentru Voi&#8221; a ini\u0163iat acest proiect, \u00eencerc\u00e2nd s\u0103 atragem aten\u0163ia asupra adul\u0163ilor cu autism, un grup complet neglijat de autorit\u0103\u0163i \u015fi invizibil din p\u0103cate \u00een societatea rom\u00e2neasc\u0103 actual\u0103.<\/p>\n<\/div>\n<p>[\/vc_column_text][\/vc_column][\/vc_row][vc_row][vc_column][vc_column_text]<\/p>\n<header class=\"article-header\">\n<h2 class=\"article-heading\">Banii europeni \u2013 oportunitate sau bariera in calea incluziunii sociale a persoanelor adulte cu dizabilitati mentale<\/h2>\n<\/header>\n<div class=\"article-body\">\n<p><strong>Autori:<\/strong>\u00a0Elena Iorga &#8211; director programe IPP, Mariela Neagu &#8211; expert IPP, Laila Onu &#8211; director executiv Fundatia &#8220;Pentru Voi&#8221;<\/p>\n<p><strong>Data public\u0103rii:<\/strong>\u00a0mai 2010<\/p>\n<p><strong>Domeniu:<\/strong>\u00a0Fonduri comunitare &#8211; resursa pentru finantarea serviciilor sociale destinate persoanelor cu dizabilitati intelectuale<\/p>\n<p><strong>Descriere publica\u0163ie:<\/strong>\u00a0Studiul Banii europeni &#8211; oportunitate sau barier\u0103 in calea incluziunii sociale a persoanelor cu dizabili\/\u0103\u0163l mentale din Rom\u0103nia reprezint\u0103 o diagnoz\u0103 a problemelor actuale in ceea ce prive\u015fte accesarea resurselor din fonduri comunitare pentru proiecte destinate acestui grup &#8211; \u0163int\u0103, dar \u015fi un instrument de lucru pentru autorit\u0103\u0163ile cu competen\u0163e in domeniu, realizat cu scopul de a orienta mai bine investi\u0163iile \u015fi priorit\u0103\u0163ile in domeniul serviciilor sociale.<\/p>\n<p>Studiul face parte dintr-un demers mai larg de cercetare a dou\u0103 organiza\u0163ii neguvernamentale din Rom\u00e2nia Institutul pentru Politici Publice (IPP) \u015fi Funda\u0163ia Pentru Voi, orientat c\u0103tre promovarea utiliz\u0103rii transparente \u015fi eficiente (in sensul sus\u0163inerii obiectivelor de incluziune social\u0103 a persoanelor cu dizabilit\u0103~ asumate de autorit\u0103\u0163ile rom\u00e2ne) a fondurilor structurale pentru incluziunea social\u0103 a persoanelor cu dizabilit\u0103\u0163i \u015fi este parte a unei ini\u0163iative regionale in acest sens, \u015fi in Ungaria fiind realizate cercet\u0103ri similare. Studiul are la baz\u0103 o ampl\u0103 documentare realizat\u0103 in perioada septembrie 2009 &#8211; martie 2010, care a vizat analiza situa\u0163iei absorb\u0163iei fondurilor structurale care au poten\u0163ial de a finan\u0163a proiecte ale c\u0103ror grup \u0163int\u0103 sunt persoanele cu dizabilit\u0103\u0163i, respectiv Fondul Social European (Programul Opera\u0163ional Sectorial de Dezvoltare a Resurselor Umane) \u015fi Fondul European de Dezvoltare Regional\u0103 (Programul Operational Regional). Au fost colectate informa\u0163ii de la Autorit\u0103\u0163ile de Management, privind toate proiectele finan\u0163ate din cele dou\u0103 programe opera\u0163ionale1 cu poten\u0163ial impact asupra persoanelor adulte cu dizabilit\u0103\u0163i mentale din Rom\u00e2nia.<\/p>\n<p>Pe baza informa\u0163iilor colectate, cele dou\u0103 organiza\u0163ii au putut constata o serie de probleme structurale care pot afecta pe viitor parcursul reformei serviciilor sociale destinate persoanelor adulte cu dizabilit\u0103\u0163i mentale din Rom\u00e2nia in situa\u0163ia in care autorit\u0103\u0163ile responsabile nu iau de urgen\u0163\u0103 m\u0103suri in acest sens.<\/p>\n<\/div>\n<p>[\/vc_column_text][\/vc_column][\/vc_row][vc_row][vc_column][vc_column_text]<\/p>\n<header class=\"article-header\">\n<h2 class=\"article-heading\">Monitorizarea accesului la educatie si angajare 2005<\/h2>\n<\/header>\n<div class=\"article-body\">\n<p>Acest raport face parte dintr-o serie de rapoarte preg\u00e3tite de Programul EU de Monitorizare si Advocacy al Institutului pentru o Societate Deschis\u00e3 si de Initiativa pentru S\u00e3n\u00e3tate Mintal\u00e3 si furnizeaz\u00e3 o contribu\u00feie important\u00e3 \u00een domeniul cercet\u00e3rii persoanelor cu dizabilit\u00e3ti intelectuale. Raportul prezint\u00e3 situatia persoanelor cu dizabilit\u00e3ti din Rom\u00e2nia \u00een ceea ce priveste accesul acestora la educa\u00feie\u00a0si angajare.<\/p>\n<\/div>\n<p>[\/vc_column_text][\/vc_column][\/vc_row][vc_row][vc_column][vc_column_text]<\/p>\n<header class=\"article-header\">\n<h2 class=\"article-heading\">Pledoarie pentru transparenta si responsabilitate in finantarea serviciilor destinate persoanelor cu dizaqbilitati mentale din romania<\/h2>\n<\/header>\n<div class=\"article-body\">\n<p><strong>Autori:<\/strong>\u00a0Elena Iorga &#8211; director programe IPP, Vioelta Alexandru &#8211; director IPP, Laila Onu &#8211; director executiv Fundatia &#8220;Pentru Voi&#8221;<\/p>\n<p><strong>Data public\u0103rii:<\/strong>\u00a0iunie 2009<\/p>\n<p><strong>Domeniu:<\/strong>\u00a0Fonduri comunitare &#8211; resursa pentru finantarea serviciilor sociale destinate persoanelor cu dizabilitati intelectuale<\/p>\n<p><strong>Descriere publica\u0163ie:\u00a0<\/strong>Este cunoscut faptul ca reforma serviciilor sociale in domeniul dizabilitatii mentale a constituit si constituie inca o piatra de incercare pentru autoritatile responsabile din Romania. Cu o istorie marcata ani intregi de un fenomen de ostracizare sociala, dizabilitatea mentala constituie o problema pe care nu multi se incumete sa o abordeze, datorita complexitatii sI provocarilor deosebite pe care aceasta Ie ridica din punct de vedere al armonizarii legislative, institutionale, dar mai cu seama din perspectiva integrarli sodale efective a persoanelor cu dizabilitati mentale.<\/p>\n<p>Pe acest fond, Institutul pentru Politici Publice (IPP) si Fundatia Pentru Vai au elaborat studiul de fata pornind de la a problema fundamentala, in opinia noastra, pentru modul in care este si va fi coordonata reforma in domeniu, cat anume este de transparenta, eficienta, dar si relavanta nevoilor din domeniu este finantarea serviciilor sociale in domeniul dizabilitatii mentale in Romania. Fara a avea pretentia exhaustivitatii sau a unui verdict transant, studiul de fata inventariaza principalele resurse de finantare disponibile in ultimii ani in domeniul de referinta, incerdind sa contribuie cu unele lamuriri relative la un sector pe care, la prima vedere, multi il considera sub-finantat. Realitatea este insa alta: in ultimii ani analiza de fata include informatii corespunzatoare perioadei 2005 pana in prezent), pentru sectorul dizabilitatii mentale au fost disponibilizate resurse financiare semnificative ca volum, provenind din surse variate: de la bugetul de stat &#8211; atat prin transferurile directe alocate sectorului asistentei sodaIe, prin Programe de Interes National, cat si prin sumele gestionate in acest domeniu din bugetele locale &#8211; dar mai ales din fonduri externe nerambursabile: programele de pre-aderare finantate din fonduri Phare, fonduri structurale sau imprumuturi externe contractate de Guvernul Romaniei in acest sens.<\/p>\n<\/div>\n<p>[\/vc_column_text][\/vc_column][\/vc_row]<\/p>\n","protected":false},"excerpt":{"rendered":"<p>[vc_row][vc_column][vc_column_text] Parteneriat pentru comunitate: Autori:\u00a0Funda\u0163ia \u201ePentru Voi\u201d Data public\u0103rii:\u00a0iunie 2010 Domeniu:\u00a0Servicii sociale destinate persoanelor cu dizabilitati intelectuale Descriere publica\u0163ie:\u00a0Studiul de fa\u0163\u0103 cuprinde informa\u0163ii generale despre modalitatea prin care sunt finan\u0163ate serviciile sociale \u00een Timi\u015foara, beneficiile administra\u0163iei publice \u00een urma parteneriatelor public-private, serviciile sociale oferite de organiza\u0163iile neguvernamentale \u015fi sus\u0163inute de autorit\u0103\u0163ile publice precum \u015fi mecanismele [&hellip;]<\/p>\n","protected":false},"author":1,"featured_media":0,"parent":0,"menu_order":0,"comment_status":"closed","ping_status":"closed","template":"","meta":{"_acf_changed":false,"ngg_post_thumbnail":0,"footnotes":""},"class_list":["post-1500","page","type-page","status-publish","hentry","entry"],"acf":[],"yoast_head":"<!-- This site is optimized with the Yoast SEO plugin v26.7 - https:\/\/yoast.com\/wordpress\/plugins\/seo\/ -->\n<title>PUBLICATII - Fundatia Pentru Voi<\/title>\n<meta name=\"robots\" content=\"index, follow, max-snippet:-1, max-image-preview:large, max-video-preview:-1\" \/>\n<link rel=\"canonical\" href=\"https:\/\/dev.cm.upt.ro\/pentruvoi\/en\/publicatii\/\" \/>\n<meta property=\"og:locale\" content=\"en_US\" \/>\n<meta property=\"og:type\" content=\"article\" \/>\n<meta property=\"og:title\" content=\"PUBLICATII - Fundatia Pentru Voi\" \/>\n<meta property=\"og:description\" content=\"[vc_row][vc_column][vc_column_text] Parteneriat pentru comunitate: Autori:\u00a0Funda\u0163ia \u201ePentru Voi\u201d Data public\u0103rii:\u00a0iunie 2010 Domeniu:\u00a0Servicii sociale destinate persoanelor cu dizabilitati intelectuale Descriere publica\u0163ie:\u00a0Studiul de fa\u0163\u0103 cuprinde informa\u0163ii generale despre modalitatea prin care sunt finan\u0163ate serviciile sociale \u00een Timi\u015foara, beneficiile administra\u0163iei publice \u00een urma parteneriatelor public-private, serviciile sociale oferite de organiza\u0163iile neguvernamentale \u015fi sus\u0163inute de autorit\u0103\u0163ile publice precum \u015fi mecanismele [&hellip;]\" \/>\n<meta property=\"og:url\" content=\"https:\/\/dev.cm.upt.ro\/pentruvoi\/en\/publicatii\/\" \/>\n<meta property=\"og:site_name\" content=\"Fundatia Pentru Voi\" \/>\n<meta property=\"article:publisher\" content=\"https:\/\/www.facebook.com\/FoundationPentruVoi\" \/>\n<meta property=\"article:modified_time\" content=\"2019-06-20T17:28:24+00:00\" \/>\n<meta name=\"twitter:card\" content=\"summary_large_image\" \/>\n<meta name=\"twitter:site\" content=\"@PentruVoi\" \/>\n<meta name=\"twitter:label1\" content=\"Est. reading time\" \/>\n\t<meta name=\"twitter:data1\" content=\"7 minutes\" \/>\n<script type=\"application\/ld+json\" class=\"yoast-schema-graph\">{\"@context\":\"https:\/\/schema.org\",\"@graph\":[{\"@type\":\"WebPage\",\"@id\":\"https:\/\/dev.cm.upt.ro\/pentruvoi\/en\/publicatii\/\",\"url\":\"https:\/\/dev.cm.upt.ro\/pentruvoi\/en\/publicatii\/\",\"name\":\"PUBLICATII - Fundatia Pentru Voi\",\"isPartOf\":{\"@id\":\"https:\/\/dev.cm.upt.ro\/pentruvoi\/#website\"},\"datePublished\":\"2019-06-20T17:21:38+00:00\",\"dateModified\":\"2019-06-20T17:28:24+00:00\",\"breadcrumb\":{\"@id\":\"https:\/\/dev.cm.upt.ro\/pentruvoi\/en\/publicatii\/#breadcrumb\"},\"inLanguage\":\"en-US\",\"potentialAction\":[{\"@type\":\"ReadAction\",\"target\":[\"https:\/\/dev.cm.upt.ro\/pentruvoi\/en\/publicatii\/\"]}]},{\"@type\":\"BreadcrumbList\",\"@id\":\"https:\/\/dev.cm.upt.ro\/pentruvoi\/en\/publicatii\/#breadcrumb\",\"itemListElement\":[{\"@type\":\"ListItem\",\"position\":1,\"name\":\"Prima pagin\u0103\",\"item\":\"https:\/\/dev.cm.upt.ro\/pentruvoi\/\"},{\"@type\":\"ListItem\",\"position\":2,\"name\":\"PUBLICATII\"}]},{\"@type\":\"WebSite\",\"@id\":\"https:\/\/dev.cm.upt.ro\/pentruvoi\/#website\",\"url\":\"https:\/\/dev.cm.upt.ro\/pentruvoi\/\",\"name\":\"Fundatia Pentru Voi\",\"description\":\"\",\"publisher\":{\"@id\":\"https:\/\/dev.cm.upt.ro\/pentruvoi\/#organization\"},\"potentialAction\":[{\"@type\":\"SearchAction\",\"target\":{\"@type\":\"EntryPoint\",\"urlTemplate\":\"https:\/\/dev.cm.upt.ro\/pentruvoi\/?s={search_term_string}\"},\"query-input\":{\"@type\":\"PropertyValueSpecification\",\"valueRequired\":true,\"valueName\":\"search_term_string\"}}],\"inLanguage\":\"en-US\"},{\"@type\":\"Organization\",\"@id\":\"https:\/\/dev.cm.upt.ro\/pentruvoi\/#organization\",\"name\":\"Fundatia Pentru Voi\",\"url\":\"https:\/\/dev.cm.upt.ro\/pentruvoi\/\",\"logo\":{\"@type\":\"ImageObject\",\"inLanguage\":\"en-US\",\"@id\":\"https:\/\/dev.cm.upt.ro\/pentruvoi\/#\/schema\/logo\/image\/\",\"url\":\"https:\/\/dev.cm.upt.ro\/pentruvoi\/wp-content\/uploads\/2020\/01\/logo_pentruvoi.png\",\"contentUrl\":\"https:\/\/dev.cm.upt.ro\/pentruvoi\/wp-content\/uploads\/2020\/01\/logo_pentruvoi.png\",\"width\":157,\"height\":80,\"caption\":\"Fundatia Pentru Voi\"},\"image\":{\"@id\":\"https:\/\/dev.cm.upt.ro\/pentruvoi\/#\/schema\/logo\/image\/\"},\"sameAs\":[\"https:\/\/www.facebook.com\/FoundationPentruVoi\",\"https:\/\/x.com\/PentruVoi\"]}]}<\/script>\n<!-- \/ Yoast SEO plugin. -->","yoast_head_json":{"title":"PUBLICATII - Fundatia Pentru Voi","robots":{"index":"index","follow":"follow","max-snippet":"max-snippet:-1","max-image-preview":"max-image-preview:large","max-video-preview":"max-video-preview:-1"},"canonical":"https:\/\/dev.cm.upt.ro\/pentruvoi\/en\/publicatii\/","og_locale":"en_US","og_type":"article","og_title":"PUBLICATII - Fundatia Pentru Voi","og_description":"[vc_row][vc_column][vc_column_text] Parteneriat pentru comunitate: Autori:\u00a0Funda\u0163ia \u201ePentru Voi\u201d Data public\u0103rii:\u00a0iunie 2010 Domeniu:\u00a0Servicii sociale destinate persoanelor cu dizabilitati intelectuale Descriere publica\u0163ie:\u00a0Studiul de fa\u0163\u0103 cuprinde informa\u0163ii generale despre modalitatea prin care sunt finan\u0163ate serviciile sociale \u00een Timi\u015foara, beneficiile administra\u0163iei publice \u00een urma parteneriatelor public-private, serviciile sociale oferite de organiza\u0163iile neguvernamentale \u015fi sus\u0163inute de autorit\u0103\u0163ile publice precum \u015fi mecanismele [&hellip;]","og_url":"https:\/\/dev.cm.upt.ro\/pentruvoi\/en\/publicatii\/","og_site_name":"Fundatia Pentru Voi","article_publisher":"https:\/\/www.facebook.com\/FoundationPentruVoi","article_modified_time":"2019-06-20T17:28:24+00:00","twitter_card":"summary_large_image","twitter_site":"@PentruVoi","twitter_misc":{"Est. reading time":"7 minutes"},"schema":{"@context":"https:\/\/schema.org","@graph":[{"@type":"WebPage","@id":"https:\/\/dev.cm.upt.ro\/pentruvoi\/en\/publicatii\/","url":"https:\/\/dev.cm.upt.ro\/pentruvoi\/en\/publicatii\/","name":"PUBLICATII - Fundatia Pentru Voi","isPartOf":{"@id":"https:\/\/dev.cm.upt.ro\/pentruvoi\/#website"},"datePublished":"2019-06-20T17:21:38+00:00","dateModified":"2019-06-20T17:28:24+00:00","breadcrumb":{"@id":"https:\/\/dev.cm.upt.ro\/pentruvoi\/en\/publicatii\/#breadcrumb"},"inLanguage":"en-US","potentialAction":[{"@type":"ReadAction","target":["https:\/\/dev.cm.upt.ro\/pentruvoi\/en\/publicatii\/"]}]},{"@type":"BreadcrumbList","@id":"https:\/\/dev.cm.upt.ro\/pentruvoi\/en\/publicatii\/#breadcrumb","itemListElement":[{"@type":"ListItem","position":1,"name":"Prima pagin\u0103","item":"https:\/\/dev.cm.upt.ro\/pentruvoi\/"},{"@type":"ListItem","position":2,"name":"PUBLICATII"}]},{"@type":"WebSite","@id":"https:\/\/dev.cm.upt.ro\/pentruvoi\/#website","url":"https:\/\/dev.cm.upt.ro\/pentruvoi\/","name":"Fundatia Pentru Voi","description":"","publisher":{"@id":"https:\/\/dev.cm.upt.ro\/pentruvoi\/#organization"},"potentialAction":[{"@type":"SearchAction","target":{"@type":"EntryPoint","urlTemplate":"https:\/\/dev.cm.upt.ro\/pentruvoi\/?s={search_term_string}"},"query-input":{"@type":"PropertyValueSpecification","valueRequired":true,"valueName":"search_term_string"}}],"inLanguage":"en-US"},{"@type":"Organization","@id":"https:\/\/dev.cm.upt.ro\/pentruvoi\/#organization","name":"Fundatia Pentru Voi","url":"https:\/\/dev.cm.upt.ro\/pentruvoi\/","logo":{"@type":"ImageObject","inLanguage":"en-US","@id":"https:\/\/dev.cm.upt.ro\/pentruvoi\/#\/schema\/logo\/image\/","url":"https:\/\/dev.cm.upt.ro\/pentruvoi\/wp-content\/uploads\/2020\/01\/logo_pentruvoi.png","contentUrl":"https:\/\/dev.cm.upt.ro\/pentruvoi\/wp-content\/uploads\/2020\/01\/logo_pentruvoi.png","width":157,"height":80,"caption":"Fundatia Pentru Voi"},"image":{"@id":"https:\/\/dev.cm.upt.ro\/pentruvoi\/#\/schema\/logo\/image\/"},"sameAs":["https:\/\/www.facebook.com\/FoundationPentruVoi","https:\/\/x.com\/PentruVoi"]}]}},"_links":{"self":[{"href":"https:\/\/dev.cm.upt.ro\/pentruvoi\/wp-json\/wp\/v2\/pages\/1500","targetHints":{"allow":["GET"]}}],"collection":[{"href":"https:\/\/dev.cm.upt.ro\/pentruvoi\/wp-json\/wp\/v2\/pages"}],"about":[{"href":"https:\/\/dev.cm.upt.ro\/pentruvoi\/wp-json\/wp\/v2\/types\/page"}],"author":[{"embeddable":true,"href":"https:\/\/dev.cm.upt.ro\/pentruvoi\/wp-json\/wp\/v2\/users\/1"}],"replies":[{"embeddable":true,"href":"https:\/\/dev.cm.upt.ro\/pentruvoi\/wp-json\/wp\/v2\/comments?post=1500"}],"version-history":[{"count":3,"href":"https:\/\/dev.cm.upt.ro\/pentruvoi\/wp-json\/wp\/v2\/pages\/1500\/revisions"}],"predecessor-version":[{"id":3530,"href":"https:\/\/dev.cm.upt.ro\/pentruvoi\/wp-json\/wp\/v2\/pages\/1500\/revisions\/3530"}],"wp:attachment":[{"href":"https:\/\/dev.cm.upt.ro\/pentruvoi\/wp-json\/wp\/v2\/media?parent=1500"}],"curies":[{"name":"wp","href":"https:\/\/api.w.org\/{rel}","templated":true}]}}