{"id":1769,"date":"2019-12-02T16:37:37","date_gmt":"2019-12-02T16:37:37","guid":{"rendered":"http:\/\/pentruvoi.ro\/?page_id=1769"},"modified":"2025-01-20T21:39:05","modified_gmt":"2025-01-20T19:39:05","slug":"persoane-fizice","status":"publish","type":"page","link":"https:\/\/dev.cm.upt.ro\/pentruvoi\/persoane-fizice\/","title":{"rendered":"PERSOANE FIZICE"},"content":{"rendered":"\n<h1 class=\"wp-block-heading has-text-align-left\">3,5 % de la TINE schimb\u0103 via\u0163a LOR \u00een bine!<\/h1>\n\n\n\n<h3 class=\"wp-block-heading\">Sprijin\u0103 200 de persoane cu dizabilit\u0103\u021bi intelectuale! Acceseaz\u0103 linkul si completeaz\u0103 formularul pentru a genera declara\u021bia 230 \u0219i a redirec\u021biona 3,5% din impozitul pe venit c\u0103tre noi!<\/h3>\n\n\n\n<div class=\"wp-block-buttons is-content-justification-center is-layout-flex wp-container-core-buttons-is-layout-16018d1d wp-block-buttons-is-layout-flex\">\n<div class=\"wp-block-button has-custom-width wp-block-button__width-50 has-custom-font-size is-style-fill has-normal-font-size\"><a class=\"wp-block-button__link has-background has-text-align-center wp-element-button\" href=\"https:\/\/redirectioneazaimpozit.ro\/fundatia-pentru-voi\" style=\"border-radius:0px;background-color:#4fe006\" target=\"_blank\" rel=\"noreferrer noopener\">FORMULAR 3,5%<\/a><\/div>\n<\/div>\n\n\n\n<br \/>\n\n\n\n<h2 class=\"wp-block-heading has-text-align-center\">\u00ce\u021bi mul\u021bumim!&#x1f64f;<\/h2>\n\n\n<div class=\"wp-block-image\">\n<figure class=\"aligncenter size-large is-resized\"><img decoding=\"async\" src=\"https:\/\/dev.cm.upt.ro\/pentruvoi\/wp-content\/uploads\/2025\/01\/ac261acc-3498-4fdb-b34d-c08c75210cfe-1.png\" alt=\"\" style=\"width:494px;height:auto\"\/><\/figure>\n<\/div>","protected":false},"excerpt":{"rendered":"<p>3,5 % de la TINE schimb\u0103 via\u0163a LOR \u00een bine! Sprijin\u0103 200 de persoane cu dizabilit\u0103\u021bi intelectuale! Acceseaz\u0103 linkul si completeaz\u0103 formularul pentru a genera declara\u021bia 230 \u0219i a redirec\u021biona 3,5% din impozitul pe venit c\u0103tre noi! \u00ce\u021bi mul\u021bumim!&#x1f64f;<\/p>\n","protected":false},"author":1,"featured_media":0,"parent":0,"menu_order":0,"comment_status":"closed","ping_status":"closed","template":"","meta":{"_acf_changed":false,"ngg_post_thumbnail":0,"footnotes":""},"class_list":["post-1769","page","type-page","status-publish","hentry","entry"],"acf":[],"yoast_head":"<!-- This site is optimized with the Yoast SEO plugin v26.7 - https:\/\/yoast.com\/wordpress\/plugins\/seo\/ -->\n<title>PERSOANE FIZICE - Fundatia Pentru Voi<\/title>\n<meta name=\"robots\" content=\"index, follow, max-snippet:-1, max-image-preview:large, max-video-preview:-1\" \/>\n<link rel=\"canonical\" href=\"https:\/\/dev.cm.upt.ro\/pentruvoi\/persoane-fizice\/\" \/>\n<meta property=\"og:locale\" content=\"en_US\" \/>\n<meta property=\"og:type\" content=\"article\" \/>\n<meta property=\"og:title\" content=\"PERSOANE FIZICE - Fundatia Pentru Voi\" \/>\n<meta property=\"og:description\" content=\"3,5 % de la TINE schimb\u0103 via\u0163a LOR \u00een bine! Sprijin\u0103 200 de persoane cu dizabilit\u0103\u021bi intelectuale! Acceseaz\u0103 linkul si completeaz\u0103 formularul pentru a genera declara\u021bia 230 \u0219i a redirec\u021biona 3,5% din impozitul pe venit c\u0103tre noi! \u00ce\u021bi mul\u021bumim!&#x1f64f;\" \/>\n<meta property=\"og:url\" content=\"https:\/\/dev.cm.upt.ro\/pentruvoi\/persoane-fizice\/\" \/>\n<meta property=\"og:site_name\" content=\"Fundatia Pentru Voi\" \/>\n<meta property=\"article:publisher\" content=\"https:\/\/www.facebook.com\/FoundationPentruVoi\" \/>\n<meta property=\"article:modified_time\" content=\"2025-01-20T19:39:05+00:00\" \/>\n<meta property=\"og:image\" content=\"https:\/\/dev.cm.upt.ro\/pentruvoi\/wp-content\/uploads\/2025\/01\/ac261acc-3498-4fdb-b34d-c08c75210cfe-1.png\" \/>\n<meta name=\"twitter:card\" content=\"summary_large_image\" \/>\n<meta name=\"twitter:site\" content=\"@PentruVoi\" \/>\n<meta name=\"twitter:label1\" content=\"Est. reading time\" \/>\n\t<meta name=\"twitter:data1\" content=\"1 minute\" \/>\n<script type=\"application\/ld+json\" class=\"yoast-schema-graph\">{\"@context\":\"https:\/\/schema.org\",\"@graph\":[{\"@type\":\"WebPage\",\"@id\":\"https:\/\/dev.cm.upt.ro\/pentruvoi\/persoane-fizice\/\",\"url\":\"https:\/\/dev.cm.upt.ro\/pentruvoi\/persoane-fizice\/\",\"name\":\"PERSOANE FIZICE - Fundatia Pentru Voi\",\"isPartOf\":{\"@id\":\"https:\/\/dev.cm.upt.ro\/pentruvoi\/#website\"},\"primaryImageOfPage\":{\"@id\":\"https:\/\/dev.cm.upt.ro\/pentruvoi\/persoane-fizice\/#primaryimage\"},\"image\":{\"@id\":\"https:\/\/dev.cm.upt.ro\/pentruvoi\/persoane-fizice\/#primaryimage\"},\"thumbnailUrl\":\"https:\/\/dev.cm.upt.ro\/pentruvoi\/wp-content\/uploads\/2025\/01\/ac261acc-3498-4fdb-b34d-c08c75210cfe-1.png\",\"datePublished\":\"2019-12-02T16:37:37+00:00\",\"dateModified\":\"2025-01-20T19:39:05+00:00\",\"breadcrumb\":{\"@id\":\"https:\/\/dev.cm.upt.ro\/pentruvoi\/persoane-fizice\/#breadcrumb\"},\"inLanguage\":\"en-US\",\"potentialAction\":[{\"@type\":\"ReadAction\",\"target\":[\"https:\/\/dev.cm.upt.ro\/pentruvoi\/persoane-fizice\/\"]}]},{\"@type\":\"ImageObject\",\"inLanguage\":\"en-US\",\"@id\":\"https:\/\/dev.cm.upt.ro\/pentruvoi\/persoane-fizice\/#primaryimage\",\"url\":\"https:\/\/dev.cm.upt.ro\/pentruvoi\/wp-content\/uploads\/2025\/01\/ac261acc-3498-4fdb-b34d-c08c75210cfe-1.png\",\"contentUrl\":\"https:\/\/dev.cm.upt.ro\/pentruvoi\/wp-content\/uploads\/2025\/01\/ac261acc-3498-4fdb-b34d-c08c75210cfe-1.png\",\"width\":1200,\"height\":1600},{\"@type\":\"BreadcrumbList\",\"@id\":\"https:\/\/dev.cm.upt.ro\/pentruvoi\/persoane-fizice\/#breadcrumb\",\"itemListElement\":[{\"@type\":\"ListItem\",\"position\":1,\"name\":\"Prima pagin\u0103\",\"item\":\"https:\/\/dev.cm.upt.ro\/pentruvoi\/\"},{\"@type\":\"ListItem\",\"position\":2,\"name\":\"PERSOANE FIZICE\"}]},{\"@type\":\"WebSite\",\"@id\":\"https:\/\/dev.cm.upt.ro\/pentruvoi\/#website\",\"url\":\"https:\/\/dev.cm.upt.ro\/pentruvoi\/\",\"name\":\"Fundatia Pentru Voi\",\"description\":\"\",\"publisher\":{\"@id\":\"https:\/\/dev.cm.upt.ro\/pentruvoi\/#organization\"},\"potentialAction\":[{\"@type\":\"SearchAction\",\"target\":{\"@type\":\"EntryPoint\",\"urlTemplate\":\"https:\/\/dev.cm.upt.ro\/pentruvoi\/?s={search_term_string}\"},\"query-input\":{\"@type\":\"PropertyValueSpecification\",\"valueRequired\":true,\"valueName\":\"search_term_string\"}}],\"inLanguage\":\"en-US\"},{\"@type\":\"Organization\",\"@id\":\"https:\/\/dev.cm.upt.ro\/pentruvoi\/#organization\",\"name\":\"Fundatia Pentru Voi\",\"url\":\"https:\/\/dev.cm.upt.ro\/pentruvoi\/\",\"logo\":{\"@type\":\"ImageObject\",\"inLanguage\":\"en-US\",\"@id\":\"https:\/\/dev.cm.upt.ro\/pentruvoi\/#\/schema\/logo\/image\/\",\"url\":\"https:\/\/dev.cm.upt.ro\/pentruvoi\/wp-content\/uploads\/2020\/01\/logo_pentruvoi.png\",\"contentUrl\":\"https:\/\/dev.cm.upt.ro\/pentruvoi\/wp-content\/uploads\/2020\/01\/logo_pentruvoi.png\",\"width\":157,\"height\":80,\"caption\":\"Fundatia Pentru Voi\"},\"image\":{\"@id\":\"https:\/\/dev.cm.upt.ro\/pentruvoi\/#\/schema\/logo\/image\/\"},\"sameAs\":[\"https:\/\/www.facebook.com\/FoundationPentruVoi\",\"https:\/\/x.com\/PentruVoi\"]}]}<\/script>\n<!-- \/ Yoast SEO plugin. -->","yoast_head_json":{"title":"PERSOANE FIZICE - Fundatia Pentru Voi","robots":{"index":"index","follow":"follow","max-snippet":"max-snippet:-1","max-image-preview":"max-image-preview:large","max-video-preview":"max-video-preview:-1"},"canonical":"https:\/\/dev.cm.upt.ro\/pentruvoi\/persoane-fizice\/","og_locale":"en_US","og_type":"article","og_title":"PERSOANE FIZICE - Fundatia Pentru Voi","og_description":"3,5 % de la TINE schimb\u0103 via\u0163a LOR \u00een bine! Sprijin\u0103 200 de persoane cu dizabilit\u0103\u021bi intelectuale! Acceseaz\u0103 linkul si completeaz\u0103 formularul pentru a genera declara\u021bia 230 \u0219i a redirec\u021biona 3,5% din impozitul pe venit c\u0103tre noi! \u00ce\u021bi mul\u021bumim!&#x1f64f;","og_url":"https:\/\/dev.cm.upt.ro\/pentruvoi\/persoane-fizice\/","og_site_name":"Fundatia Pentru Voi","article_publisher":"https:\/\/www.facebook.com\/FoundationPentruVoi","article_modified_time":"2025-01-20T19:39:05+00:00","og_image":[{"url":"https:\/\/dev.cm.upt.ro\/pentruvoi\/wp-content\/uploads\/2025\/01\/ac261acc-3498-4fdb-b34d-c08c75210cfe-1.png","type":"","width":"","height":""}],"twitter_card":"summary_large_image","twitter_site":"@PentruVoi","twitter_misc":{"Est. reading time":"1 minute"},"schema":{"@context":"https:\/\/schema.org","@graph":[{"@type":"WebPage","@id":"https:\/\/dev.cm.upt.ro\/pentruvoi\/persoane-fizice\/","url":"https:\/\/dev.cm.upt.ro\/pentruvoi\/persoane-fizice\/","name":"PERSOANE FIZICE - Fundatia Pentru Voi","isPartOf":{"@id":"https:\/\/dev.cm.upt.ro\/pentruvoi\/#website"},"primaryImageOfPage":{"@id":"https:\/\/dev.cm.upt.ro\/pentruvoi\/persoane-fizice\/#primaryimage"},"image":{"@id":"https:\/\/dev.cm.upt.ro\/pentruvoi\/persoane-fizice\/#primaryimage"},"thumbnailUrl":"https:\/\/dev.cm.upt.ro\/pentruvoi\/wp-content\/uploads\/2025\/01\/ac261acc-3498-4fdb-b34d-c08c75210cfe-1.png","datePublished":"2019-12-02T16:37:37+00:00","dateModified":"2025-01-20T19:39:05+00:00","breadcrumb":{"@id":"https:\/\/dev.cm.upt.ro\/pentruvoi\/persoane-fizice\/#breadcrumb"},"inLanguage":"en-US","potentialAction":[{"@type":"ReadAction","target":["https:\/\/dev.cm.upt.ro\/pentruvoi\/persoane-fizice\/"]}]},{"@type":"ImageObject","inLanguage":"en-US","@id":"https:\/\/dev.cm.upt.ro\/pentruvoi\/persoane-fizice\/#primaryimage","url":"https:\/\/dev.cm.upt.ro\/pentruvoi\/wp-content\/uploads\/2025\/01\/ac261acc-3498-4fdb-b34d-c08c75210cfe-1.png","contentUrl":"https:\/\/dev.cm.upt.ro\/pentruvoi\/wp-content\/uploads\/2025\/01\/ac261acc-3498-4fdb-b34d-c08c75210cfe-1.png","width":1200,"height":1600},{"@type":"BreadcrumbList","@id":"https:\/\/dev.cm.upt.ro\/pentruvoi\/persoane-fizice\/#breadcrumb","itemListElement":[{"@type":"ListItem","position":1,"name":"Prima pagin\u0103","item":"https:\/\/dev.cm.upt.ro\/pentruvoi\/"},{"@type":"ListItem","position":2,"name":"PERSOANE FIZICE"}]},{"@type":"WebSite","@id":"https:\/\/dev.cm.upt.ro\/pentruvoi\/#website","url":"https:\/\/dev.cm.upt.ro\/pentruvoi\/","name":"Fundatia Pentru Voi","description":"","publisher":{"@id":"https:\/\/dev.cm.upt.ro\/pentruvoi\/#organization"},"potentialAction":[{"@type":"SearchAction","target":{"@type":"EntryPoint","urlTemplate":"https:\/\/dev.cm.upt.ro\/pentruvoi\/?s={search_term_string}"},"query-input":{"@type":"PropertyValueSpecification","valueRequired":true,"valueName":"search_term_string"}}],"inLanguage":"en-US"},{"@type":"Organization","@id":"https:\/\/dev.cm.upt.ro\/pentruvoi\/#organization","name":"Fundatia Pentru Voi","url":"https:\/\/dev.cm.upt.ro\/pentruvoi\/","logo":{"@type":"ImageObject","inLanguage":"en-US","@id":"https:\/\/dev.cm.upt.ro\/pentruvoi\/#\/schema\/logo\/image\/","url":"https:\/\/dev.cm.upt.ro\/pentruvoi\/wp-content\/uploads\/2020\/01\/logo_pentruvoi.png","contentUrl":"https:\/\/dev.cm.upt.ro\/pentruvoi\/wp-content\/uploads\/2020\/01\/logo_pentruvoi.png","width":157,"height":80,"caption":"Fundatia Pentru Voi"},"image":{"@id":"https:\/\/dev.cm.upt.ro\/pentruvoi\/#\/schema\/logo\/image\/"},"sameAs":["https:\/\/www.facebook.com\/FoundationPentruVoi","https:\/\/x.com\/PentruVoi"]}]}},"_links":{"self":[{"href":"https:\/\/dev.cm.upt.ro\/pentruvoi\/wp-json\/wp\/v2\/pages\/1769","targetHints":{"allow":["GET"]}}],"collection":[{"href":"https:\/\/dev.cm.upt.ro\/pentruvoi\/wp-json\/wp\/v2\/pages"}],"about":[{"href":"https:\/\/dev.cm.upt.ro\/pentruvoi\/wp-json\/wp\/v2\/types\/page"}],"author":[{"embeddable":true,"href":"https:\/\/dev.cm.upt.ro\/pentruvoi\/wp-json\/wp\/v2\/users\/1"}],"replies":[{"embeddable":true,"href":"https:\/\/dev.cm.upt.ro\/pentruvoi\/wp-json\/wp\/v2\/comments?post=1769"}],"version-history":[{"count":46,"href":"https:\/\/dev.cm.upt.ro\/pentruvoi\/wp-json\/wp\/v2\/pages\/1769\/revisions"}],"predecessor-version":[{"id":5004,"href":"https:\/\/dev.cm.upt.ro\/pentruvoi\/wp-json\/wp\/v2\/pages\/1769\/revisions\/5004"}],"wp:attachment":[{"href":"https:\/\/dev.cm.upt.ro\/pentruvoi\/wp-json\/wp\/v2\/media?parent=1769"}],"curies":[{"name":"wp","href":"https:\/\/api.w.org\/{rel}","templated":true}]}}