{"id":1773,"date":"2019-12-02T16:44:57","date_gmt":"2019-12-02T16:44:57","guid":{"rendered":"http:\/\/pentruvoi.ro\/?page_id=1773"},"modified":"2025-06-03T08:42:33","modified_gmt":"2025-06-03T06:42:33","slug":"persoane-juridice","status":"publish","type":"page","link":"https:\/\/dev.cm.upt.ro\/pentruvoi\/persoane-juridice\/","title":{"rendered":"PERSOANE JURIDICE"},"content":{"rendered":"<article class=\"article\">\n<div class=\"article-body\">\n<p>&nbsp;<\/p>\n<p><strong>Funda\u021bia Pentru Voi este \u00eenscris\u0103 \u00een Registrul entit\u0103\u021bior\/unit\u0103\u021bilor de cult, \u00eencep\u00e2nd cu data de 11.04.2019.<\/strong><\/p>\n<p><strong>Implica-te!&nbsp; Alege sa AJUTI!<\/strong><\/p>\n<p><strong>De ce sa sprijini Fundatia Pentru Voi ?<\/strong><\/p>\n<ul>\n<li><strong>150<\/strong>&nbsp;persoane cu dizabilitati intelectuale frecventeaza zilnic cele&nbsp;<strong>3 centre de zi<\/strong>&nbsp;ale Fundatiei. Aici servesc micul dejun si pranzul, desfasoara activitati sub coordonarea pedagogilor, invata diferite abilitati, beneficiaza de sprijinul profesionist al psihologilor si asistentilor sociali, au prieteni cu care socializeaza. In acest timp, familiile lor, de multe ori monoparentale, au un pic de timp in care isi trag sufletul si-si pot face restul activitatilor zilnice.&nbsp; Programul centrelor incepe dimineata la ora 8.00, cand pleaca microbuzele si autobuzele si se termina la 16.30, cand se termina transportul la domiciliu.<\/li>\n<li><strong>26<\/strong>&nbsp;de persoane cu dizabilitati intelectuale locuiesc in cele&nbsp;<strong>6 locuinte protejate<\/strong> ale Fundatiei, unde beneficiaza de sprijin de specialitate in functie de nevoi. 15 dintre ei au supraveghere si sprijin permanent 24 ore din 24, pentru spalat, curatenie, gatit, calcat, igiena personala, cumparaturi, plimbari etc.<\/li>\n<li>Noi nu promitem minuni sau recuperari spectaculoase, dar oferim o viata demna, in comunitate, pentru&nbsp;<strong>200&nbsp;<\/strong>persoane cu dizabilitati care nu se pot descurca fara sprijin specializat<\/li>\n<li>De&nbsp;<strong>29 de <\/strong>ani suntem sprijinul pe care pot conta persoanele adulte &nbsp;cu dizabilitati intelectuale din Timisoara<\/li>\n<\/ul>\n<p><strong><u>C.I.F. RO8577099<\/u><\/strong><\/p>\n<p><strong>CONT RO08 INGB 0002 0011 3864 8910 deschis la ING BANK&nbsp;<\/strong><\/p>\n<p><strong><u>CONT :&nbsp;RO26 BTRL RONC RT02 4352 7001 BANCA TRANSILVANIA<\/u><\/strong><\/p>\n<p>La cerere, v\u0103 putem trimite un contract de sponsorizare.<\/p>\n<p>Noi v\u0103 &nbsp;st\u0103m la dispozi\u021bie pentru orice nel\u0103murire ave\u021bi!<\/p>\n<p>Persoane de contact: <strong>Andreea Constantin<\/strong> tel. 0723 308 360,<\/p>\n<p><strong>Gina Tarabuta<\/strong> tel. 0722 253 032, <strong>Mirela Pasca<\/strong> tel. 0730 060 675.<\/p>\n<p><strong>Mul\u021bumim&nbsp; pentru c\u0103 v\u0103 pas\u0103!<\/strong><\/p>\n<p>&nbsp;<\/p>\n<\/div>\n<\/article>\n<article class=\"module\">\n<header class=\"module-header\">\n<h2 class=\"module-heading\">Fi\u015fiere<\/h2>\n<\/header>\n<\/article>\n\n\n<div class=\"wp-block-buttons is-layout-flex wp-block-buttons-is-layout-flex\">\n<div class=\"wp-block-button button-sponsorizeaza-pj\"><a class=\"wp-block-button__link has-background wp-element-button\" href=\"https:\/\/dev.cm.upt.ro\/pentruvoi\/wp-content\/uploads\/2020\/12\/Contract-de-sponsorizare-PJ.doc\" style=\"background-color:#45ab16\" rel=\"\">Contract de Sponsorizare Persoane Juridice<\/a><\/div>\n\n\n\n<div class=\"wp-block-button button-sponsorizeaza-pj\"><a class=\"wp-block-button__link has-background wp-element-button\" href=\"https:\/\/dev.cm.upt.ro\/pentruvoi\/wp-content\/uploads\/2025\/06\/Contract-de-sponsorizare-_D177.doc\" style=\"background-color:#45ab16\">Contract de sponsorizare Declaratia 177<\/a><\/div>\n<\/div>\n\n\n\n<p><\/p>\n","protected":false},"excerpt":{"rendered":"<p>&nbsp; Funda\u021bia Pentru Voi este \u00eenscris\u0103 \u00een Registrul entit\u0103\u021bior\/unit\u0103\u021bilor de cult, \u00eencep\u00e2nd cu data de 11.04.2019. Implica-te!&nbsp; Alege sa AJUTI! De ce sa sprijini Fundatia Pentru Voi ? 150&nbsp;persoane cu dizabilitati intelectuale frecventeaza zilnic cele&nbsp;3 centre de zi&nbsp;ale Fundatiei. Aici servesc micul dejun si pranzul, desfasoara activitati sub coordonarea pedagogilor, invata diferite abilitati, beneficiaza de [&hellip;]<\/p>\n","protected":false},"author":1,"featured_media":0,"parent":0,"menu_order":0,"comment_status":"closed","ping_status":"closed","template":"","meta":{"_acf_changed":false,"ngg_post_thumbnail":0,"footnotes":""},"class_list":["post-1773","page","type-page","status-publish","hentry","entry"],"acf":[],"yoast_head":"<!-- This site is optimized with the Yoast SEO plugin v26.7 - https:\/\/yoast.com\/wordpress\/plugins\/seo\/ -->\n<title>PERSOANE JURIDICE - Fundatia Pentru Voi<\/title>\n<meta name=\"robots\" content=\"index, follow, max-snippet:-1, max-image-preview:large, max-video-preview:-1\" \/>\n<link rel=\"canonical\" href=\"https:\/\/dev.cm.upt.ro\/pentruvoi\/persoane-juridice\/\" \/>\n<meta property=\"og:locale\" content=\"en_US\" \/>\n<meta property=\"og:type\" content=\"article\" \/>\n<meta property=\"og:title\" content=\"PERSOANE JURIDICE - Fundatia Pentru Voi\" \/>\n<meta property=\"og:description\" content=\"&nbsp; Funda\u021bia Pentru Voi este \u00eenscris\u0103 \u00een Registrul entit\u0103\u021bior\/unit\u0103\u021bilor de cult, \u00eencep\u00e2nd cu data de 11.04.2019. Implica-te!&nbsp; Alege sa AJUTI! De ce sa sprijini Fundatia Pentru Voi ? 150&nbsp;persoane cu dizabilitati intelectuale frecventeaza zilnic cele&nbsp;3 centre de zi&nbsp;ale Fundatiei. Aici servesc micul dejun si pranzul, desfasoara activitati sub coordonarea pedagogilor, invata diferite abilitati, beneficiaza de [&hellip;]\" \/>\n<meta property=\"og:url\" content=\"https:\/\/dev.cm.upt.ro\/pentruvoi\/persoane-juridice\/\" \/>\n<meta property=\"og:site_name\" content=\"Fundatia Pentru Voi\" \/>\n<meta property=\"article:publisher\" content=\"https:\/\/www.facebook.com\/FoundationPentruVoi\" \/>\n<meta property=\"article:modified_time\" content=\"2025-06-03T06:42:33+00:00\" \/>\n<meta name=\"twitter:card\" content=\"summary_large_image\" \/>\n<meta name=\"twitter:site\" content=\"@PentruVoi\" \/>\n<meta name=\"twitter:label1\" content=\"Est. reading time\" \/>\n\t<meta name=\"twitter:data1\" content=\"1 minute\" \/>\n<script type=\"application\/ld+json\" class=\"yoast-schema-graph\">{\"@context\":\"https:\/\/schema.org\",\"@graph\":[{\"@type\":\"WebPage\",\"@id\":\"https:\/\/dev.cm.upt.ro\/pentruvoi\/persoane-juridice\/\",\"url\":\"https:\/\/dev.cm.upt.ro\/pentruvoi\/persoane-juridice\/\",\"name\":\"PERSOANE JURIDICE - Fundatia Pentru Voi\",\"isPartOf\":{\"@id\":\"https:\/\/dev.cm.upt.ro\/pentruvoi\/#website\"},\"datePublished\":\"2019-12-02T16:44:57+00:00\",\"dateModified\":\"2025-06-03T06:42:33+00:00\",\"breadcrumb\":{\"@id\":\"https:\/\/dev.cm.upt.ro\/pentruvoi\/persoane-juridice\/#breadcrumb\"},\"inLanguage\":\"en-US\",\"potentialAction\":[{\"@type\":\"ReadAction\",\"target\":[\"https:\/\/dev.cm.upt.ro\/pentruvoi\/persoane-juridice\/\"]}]},{\"@type\":\"BreadcrumbList\",\"@id\":\"https:\/\/dev.cm.upt.ro\/pentruvoi\/persoane-juridice\/#breadcrumb\",\"itemListElement\":[{\"@type\":\"ListItem\",\"position\":1,\"name\":\"Prima pagin\u0103\",\"item\":\"https:\/\/dev.cm.upt.ro\/pentruvoi\/\"},{\"@type\":\"ListItem\",\"position\":2,\"name\":\"PERSOANE JURIDICE\"}]},{\"@type\":\"WebSite\",\"@id\":\"https:\/\/dev.cm.upt.ro\/pentruvoi\/#website\",\"url\":\"https:\/\/dev.cm.upt.ro\/pentruvoi\/\",\"name\":\"Fundatia Pentru Voi\",\"description\":\"\",\"publisher\":{\"@id\":\"https:\/\/dev.cm.upt.ro\/pentruvoi\/#organization\"},\"potentialAction\":[{\"@type\":\"SearchAction\",\"target\":{\"@type\":\"EntryPoint\",\"urlTemplate\":\"https:\/\/dev.cm.upt.ro\/pentruvoi\/?s={search_term_string}\"},\"query-input\":{\"@type\":\"PropertyValueSpecification\",\"valueRequired\":true,\"valueName\":\"search_term_string\"}}],\"inLanguage\":\"en-US\"},{\"@type\":\"Organization\",\"@id\":\"https:\/\/dev.cm.upt.ro\/pentruvoi\/#organization\",\"name\":\"Fundatia Pentru Voi\",\"url\":\"https:\/\/dev.cm.upt.ro\/pentruvoi\/\",\"logo\":{\"@type\":\"ImageObject\",\"inLanguage\":\"en-US\",\"@id\":\"https:\/\/dev.cm.upt.ro\/pentruvoi\/#\/schema\/logo\/image\/\",\"url\":\"https:\/\/dev.cm.upt.ro\/pentruvoi\/wp-content\/uploads\/2020\/01\/logo_pentruvoi.png\",\"contentUrl\":\"https:\/\/dev.cm.upt.ro\/pentruvoi\/wp-content\/uploads\/2020\/01\/logo_pentruvoi.png\",\"width\":157,\"height\":80,\"caption\":\"Fundatia Pentru Voi\"},\"image\":{\"@id\":\"https:\/\/dev.cm.upt.ro\/pentruvoi\/#\/schema\/logo\/image\/\"},\"sameAs\":[\"https:\/\/www.facebook.com\/FoundationPentruVoi\",\"https:\/\/x.com\/PentruVoi\"]}]}<\/script>\n<!-- \/ Yoast SEO plugin. -->","yoast_head_json":{"title":"PERSOANE JURIDICE - Fundatia Pentru Voi","robots":{"index":"index","follow":"follow","max-snippet":"max-snippet:-1","max-image-preview":"max-image-preview:large","max-video-preview":"max-video-preview:-1"},"canonical":"https:\/\/dev.cm.upt.ro\/pentruvoi\/persoane-juridice\/","og_locale":"en_US","og_type":"article","og_title":"PERSOANE JURIDICE - Fundatia Pentru Voi","og_description":"&nbsp; Funda\u021bia Pentru Voi este \u00eenscris\u0103 \u00een Registrul entit\u0103\u021bior\/unit\u0103\u021bilor de cult, \u00eencep\u00e2nd cu data de 11.04.2019. Implica-te!&nbsp; Alege sa AJUTI! De ce sa sprijini Fundatia Pentru Voi ? 150&nbsp;persoane cu dizabilitati intelectuale frecventeaza zilnic cele&nbsp;3 centre de zi&nbsp;ale Fundatiei. Aici servesc micul dejun si pranzul, desfasoara activitati sub coordonarea pedagogilor, invata diferite abilitati, beneficiaza de [&hellip;]","og_url":"https:\/\/dev.cm.upt.ro\/pentruvoi\/persoane-juridice\/","og_site_name":"Fundatia Pentru Voi","article_publisher":"https:\/\/www.facebook.com\/FoundationPentruVoi","article_modified_time":"2025-06-03T06:42:33+00:00","twitter_card":"summary_large_image","twitter_site":"@PentruVoi","twitter_misc":{"Est. reading time":"1 minute"},"schema":{"@context":"https:\/\/schema.org","@graph":[{"@type":"WebPage","@id":"https:\/\/dev.cm.upt.ro\/pentruvoi\/persoane-juridice\/","url":"https:\/\/dev.cm.upt.ro\/pentruvoi\/persoane-juridice\/","name":"PERSOANE JURIDICE - Fundatia Pentru Voi","isPartOf":{"@id":"https:\/\/dev.cm.upt.ro\/pentruvoi\/#website"},"datePublished":"2019-12-02T16:44:57+00:00","dateModified":"2025-06-03T06:42:33+00:00","breadcrumb":{"@id":"https:\/\/dev.cm.upt.ro\/pentruvoi\/persoane-juridice\/#breadcrumb"},"inLanguage":"en-US","potentialAction":[{"@type":"ReadAction","target":["https:\/\/dev.cm.upt.ro\/pentruvoi\/persoane-juridice\/"]}]},{"@type":"BreadcrumbList","@id":"https:\/\/dev.cm.upt.ro\/pentruvoi\/persoane-juridice\/#breadcrumb","itemListElement":[{"@type":"ListItem","position":1,"name":"Prima pagin\u0103","item":"https:\/\/dev.cm.upt.ro\/pentruvoi\/"},{"@type":"ListItem","position":2,"name":"PERSOANE JURIDICE"}]},{"@type":"WebSite","@id":"https:\/\/dev.cm.upt.ro\/pentruvoi\/#website","url":"https:\/\/dev.cm.upt.ro\/pentruvoi\/","name":"Fundatia Pentru Voi","description":"","publisher":{"@id":"https:\/\/dev.cm.upt.ro\/pentruvoi\/#organization"},"potentialAction":[{"@type":"SearchAction","target":{"@type":"EntryPoint","urlTemplate":"https:\/\/dev.cm.upt.ro\/pentruvoi\/?s={search_term_string}"},"query-input":{"@type":"PropertyValueSpecification","valueRequired":true,"valueName":"search_term_string"}}],"inLanguage":"en-US"},{"@type":"Organization","@id":"https:\/\/dev.cm.upt.ro\/pentruvoi\/#organization","name":"Fundatia Pentru Voi","url":"https:\/\/dev.cm.upt.ro\/pentruvoi\/","logo":{"@type":"ImageObject","inLanguage":"en-US","@id":"https:\/\/dev.cm.upt.ro\/pentruvoi\/#\/schema\/logo\/image\/","url":"https:\/\/dev.cm.upt.ro\/pentruvoi\/wp-content\/uploads\/2020\/01\/logo_pentruvoi.png","contentUrl":"https:\/\/dev.cm.upt.ro\/pentruvoi\/wp-content\/uploads\/2020\/01\/logo_pentruvoi.png","width":157,"height":80,"caption":"Fundatia Pentru Voi"},"image":{"@id":"https:\/\/dev.cm.upt.ro\/pentruvoi\/#\/schema\/logo\/image\/"},"sameAs":["https:\/\/www.facebook.com\/FoundationPentruVoi","https:\/\/x.com\/PentruVoi"]}]}},"_links":{"self":[{"href":"https:\/\/dev.cm.upt.ro\/pentruvoi\/wp-json\/wp\/v2\/pages\/1773","targetHints":{"allow":["GET"]}}],"collection":[{"href":"https:\/\/dev.cm.upt.ro\/pentruvoi\/wp-json\/wp\/v2\/pages"}],"about":[{"href":"https:\/\/dev.cm.upt.ro\/pentruvoi\/wp-json\/wp\/v2\/types\/page"}],"author":[{"embeddable":true,"href":"https:\/\/dev.cm.upt.ro\/pentruvoi\/wp-json\/wp\/v2\/users\/1"}],"replies":[{"embeddable":true,"href":"https:\/\/dev.cm.upt.ro\/pentruvoi\/wp-json\/wp\/v2\/comments?post=1773"}],"version-history":[{"count":12,"href":"https:\/\/dev.cm.upt.ro\/pentruvoi\/wp-json\/wp\/v2\/pages\/1773\/revisions"}],"predecessor-version":[{"id":5137,"href":"https:\/\/dev.cm.upt.ro\/pentruvoi\/wp-json\/wp\/v2\/pages\/1773\/revisions\/5137"}],"wp:attachment":[{"href":"https:\/\/dev.cm.upt.ro\/pentruvoi\/wp-json\/wp\/v2\/media?parent=1773"}],"curies":[{"name":"wp","href":"https:\/\/api.w.org\/{rel}","templated":true}]}}